{"id":37254,"date":"2025-02-20T23:37:21","date_gmt":"2025-02-20T22:37:21","guid":{"rendered":"https:\/\/olemosaic.orbitalia.org\/producto\/4-bols-de-coco-de-13-x-6-cm-isla-mallorca-4\/"},"modified":"2025-07-25T19:15:16","modified_gmt":"2025-07-25T17:15:16","slug":"4-tacas-de-coco-de-13-x-6-cm-ilha-maiorca-4","status":"publish","type":"product","link":"https:\/\/olemosaic.orbitalia.org\/pt-pt\/produto\/4-tacas-de-coco-de-13-x-6-cm-ilha-maiorca-4\/","title":{"rendered":"4 Ta\u00e7as de coco de 13 x 6 cm. Azul, vermelho, laranja e rosa. Ilha. Maiorca."},"content":{"rendered":"<p>Este conjunto de quatro ta\u00e7as de coco \u00e9 uma maravilhosa representa\u00e7\u00e3o da beleza de Maiorca, ideal para quem procura uma recorda\u00e7\u00e3o aut\u00eantica da ilha balear. Cada ta\u00e7a, com dimens\u00f5es de 13 x 6 cm, destaca-se pelas suas cores vibrantes: azul, vermelho, laranja e rosa, que evocam os tons da paisagem maiorquina e do seu mar cristalino. A silhueta da ilha est\u00e1 elegantemente gravada no centro de cada pe\u00e7a, acompanhada por uma borda texturizada que acrescenta um toque artesanal e \u00fanico. Elaboradas em coco, estas ta\u00e7as n\u00e3o s\u00e3o apenas leves, mas tamb\u00e9m notavelmente resistentes, perfeitas para servir aperitivos ou como elemento decorativo em qualquer lar.<\/p>\n<p>A liga\u00e7\u00e3o cultural destas ta\u00e7as com Maiorca \u00e9 ineg\u00e1vel, uma vez que captam a ess\u00eancia da vida insular e a sua rica tradi\u00e7\u00e3o artesanal. Atrav\u00e9s deste souvenir, os turistas podem levar um peda\u00e7o da cultura maiorquina, sendo uma excelente op\u00e7\u00e3o para as lojas de presentes tur\u00edsticos que procuram oferecer produtos aut\u00eanticos e emblem\u00e1ticos. Na Ol\u00e9 Mosaic, como distribuidores de souvenirs, este conjunto de ta\u00e7as de coco \u00e9 um excelente exemplo de como a tradi\u00e7\u00e3o e a arte se entrela\u00e7am numa recorda\u00e7\u00e3o inesquec\u00edvel. Perfeito para quem deseja levar para casa um peda\u00e7o da beleza mediterr\u00e2nica.<\/p>\n","protected":false},"excerpt":{"rendered":"<p>Ta\u00e7as de coco de 13 x 6 cm, inspiradas na beleza de Maiorca. Este conjunto colorido inclui quatro ta\u00e7as elaboradas com coco, cada uma decorada com um design muito especial que representa a ilha. As cores vibrantes azul, vermelho, laranja e rosa real\u00e7am a silhueta de Maiorca no centro, complementadas por uma borda texturizada que acrescenta um toque artesanal. Ideais para servir aperitivos ou como elemento decorativo no seu lar.<\/p>\n","protected":false},"featured_media":13909,"template":"","meta":{"_acf_changed":false},"product_brand":[],"product_cat":[513],"product_tag":[],"class_list":{"0":"post-37254","1":"product","2":"type-product","3":"status-publish","4":"has-post-thumbnail","6":"product_cat-bols","7":"pa_ciudad-mallorca","8":"pa_motivo-ilhas","9":"pa_pais-espana","11":"first","12":"instock","13":"shipping-taxable","14":"product-type-simple"},"acf":[],"_links":{"self":[{"href":"https:\/\/olemosaic.orbitalia.org\/pt-pt\/wp-json\/wp\/v2\/product\/37254","targetHints":{"allow":["GET"]}}],"collection":[{"href":"https:\/\/olemosaic.orbitalia.org\/pt-pt\/wp-json\/wp\/v2\/product"}],"about":[{"href":"https:\/\/olemosaic.orbitalia.org\/pt-pt\/wp-json\/wp\/v2\/types\/product"}],"wp:featuredmedia":[{"embeddable":true,"href":"https:\/\/olemosaic.orbitalia.org\/pt-pt\/wp-json\/wp\/v2\/media\/13909"}],"wp:attachment":[{"href":"https:\/\/olemosaic.orbitalia.org\/pt-pt\/wp-json\/wp\/v2\/media?parent=37254"}],"wp:term":[{"taxonomy":"product_brand","embeddable":true,"href":"https:\/\/olemosaic.orbitalia.org\/pt-pt\/wp-json\/wp\/v2\/product_brand?post=37254"},{"taxonomy":"product_cat","embeddable":true,"href":"https:\/\/olemosaic.orbitalia.org\/pt-pt\/wp-json\/wp\/v2\/product_cat?post=37254"},{"taxonomy":"product_tag","embeddable":true,"href":"https:\/\/olemosaic.orbitalia.org\/pt-pt\/wp-json\/wp\/v2\/product_tag?post=37254"}],"curies":[{"name":"wp","href":"https:\/\/api.w.org\/{rel}","templated":true}]}}