{"id":37252,"date":"2025-02-20T23:37:21","date_gmt":"2025-02-20T22:37:21","guid":{"rendered":"https:\/\/olemosaic.orbitalia.org\/producto\/4-bols-de-coco-de-13-x-6-cm-mano-3\/"},"modified":"2025-07-25T18:44:39","modified_gmt":"2025-07-25T16:44:39","slug":"4-tacas-de-coco-de-13-x-6-cm-mao-de-fatima-3","status":"publish","type":"product","link":"https:\/\/olemosaic.orbitalia.org\/pt-pt\/produto\/4-tacas-de-coco-de-13-x-6-cm-mao-de-fatima-3\/","title":{"rendered":"4 Ta\u00e7as de coco de 13 x 6 cm. M\u00e3o de F\u00e1tima. Hamsa."},"content":{"rendered":"<p>Descubra o nosso conjunto de quatro ta\u00e7as de coco, elaboradas \u00e0 m\u00e3o e de 13 x 6 cm, que conferem um toque vibrante e artesanal a qualquer ambiente. Cada ta\u00e7a destaca-se pelas suas cores apelativas: azul, vermelho, amarelo e f\u00facsia, todas decoradas com o emblem\u00e1tico s\u00edmbolo da &#8220;m\u00e3o de F\u00e1tima&#8221;, que simboliza prote\u00e7\u00e3o e boa fortuna. Os detalhes brilhantes e os padr\u00f5es \u00fanicos de cada ta\u00e7a fundem-se para criar pe\u00e7as atraentes, perfeitas para servir aperitivos ou como elementos decorativos no lar, real\u00e7ando a sua est\u00e9tica com um toque art\u00edstico.<\/p>\n<p>A &#8220;m\u00e3o de F\u00e1tima&#8221; \u00e9 uma representa\u00e7\u00e3o cultural profundamente enraizada em diversas tradi\u00e7\u00f5es mediterr\u00e2nicas, especialmente apreciada na decora\u00e7\u00e3o popular, o que torna estas ta\u00e7as um souvenir aut\u00eantico e relevante. Estes produtos refletem a rica tradi\u00e7\u00e3o artesanal que caracteriza a regi\u00e3o, sendo ideais para turistas que procuram recorda\u00e7\u00f5es t\u00edpicas e significativas da sua visita. Na Ol\u00e9 Mosaic, como distribuidores de artigos por grosso, garantimos que cada conjunto de ta\u00e7as de coco se destaca n\u00e3o s\u00f3 pela sua qualidade, mas tamb\u00e9m pelo seu valor cultural e pelo seu apelo est\u00e9tico, tornando-as uma excelente op\u00e7\u00e3o para lojas de presentes tur\u00edsticos que desejam oferecer produtos aut\u00eanticos e vibrantes.<\/p>\n","protected":false},"excerpt":{"rendered":"<p>Ta\u00e7as de coco de 13 x 6 cm, feitas \u00e0 m\u00e3o, perfeitas para dar um toque vibrante a qualquer espa\u00e7o. Cada ta\u00e7a apresenta uma cor distinta: azul, vermelho, amarelo e f\u00facsia, decoradas com simp\u00e1ticos motivos da &#8220;m\u00e3o de F\u00e1tima&#8221;, que simbolizam a prote\u00e7\u00e3o. Com detalhes brilhantes e um design atraente, estas ta\u00e7as s\u00e3o ideais para servir aperitivos ou como elementos decorativos no lar, refletindo a rica tradi\u00e7\u00e3o artesanal.<\/p>\n","protected":false},"featured_media":13907,"template":"","meta":{"_acf_changed":false},"product_brand":[],"product_cat":[513],"product_tag":[],"class_list":{"0":"post-37252","1":"product","2":"type-product","3":"status-publish","4":"has-post-thumbnail","6":"product_cat-bols","7":"pa_motivo-maos","9":"first","10":"instock","11":"shipping-taxable","12":"product-type-simple"},"acf":[],"_links":{"self":[{"href":"https:\/\/olemosaic.orbitalia.org\/pt-pt\/wp-json\/wp\/v2\/product\/37252","targetHints":{"allow":["GET"]}}],"collection":[{"href":"https:\/\/olemosaic.orbitalia.org\/pt-pt\/wp-json\/wp\/v2\/product"}],"about":[{"href":"https:\/\/olemosaic.orbitalia.org\/pt-pt\/wp-json\/wp\/v2\/types\/product"}],"wp:featuredmedia":[{"embeddable":true,"href":"https:\/\/olemosaic.orbitalia.org\/pt-pt\/wp-json\/wp\/v2\/media\/13907"}],"wp:attachment":[{"href":"https:\/\/olemosaic.orbitalia.org\/pt-pt\/wp-json\/wp\/v2\/media?parent=37252"}],"wp:term":[{"taxonomy":"product_brand","embeddable":true,"href":"https:\/\/olemosaic.orbitalia.org\/pt-pt\/wp-json\/wp\/v2\/product_brand?post=37252"},{"taxonomy":"product_cat","embeddable":true,"href":"https:\/\/olemosaic.orbitalia.org\/pt-pt\/wp-json\/wp\/v2\/product_cat?post=37252"},{"taxonomy":"product_tag","embeddable":true,"href":"https:\/\/olemosaic.orbitalia.org\/pt-pt\/wp-json\/wp\/v2\/product_tag?post=37252"}],"curies":[{"name":"wp","href":"https:\/\/api.w.org\/{rel}","templated":true}]}}