{"id":37249,"date":"2025-02-20T23:37:20","date_gmt":"2025-02-20T22:37:20","guid":{"rendered":"https:\/\/olemosaic.orbitalia.org\/producto\/4-bols-de-coco-de-13-x-6-cm-flor-salamandra\/"},"modified":"2025-07-25T20:25:03","modified_gmt":"2025-07-25T18:25:03","slug":"4-tacas-de-coco-de-13-x-6-cm-flor-salamandra","status":"publish","type":"product","link":"https:\/\/olemosaic.orbitalia.org\/pt-pt\/produto\/4-tacas-de-coco-de-13-x-6-cm-flor-salamandra\/","title":{"rendered":"4 Ta\u00e7as de coco de 13 x 6 cm. Flor + salamandra."},"content":{"rendered":"<p>Apresentamos o nosso exclusivo conjunto de 4 ta\u00e7as de coco, cada uma com 13 x 6 cm, que evocam a vibrante cultura andaluza. Estas ta\u00e7as est\u00e3o decoradas com um encantador design de mosaico, onde fragmentos em tons de rosa, azul e dourado se entrela\u00e7am para criar uma obra de arte que alegra qualquer mesa. No interior de cada ta\u00e7a, destaca-se uma delicada ilustra\u00e7\u00e3o de uma salamandra e um padr\u00e3o floral, tudo pintado \u00e0 m\u00e3o, o que real\u00e7a o artesanato e a autenticidade de cada pe\u00e7a.<\/p>\n<p>O uso de materiais naturais como o coco n\u00e3o s\u00f3 torna estas ta\u00e7as ecol\u00f3gicas, como tamb\u00e9m confere uma rusticidade encantadora que liga os utilizadores \u00e0s tradi\u00e7\u00f5es do sul de Espanha. Ideais para servir aperitivos, estas ta\u00e7as tamb\u00e9m podem ser utilizadas como elementos decorativos, dando um toque cultural a qualquer casa. Cada vez que algu\u00e9m saborear um aperitivo servido nestas ta\u00e7as originais, sentir\u00e1 a ess\u00eancia vibrante da Andaluzia.<\/p>\n<p>Na Ol\u00e9 Mosaic, orgulhamo-nos de ser l\u00edderes na distribui\u00e7\u00e3o de recorda\u00e7\u00f5es por grosso, e este conjunto de ta\u00e7as de coco \u00e9 uma excelente op\u00e7\u00e3o para lojas que procuram artigos aut\u00eanticos e representativos da rica heran\u00e7a espanhola. Perfeitas como recorda\u00e7\u00f5es da Andaluzia, estas ta\u00e7as n\u00e3o s\u00e3o apenas pr\u00e1ticas, mas contam uma hist\u00f3ria de tradi\u00e7\u00e3o e cor, tornando-as um presente memor\u00e1vel para qualquer turista.<\/p>\n","protected":false},"excerpt":{"rendered":"<p>Ta\u00e7as de coco de 13 x 6 cm, decoradas com um design vibrante de mosaico. Cada uma apresenta uma combina\u00e7\u00e3o colorida de fragmentos em tons de rosa, azul e dourado, juntamente com um delicado motivo floral e uma salamandra de design artesanal, pintada \u00e0 m\u00e3o, no interior. Estas ta\u00e7as originais s\u00e3o ideais para servir aperitivos ou como elementos decorativos, evocando o estilo art\u00edstico e colorido da Andaluzia. Perfeitas para acrescentar um toque cultural \u00e0 sua casa.<\/p>\n","protected":false},"featured_media":13904,"template":"","meta":{"_acf_changed":false},"product_brand":[],"product_cat":[513],"product_tag":[516],"class_list":{"0":"post-37249","1":"product","2":"type-product","3":"status-publish","4":"has-post-thumbnail","6":"product_cat-bols","7":"product_tag-animais","8":"pa_motivo-flores","10":"first","11":"instock","12":"shipping-taxable","13":"product-type-simple"},"acf":[],"_links":{"self":[{"href":"https:\/\/olemosaic.orbitalia.org\/pt-pt\/wp-json\/wp\/v2\/product\/37249","targetHints":{"allow":["GET"]}}],"collection":[{"href":"https:\/\/olemosaic.orbitalia.org\/pt-pt\/wp-json\/wp\/v2\/product"}],"about":[{"href":"https:\/\/olemosaic.orbitalia.org\/pt-pt\/wp-json\/wp\/v2\/types\/product"}],"wp:featuredmedia":[{"embeddable":true,"href":"https:\/\/olemosaic.orbitalia.org\/pt-pt\/wp-json\/wp\/v2\/media\/13904"}],"wp:attachment":[{"href":"https:\/\/olemosaic.orbitalia.org\/pt-pt\/wp-json\/wp\/v2\/media?parent=37249"}],"wp:term":[{"taxonomy":"product_brand","embeddable":true,"href":"https:\/\/olemosaic.orbitalia.org\/pt-pt\/wp-json\/wp\/v2\/product_brand?post=37249"},{"taxonomy":"product_cat","embeddable":true,"href":"https:\/\/olemosaic.orbitalia.org\/pt-pt\/wp-json\/wp\/v2\/product_cat?post=37249"},{"taxonomy":"product_tag","embeddable":true,"href":"https:\/\/olemosaic.orbitalia.org\/pt-pt\/wp-json\/wp\/v2\/product_tag?post=37249"}],"curies":[{"name":"wp","href":"https:\/\/api.w.org\/{rel}","templated":true}]}}