{"id":37248,"date":"2025-02-20T23:37:20","date_gmt":"2025-02-20T22:37:20","guid":{"rendered":"https:\/\/olemosaic.orbitalia.org\/producto\/4-bols-de-coco-de-13-x-6-cm-toro\/"},"modified":"2025-07-25T20:32:40","modified_gmt":"2025-07-25T18:32:40","slug":"4-tacas-de-coco-de-13-x-6-cm-touro","status":"publish","type":"product","link":"https:\/\/olemosaic.orbitalia.org\/pt-pt\/produto\/4-tacas-de-coco-de-13-x-6-cm-touro\/","title":{"rendered":"4 Ta\u00e7as de coco de 13 x 6 cm. Touro."},"content":{"rendered":"<p>Apresentamos as nossas exclusivas ta\u00e7as de coco decoradas com um ic\u00f3nico touro, uma representa\u00e7\u00e3o aut\u00eantica da rica cultura espanhola. Cada conjunto inclui quatro ta\u00e7as, de 13 x 6 cm, que se destacam pelas suas cores vibrantes: azul, vermelho, laranja e rosa, cada uma com um design de mosaico distintivo. A t\u00e9cnica de pintura \u00e0 m\u00e3o real\u00e7a a bela silhueta do touro em cor branca, capturando a ess\u00eancia do folclore espanhol e acrescentando um toque aut\u00eantico a qualquer mesa.<\/p>\n<p>Estas ta\u00e7as s\u00e3o vers\u00e1teis, perfeitas para servir aperitivos ou como pe\u00e7as decorativas em eventos e celebra\u00e7\u00f5es. O touro, elemento emblem\u00e1tico da tradi\u00e7\u00e3o taurina de Espanha, n\u00e3o s\u00f3 confere valor est\u00e9tico, como tamb\u00e9m um significado cultural profundo, recordando a hist\u00f3ria e a paix\u00e3o das festividades espanholas. Ao incorpor\u00e1-las na sua loja, oferece aos turistas uma recorda\u00e7\u00e3o memor\u00e1vel que encapsula a ess\u00eancia de Espanha e a sua rica heran\u00e7a cultural.<\/p>\n<p>Na Ol\u00e9 Mosaic, como distribuidor de recorda\u00e7\u00f5es por grosso, garantimos que estas ta\u00e7as de coco s\u00e3o uma escolha ideal para lojas de presentes tur\u00edsticos que procuram autenticar o esp\u00edrito de Espanha em cada produto. As recorda\u00e7\u00f5es destas ta\u00e7as n\u00e3o s\u00e3o apenas belas, mas s\u00e3o tamb\u00e9m uma celebra\u00e7\u00e3o de uma tradi\u00e7\u00e3o que perdura no tempo.<\/p>\n","protected":false},"excerpt":{"rendered":"<p>Ta\u00e7as de coco de 13 x 6 cm, decoradas com um ic\u00f3nico touro que evoca a cultura espanhola. Cada ta\u00e7a apresenta cores vibrantes como azul, vermelho, laranja e rosa, todas com um design de mosaico distintivo. A t\u00e9cnica de design artesanal, pintada \u00e0 m\u00e3o, real\u00e7a a silhueta do touro em branco, acrescentando um toque folcl\u00f3rico a cada pe\u00e7a. Perfeitas para servir aperitivos ou como elemento decorativo, s\u00e3o uma homenagem \u00e0 tradi\u00e7\u00e3o taurina de Espanha.<\/p>\n","protected":false},"featured_media":13903,"template":"","meta":{"_acf_changed":false},"product_brand":[],"product_cat":[513],"product_tag":[516],"class_list":{"0":"post-37248","1":"product","2":"type-product","3":"status-publish","4":"has-post-thumbnail","6":"product_cat-bols","7":"product_tag-animais","8":"pa_motivo-touros","10":"first","11":"instock","12":"shipping-taxable","13":"product-type-simple"},"acf":[],"_links":{"self":[{"href":"https:\/\/olemosaic.orbitalia.org\/pt-pt\/wp-json\/wp\/v2\/product\/37248","targetHints":{"allow":["GET"]}}],"collection":[{"href":"https:\/\/olemosaic.orbitalia.org\/pt-pt\/wp-json\/wp\/v2\/product"}],"about":[{"href":"https:\/\/olemosaic.orbitalia.org\/pt-pt\/wp-json\/wp\/v2\/types\/product"}],"wp:featuredmedia":[{"embeddable":true,"href":"https:\/\/olemosaic.orbitalia.org\/pt-pt\/wp-json\/wp\/v2\/media\/13903"}],"wp:attachment":[{"href":"https:\/\/olemosaic.orbitalia.org\/pt-pt\/wp-json\/wp\/v2\/media?parent=37248"}],"wp:term":[{"taxonomy":"product_brand","embeddable":true,"href":"https:\/\/olemosaic.orbitalia.org\/pt-pt\/wp-json\/wp\/v2\/product_brand?post=37248"},{"taxonomy":"product_cat","embeddable":true,"href":"https:\/\/olemosaic.orbitalia.org\/pt-pt\/wp-json\/wp\/v2\/product_cat?post=37248"},{"taxonomy":"product_tag","embeddable":true,"href":"https:\/\/olemosaic.orbitalia.org\/pt-pt\/wp-json\/wp\/v2\/product_tag?post=37248"}],"curies":[{"name":"wp","href":"https:\/\/api.w.org\/{rel}","templated":true}]}}