{"id":37244,"date":"2025-02-20T23:37:19","date_gmt":"2025-02-20T22:37:19","guid":{"rendered":"https:\/\/olemosaic.orbitalia.org\/producto\/4-bols-de-coco-de-13-x-6-cm-sardina-lisboa-9\/"},"modified":"2025-07-25T18:42:20","modified_gmt":"2025-07-25T16:42:20","slug":"4-tacas-de-coco-de-13-x-6-cm-sardinha-lisboa-9","status":"publish","type":"product","link":"https:\/\/olemosaic.orbitalia.org\/pt-pt\/produto\/4-tacas-de-coco-de-13-x-6-cm-sardinha-lisboa-9\/","title":{"rendered":"4 Ta\u00e7as de coco de 13 x 6 cm. Sardinha. Padr\u00e3o em c\u00edrculos. Lisboa."},"content":{"rendered":"<p>Este conjunto de quatro ta\u00e7as de coco, de 13 x 6 cm, \u00e9 uma homenagem \u00e0 vibrante cultura mar\u00edtima de Lisboa. Cada ta\u00e7a apresenta um design \u00fanico, decorado com coloridos motivos de sardinhas que evocam a rica tradi\u00e7\u00e3o piscat\u00f3ria da capital portuguesa. As pe\u00e7as exibem um acabamento brilhante com padr\u00f5es vibrantes em tons de azul, rosa e amarelo, que contrastam harmoniosamente com um fundo branco, criando uma est\u00e9tica alegre e fresca que recorda os ver\u00f5es junto ao mar.<\/p>\n<p>Cada ta\u00e7a n\u00e3o \u00e9 apenas perfeita para servir aperitivos como azeitonas ou frutos secos, mas tamb\u00e9m funciona como um elegante elemento decorativo em qualquer lar. A liga\u00e7\u00e3o cultural com Lisboa reflete-se n\u00e3o s\u00f3 no seu design, mas tamb\u00e9m na utiliza\u00e7\u00e3o de elementos tradicionais que real\u00e7am a import\u00e2ncia da pesca na gastronomia local. Estas ta\u00e7as de coco s\u00e3o um exemplo ideal dos souvenirs de Portugal, oferecendo aos turistas uma pe\u00e7a aut\u00eantica que captura a ess\u00eancia da regi\u00e3o.<\/p>\n<p>Na Ol\u00e9 Mosaic, o nosso compromisso \u00e9 fornecer souvenirs aut\u00eanticos que reflitam a riqueza cultural de cada destino. Este conjunto de ta\u00e7as de coco torna-se uma excelente op\u00e7\u00e3o para lojas de presentes tur\u00edsticos que procuram produtos que combinem funcionalidade e est\u00e9tica. Como distribuidores de souvenirs por grosso, garantimos qualidade e singularidade em cada uma das nossas pe\u00e7as.<\/p>\n","protected":false},"excerpt":{"rendered":"<p>Ta\u00e7as de coco de 13 x 6 cm, decoradas com motivos de sardinhas, inspirados na colorida tradi\u00e7\u00e3o lisboeta. Cada ta\u00e7a apresenta um acabamento brilhante e vibrantes padr\u00f5es de c\u00edrculos em tons de azul, rosa e amarelo, que contrastam com um fundo branco. Estas elegantes ta\u00e7as s\u00e3o ideais para servir aperitivos ou como elemento decorativo em qualquer lar, refletindo a cultura mar\u00edtima portuguesa atrav\u00e9s do seu design pitoresco e artesanal.<\/p>\n","protected":false},"featured_media":13899,"template":"","meta":{"_acf_changed":false},"product_brand":[],"product_cat":[513],"product_tag":[516],"class_list":{"0":"post-37244","1":"product","2":"type-product","3":"status-publish","4":"has-post-thumbnail","6":"product_cat-bols","7":"product_tag-animais","8":"pa_ciudad-lisboa","9":"pa_motivo-sardinhas","10":"pa_pais-portugal","12":"first","13":"instock","14":"shipping-taxable","15":"product-type-simple"},"acf":[],"_links":{"self":[{"href":"https:\/\/olemosaic.orbitalia.org\/pt-pt\/wp-json\/wp\/v2\/product\/37244","targetHints":{"allow":["GET"]}}],"collection":[{"href":"https:\/\/olemosaic.orbitalia.org\/pt-pt\/wp-json\/wp\/v2\/product"}],"about":[{"href":"https:\/\/olemosaic.orbitalia.org\/pt-pt\/wp-json\/wp\/v2\/types\/product"}],"wp:featuredmedia":[{"embeddable":true,"href":"https:\/\/olemosaic.orbitalia.org\/pt-pt\/wp-json\/wp\/v2\/media\/13899"}],"wp:attachment":[{"href":"https:\/\/olemosaic.orbitalia.org\/pt-pt\/wp-json\/wp\/v2\/media?parent=37244"}],"wp:term":[{"taxonomy":"product_brand","embeddable":true,"href":"https:\/\/olemosaic.orbitalia.org\/pt-pt\/wp-json\/wp\/v2\/product_brand?post=37244"},{"taxonomy":"product_cat","embeddable":true,"href":"https:\/\/olemosaic.orbitalia.org\/pt-pt\/wp-json\/wp\/v2\/product_cat?post=37244"},{"taxonomy":"product_tag","embeddable":true,"href":"https:\/\/olemosaic.orbitalia.org\/pt-pt\/wp-json\/wp\/v2\/product_tag?post=37244"}],"curies":[{"name":"wp","href":"https:\/\/api.w.org\/{rel}","templated":true}]}}