{"id":37243,"date":"2025-02-20T23:37:19","date_gmt":"2025-02-20T22:37:19","guid":{"rendered":"https:\/\/olemosaic.orbitalia.org\/producto\/4-bols-de-coco-de-13-x-6-cm-mariposa-3\/"},"modified":"2025-07-25T20:17:14","modified_gmt":"2025-07-25T18:17:14","slug":"4-tacas-de-coco-de-13-x-6-cm-borboleta-3","status":"publish","type":"product","link":"https:\/\/olemosaic.orbitalia.org\/pt-pt\/produto\/4-tacas-de-coco-de-13-x-6-cm-borboleta-3\/","title":{"rendered":"4 Ta\u00e7as de coco de 13 x 6 cm. Borboleta. Padr\u00e3o de cora\u00e7\u00f5es."},"content":{"rendered":"<p>Este conjunto de 4 ta\u00e7as de coco \u00e9 uma amostra excecional do artesanato tradicional espanhol, perfeito para quem procura recorda\u00e7\u00f5es aut\u00eanticas e coloridas. Cada ta\u00e7a, de 13 x 6 cm, \u00e9 cuidadosamente feita \u00e0 m\u00e3o, o que garante que cada pe\u00e7a seja \u00fanica. A decora\u00e7\u00e3o inclui motivos intrincados de borboletas, combinados com um design vibrante de mosaicos que incorpora cores vivas como azuis, laranjas e castanhos, al\u00e9m de diversos padr\u00f5es de cora\u00e7\u00f5es e flores.<\/p>\n<p>Estes detalhes art\u00edsticos n\u00e3o s\u00f3 real\u00e7am a est\u00e9tica de cada ta\u00e7a, como tamb\u00e9m evocam a rica heran\u00e7a cultural da arte popular espanhola. O acabamento brilhante de cada pe\u00e7a acrescenta um toque distintivo, tornando-as elementos decorativos perfeitos para qualquer espa\u00e7o, seja como parte de uma cole\u00e7\u00e3o ou como um presente especial.<\/p>\n<p>Na Ol\u00e9 Mosaic, especializamo-nos na distribui\u00e7\u00e3o de souvenirs por grosso, e estas ta\u00e7as de coco s\u00e3o uma excelente op\u00e7\u00e3o para lojas de presentes tur\u00edsticos que procuram incorporar produtos aut\u00eanticos e de qualidade na sua oferta. Com o seu apelo visual e a sua liga\u00e7\u00e3o \u00e0 tradi\u00e7\u00e3o artesanal, estas ta\u00e7as de coco s\u00e3o a escolha ideal para turistas que desejam levar um peda\u00e7o da cultura espanhola para as suas casas.<\/p>\n","protected":false},"excerpt":{"rendered":"<p>Ta\u00e7as de coco de 13 x 6 cm, decoradas com motivos de borboletas e um colorido design de mosaicos. Cada ta\u00e7a apresenta um estilo \u00fanico, com elementos como cora\u00e7\u00f5es e flores, elaborados a partir de pe\u00e7as de coco com efeito pintado \u00e0 m\u00e3o. O seu acabamento brilhante e as suas cores vibrantes, que incluem tons de azul, laranja e castanho, tornam-nas uma recorda\u00e7\u00e3o atraente da rica tradi\u00e7\u00e3o artesanal, ideal para dar um toque decorativo a qualquer espa\u00e7o.<\/p>\n","protected":false},"featured_media":13898,"template":"","meta":{"_acf_changed":false},"product_brand":[],"product_cat":[513],"product_tag":[516],"class_list":{"0":"post-37243","1":"product","2":"type-product","3":"status-publish","4":"has-post-thumbnail","6":"product_cat-bols","7":"product_tag-animais","8":"pa_motivo-borboletas","10":"first","11":"instock","12":"shipping-taxable","13":"product-type-simple"},"acf":[],"_links":{"self":[{"href":"https:\/\/olemosaic.orbitalia.org\/pt-pt\/wp-json\/wp\/v2\/product\/37243","targetHints":{"allow":["GET"]}}],"collection":[{"href":"https:\/\/olemosaic.orbitalia.org\/pt-pt\/wp-json\/wp\/v2\/product"}],"about":[{"href":"https:\/\/olemosaic.orbitalia.org\/pt-pt\/wp-json\/wp\/v2\/types\/product"}],"wp:featuredmedia":[{"embeddable":true,"href":"https:\/\/olemosaic.orbitalia.org\/pt-pt\/wp-json\/wp\/v2\/media\/13898"}],"wp:attachment":[{"href":"https:\/\/olemosaic.orbitalia.org\/pt-pt\/wp-json\/wp\/v2\/media?parent=37243"}],"wp:term":[{"taxonomy":"product_brand","embeddable":true,"href":"https:\/\/olemosaic.orbitalia.org\/pt-pt\/wp-json\/wp\/v2\/product_brand?post=37243"},{"taxonomy":"product_cat","embeddable":true,"href":"https:\/\/olemosaic.orbitalia.org\/pt-pt\/wp-json\/wp\/v2\/product_cat?post=37243"},{"taxonomy":"product_tag","embeddable":true,"href":"https:\/\/olemosaic.orbitalia.org\/pt-pt\/wp-json\/wp\/v2\/product_tag?post=37243"}],"curies":[{"name":"wp","href":"https:\/\/api.w.org\/{rel}","templated":true}]}}