{"id":37236,"date":"2025-02-20T23:37:18","date_gmt":"2025-02-20T22:37:18","guid":{"rendered":"https:\/\/olemosaic.orbitalia.org\/producto\/4-bols-de-coco-de-13-x-6-cm-mariposa-2\/"},"modified":"2025-07-25T19:49:28","modified_gmt":"2025-07-25T17:49:28","slug":"4-tacas-de-coco-de-13-x-6-cm-borboleta-2","status":"publish","type":"product","link":"https:\/\/olemosaic.orbitalia.org\/pt-pt\/produto\/4-tacas-de-coco-de-13-x-6-cm-borboleta-2\/","title":{"rendered":"4 Ta\u00e7as de coco de 13 x 6 cm. Borboleta. Mosaico."},"content":{"rendered":"<p>Apresentamos o conjunto de 4 ta\u00e7as de coco decoradas com preciosos motivos de borboletas, uma op\u00e7\u00e3o ideal para quem procura conferir um toque vibrante e natural \u00e0 sua mesa. Cada ta\u00e7a, com as medidas de 13 x 6 cm, est\u00e1 finamente decorada com um colorido mosaico em tons de rosa, azul e amarelo, que capta a ess\u00eancia do Mediterr\u00e2neo e evoca a beleza das suas paisagens. Estes recipientes, fabricados artesanalmente, s\u00e3o perfeitos para servir aperitivos ou como elementos decorativos em qualquer lar.<\/p>\n<p>O design de cada ta\u00e7a real\u00e7a a sofisticada fus\u00e3o de cores vivas e motivos de borboletas, simbolizando a liberdade e a transforma\u00e7\u00e3o que caracteriza a cultura mediterr\u00e2nica. Estas ta\u00e7as n\u00e3o s\u00e3o apenas funcionais, mas tamb\u00e9m atuam como aut\u00eanticos souvenirs que refletem a rica tradi\u00e7\u00e3o artesanal da regi\u00e3o.<\/p>\n<p>Este conjunto de ta\u00e7as de coco \u00e9 uma excelente op\u00e7\u00e3o para lojas de presentes tur\u00edsticos que procuram oferecer souvenirs aut\u00eanticos e de qualidade. Na Ol\u00e9 Mosaic, somos distribuidores de produtos \u00fanicos e cheios de significado, ideais para aqueles que desejam levar um pouco da magia mediterr\u00e2nica. Com estas ta\u00e7as, ter\u00e1 uma recorda\u00e7\u00e3o representativa que encantar\u00e1 os amantes do estilo bo\u00e9mio e da decora\u00e7\u00e3o vibrante.<\/p>\n","protected":false},"excerpt":{"rendered":"<p>Ta\u00e7as de coco de 13 x 6 cm, decoradas com motivos de borboletas. Cada ta\u00e7a apresenta um mosaico de tons rosa, azul e amarelo que confere um toque vibrante a qualquer mesa. Fabricadas artesanalmente, estes recipientes s\u00e3o ideais para servir aperitivos ou como elementos decorativos. O design fresco e natural evoca a beleza do Mediterr\u00e2neo, o que torna este conjunto o presente perfeito para os amantes do estilo bo\u00e9mio.<\/p>\n","protected":false},"featured_media":13891,"template":"","meta":{"_acf_changed":false},"product_brand":[],"product_cat":[513],"product_tag":[516],"class_list":{"0":"post-37236","1":"product","2":"type-product","3":"status-publish","4":"has-post-thumbnail","6":"product_cat-bols","7":"product_tag-animais","8":"pa_motivo-borboletas","10":"first","11":"instock","12":"shipping-taxable","13":"product-type-simple"},"acf":[],"_links":{"self":[{"href":"https:\/\/olemosaic.orbitalia.org\/pt-pt\/wp-json\/wp\/v2\/product\/37236","targetHints":{"allow":["GET"]}}],"collection":[{"href":"https:\/\/olemosaic.orbitalia.org\/pt-pt\/wp-json\/wp\/v2\/product"}],"about":[{"href":"https:\/\/olemosaic.orbitalia.org\/pt-pt\/wp-json\/wp\/v2\/types\/product"}],"wp:featuredmedia":[{"embeddable":true,"href":"https:\/\/olemosaic.orbitalia.org\/pt-pt\/wp-json\/wp\/v2\/media\/13891"}],"wp:attachment":[{"href":"https:\/\/olemosaic.orbitalia.org\/pt-pt\/wp-json\/wp\/v2\/media?parent=37236"}],"wp:term":[{"taxonomy":"product_brand","embeddable":true,"href":"https:\/\/olemosaic.orbitalia.org\/pt-pt\/wp-json\/wp\/v2\/product_brand?post=37236"},{"taxonomy":"product_cat","embeddable":true,"href":"https:\/\/olemosaic.orbitalia.org\/pt-pt\/wp-json\/wp\/v2\/product_cat?post=37236"},{"taxonomy":"product_tag","embeddable":true,"href":"https:\/\/olemosaic.orbitalia.org\/pt-pt\/wp-json\/wp\/v2\/product_tag?post=37236"}],"curies":[{"name":"wp","href":"https:\/\/api.w.org\/{rel}","templated":true}]}}