{"id":37235,"date":"2025-02-20T23:37:18","date_gmt":"2025-02-20T22:37:18","guid":{"rendered":"https:\/\/olemosaic.orbitalia.org\/producto\/4-bols-de-coco-de-13-x-6-cm-mano\/"},"modified":"2025-07-25T18:44:34","modified_gmt":"2025-07-25T16:44:34","slug":"4-tacas-de-coco-de-13-x-6-cm-mao","status":"publish","type":"product","link":"https:\/\/olemosaic.orbitalia.org\/pt-pt\/produto\/4-tacas-de-coco-de-13-x-6-cm-mao\/","title":{"rendered":"4 Ta\u00e7as de coco de 13 x 6 cm. M\u00e3o."},"content":{"rendered":"<p>Este encantador conjunto de quatro ta\u00e7as de coco, de 13 x 6 cm, \u00e9 um maravilhoso exemplo do artesanato marroquino que funde funcionalidade e est\u00e9tica num \u00fanico produto. Cada ta\u00e7a foi decorada \u00e0 m\u00e3o com motivos vibrantes e coloridos, apresentando um fresco espetro de tons que v\u00e3o do azul e rosa ao amarelo e transparente. No centro de cada ta\u00e7a encontra-se um design distintivo da m\u00e3o de F\u00e1tima, s\u00edmbolo de prote\u00e7\u00e3o e boa sorte na cultura marroquina, que confere um significado especial a cada pe\u00e7a.<\/p>\n<p>A t\u00e9cnica artesanal empregada real\u00e7a a beleza dos pequenos detalhes, transformando estas ta\u00e7as n\u00e3o s\u00f3 em elementos funcionais ideais para servir aperitivos ou snacks, mas tamb\u00e9m em atraentes objetos decorativos que podem real\u00e7ar qualquer mesa ou espa\u00e7o. O seu design vibrante e aut\u00eantico evoca a az\u00e1fama dos mercados artesanais marroquinos, onde a destreza manual e a tradi\u00e7\u00e3o s\u00e3o fundamentais.<\/p>\n<p>Na Ol\u00e9 Mosaic, somos distribuidores de souvenirs por grosso, e estas ta\u00e7as de coco representam perfeitamente a rica heran\u00e7a cultural de Marrocos, o que as torna uma op\u00e7\u00e3o perfeita para lojas de presentes tur\u00edsticos que procuram oferecer produtos \u00fanicos e representativos. Com a sua autenticidade e apelo visual, estes souvenirs de Marrocos s\u00e3o ideais para turistas que desejem levar um peda\u00e7o de cultura e tradi\u00e7\u00e3o para casa.<\/p>\n","protected":false},"excerpt":{"rendered":"<p>Ta\u00e7as de coco de 13 x 6 cm, decoradas com estilo artesanal com motivos coloridos. Este conjunto de quatro ta\u00e7as apresenta vibrantes tons azuis, rosas, amarelos e transparentes, cada uma adornada com um design muito especial da m\u00e3o de F\u00e1tima no centro. A t\u00e9cnica artesanal real\u00e7a a beleza dos pequenos detalhes, ideais para servir aperitivos ou como elemento decorativo. Um toque de cultura e tradi\u00e7\u00e3o representativo dos mercados artesanais de Marrocos.<\/p>\n","protected":false},"featured_media":13890,"template":"","meta":{"_acf_changed":false},"product_brand":[],"product_cat":[513],"product_tag":[],"class_list":{"0":"post-37235","1":"product","2":"type-product","3":"status-publish","4":"has-post-thumbnail","6":"product_cat-bols","7":"pa_motivo-maos","9":"first","10":"instock","11":"shipping-taxable","12":"product-type-simple"},"acf":[],"_links":{"self":[{"href":"https:\/\/olemosaic.orbitalia.org\/pt-pt\/wp-json\/wp\/v2\/product\/37235","targetHints":{"allow":["GET"]}}],"collection":[{"href":"https:\/\/olemosaic.orbitalia.org\/pt-pt\/wp-json\/wp\/v2\/product"}],"about":[{"href":"https:\/\/olemosaic.orbitalia.org\/pt-pt\/wp-json\/wp\/v2\/types\/product"}],"wp:featuredmedia":[{"embeddable":true,"href":"https:\/\/olemosaic.orbitalia.org\/pt-pt\/wp-json\/wp\/v2\/media\/13890"}],"wp:attachment":[{"href":"https:\/\/olemosaic.orbitalia.org\/pt-pt\/wp-json\/wp\/v2\/media?parent=37235"}],"wp:term":[{"taxonomy":"product_brand","embeddable":true,"href":"https:\/\/olemosaic.orbitalia.org\/pt-pt\/wp-json\/wp\/v2\/product_brand?post=37235"},{"taxonomy":"product_cat","embeddable":true,"href":"https:\/\/olemosaic.orbitalia.org\/pt-pt\/wp-json\/wp\/v2\/product_cat?post=37235"},{"taxonomy":"product_tag","embeddable":true,"href":"https:\/\/olemosaic.orbitalia.org\/pt-pt\/wp-json\/wp\/v2\/product_tag?post=37235"}],"curies":[{"name":"wp","href":"https:\/\/api.w.org\/{rel}","templated":true}]}}