{"id":37233,"date":"2025-02-20T23:37:17","date_gmt":"2025-02-20T22:37:17","guid":{"rendered":"https:\/\/olemosaic.orbitalia.org\/producto\/4-bols-de-coco-de-13-x-6-cm-tortuga-barcelona-4\/"},"modified":"2025-07-25T19:27:09","modified_gmt":"2025-07-25T17:27:09","slug":"4-tacas-de-coco-de-13-x-6-cm-tartaruga-barcelona-4","status":"publish","type":"product","link":"https:\/\/olemosaic.orbitalia.org\/pt-pt\/produto\/4-tacas-de-coco-de-13-x-6-cm-tartaruga-barcelona-4\/","title":{"rendered":"4 Ta\u00e7as de coco de 13 x 6 cm. Tartaruga. Mosaico. Barcelona."},"content":{"rendered":"<p>Este precioso conjunto de quatro ta\u00e7as de coco de 13 x 6 cm, decoradas com motivos de tartarugas, \u00e9 uma encantadora recorda\u00e7\u00e3o de Barcelona que alia funcionalidade e est\u00e9tica. Cada ta\u00e7a apresenta um design \u00fanico, real\u00e7ado por uma vibrante paleta de cores que vai do azul intenso ao rosa e ao amarelo, adornada com detalhes que evocam o efeito de um mosaico. No centro de cada pe\u00e7a, uma tartaruga, s\u00edmbolo de prote\u00e7\u00e3o, paz e longevidade, est\u00e1 elegantemente impressa, dotando cada ta\u00e7a de um significado cultural que ressoar\u00e1 naqueles que desejam levar para casa uma recorda\u00e7\u00e3o significativa da sua visita a esta emblem\u00e1tica cidade.<\/p>\n<p>Al\u00e9m de serem perfeitas para o uso di\u00e1rio, as ta\u00e7as funcionam como elementos decorativos exclusivos que conferir\u00e3o um toque mediterr\u00e2nico a qualquer lar. Com o seu design artesanal, estas recorda\u00e7\u00f5es refletem a rica tradi\u00e7\u00e3o artesanal de Barcelona, tornando este conjunto uma excelente op\u00e7\u00e3o para os turistas que desejam adquirir produtos aut\u00eanticos e distintivos.<\/p>\n<p>Na Ol\u00e9 Mosaic, somos distribuidores grossistas de recorda\u00e7\u00f5es de Barcelona, e este conjunto de ta\u00e7as de coco \u00e9 ideal para lojas de presentes tur\u00edsticos que procuram oferecer artigos de qualidade e relev\u00e2ncia cultural. Esta recorda\u00e7\u00e3o n\u00e3o \u00e9 apenas um objeto, mas uma pe\u00e7a que narra a hist\u00f3ria da beleza e da cultura da regi\u00e3o, o que a torna uma op\u00e7\u00e3o perfeita para os visitantes que querem capturar a ess\u00eancia de Barcelona.<\/p>\n","protected":false},"excerpt":{"rendered":"<p>Ta\u00e7as de coco de 13 x 6 cm decoradas com motivos de tartaruga, ideais como souvenirs de Barcelona. Cada ta\u00e7a apresenta um design \u00fanico, com cores vibrantes em tons de azul, rosa, amarelo e branco, e detalhes que simulam reflexos de luz, como se fossem um mosaico. A tartaruga, s\u00edmbolo de prote\u00e7\u00e3o e paz, est\u00e1 impressa no centro de cada ta\u00e7a, o que torna este conjunto uma pe\u00e7a atraente tanto para uso pr\u00e1tico como decorativo.<\/p>\n","protected":false},"featured_media":13888,"template":"","meta":{"_acf_changed":false},"product_brand":[],"product_cat":[513],"product_tag":[516],"class_list":{"0":"post-37233","1":"product","2":"type-product","3":"status-publish","4":"has-post-thumbnail","6":"product_cat-bols","7":"product_tag-animais","8":"pa_ciudad-barcelona","9":"pa_motivo-tartarugas","10":"pa_pais-espana","12":"first","13":"instock","14":"shipping-taxable","15":"product-type-simple"},"acf":[],"_links":{"self":[{"href":"https:\/\/olemosaic.orbitalia.org\/pt-pt\/wp-json\/wp\/v2\/product\/37233","targetHints":{"allow":["GET"]}}],"collection":[{"href":"https:\/\/olemosaic.orbitalia.org\/pt-pt\/wp-json\/wp\/v2\/product"}],"about":[{"href":"https:\/\/olemosaic.orbitalia.org\/pt-pt\/wp-json\/wp\/v2\/types\/product"}],"wp:featuredmedia":[{"embeddable":true,"href":"https:\/\/olemosaic.orbitalia.org\/pt-pt\/wp-json\/wp\/v2\/media\/13888"}],"wp:attachment":[{"href":"https:\/\/olemosaic.orbitalia.org\/pt-pt\/wp-json\/wp\/v2\/media?parent=37233"}],"wp:term":[{"taxonomy":"product_brand","embeddable":true,"href":"https:\/\/olemosaic.orbitalia.org\/pt-pt\/wp-json\/wp\/v2\/product_brand?post=37233"},{"taxonomy":"product_cat","embeddable":true,"href":"https:\/\/olemosaic.orbitalia.org\/pt-pt\/wp-json\/wp\/v2\/product_cat?post=37233"},{"taxonomy":"product_tag","embeddable":true,"href":"https:\/\/olemosaic.orbitalia.org\/pt-pt\/wp-json\/wp\/v2\/product_tag?post=37233"}],"curies":[{"name":"wp","href":"https:\/\/api.w.org\/{rel}","templated":true}]}}