{"id":37215,"date":"2025-02-20T22:37:13","date_gmt":"2025-02-20T22:37:13","guid":{"rendered":"https:\/\/olemosaic.orbitalia.org\/producto\/bola-de-navidad-con-caja-gato-lanzarote\/"},"modified":"2025-07-25T18:54:17","modified_gmt":"2025-07-25T16:54:17","slug":"bola-de-natal-com-caixa-gato-lanzarote","status":"publish","type":"product","link":"https:\/\/olemosaic.orbitalia.org\/pt-pt\/produto\/bola-de-natal-com-caixa-gato-lanzarote\/","title":{"rendered":"Bola de Natal com caixa. Gato. Lanzarote."},"content":{"rendered":"<p>Esta bola de Natal decorativa \u00e9 o complemento perfeito para adornar a sua \u00e1rvore nestas festas. Inspirada na rica fauna de Lanzarote, e elaborada com um design vibrante de mosaico, a bola apresenta dois gatos coloridos que captam a ess\u00eancia festiva e a criatividade art\u00edstica da arte can\u00e1ria. O fundo branco simula as caracter\u00edsticas fendas de pedra vulc\u00e2nica da ilha, criando um belo contraste que real\u00e7a as cores exuberantes dos gatos, adornados com padr\u00f5es geom\u00e9tricos que evocam a tradi\u00e7\u00e3o local.<\/p>\n<p>O la\u00e7o rosa, que acompanha esta pe\u00e7a, n\u00e3o s\u00f3 proporciona um toque ornamental, mas tamb\u00e9m facilita a sua suspens\u00e3o, tornando-a uma op\u00e7\u00e3o pr\u00e1tica e est\u00e9tica para as suas decora\u00e7\u00f5es natal\u00edcias. Esta bola de Natal, que vem numa caixa elegante, apresenta-se como um presente ideal para aqueles que procuram recordar o encanto das Ilhas Can\u00e1rias durante as festividades.<\/p>\n<p>Como distribuidores de recorda\u00e7\u00f5es por grosso, na Ol\u00e9 Mosaic oferecemos produtos que celebram a autenticidade cultural, e esta bola de Natal \u00e9 um exemplo perfeito disso. \u00c9 uma excelente oportunidade para as lojas de recorda\u00e7\u00f5es tur\u00edsticas ampliarem a sua oferta com artigos que s\u00e3o mais do que simples adornos: s\u00e3o recorda\u00e7\u00f5es vibrantes e aut\u00eanticas de Lanzarote.<\/p>\n","protected":false},"excerpt":{"rendered":"<p>Bola de Natal decorativa, ideal para adornar a sua \u00e1rvore nestas festas. Esta pe\u00e7a, inspirada na fauna de Lanzarote, apresenta ilustra\u00e7\u00f5es de dois gatos coloridos, elaboradas com um design de mosaico que evoca a arte local. Com um fundo branco que simula as fendas da pedra vulc\u00e2nica e um la\u00e7o rosa para a pendurar, esta bola acrescenta um toque vibrante e festivo \u00e0 sua celebra\u00e7\u00e3o natal\u00edcia. Perfeita para recordar o encanto das Ilhas Can\u00e1rias.<\/p>\n","protected":false},"featured_media":13871,"template":"","meta":{"_acf_changed":false},"product_brand":[],"product_cat":[652],"product_tag":[516,642],"class_list":{"0":"post-37215","1":"product","2":"type-product","3":"status-publish","4":"has-post-thumbnail","6":"product_cat-bolas-de-natal","7":"product_tag-animais","8":"product_tag-natal","9":"pa_ciudad-lanzarote","10":"pa_motivo-gatos","11":"pa_pais-espana","13":"first","14":"instock","15":"shipping-taxable","16":"product-type-simple"},"acf":[],"_links":{"self":[{"href":"https:\/\/olemosaic.orbitalia.org\/pt-pt\/wp-json\/wp\/v2\/product\/37215","targetHints":{"allow":["GET"]}}],"collection":[{"href":"https:\/\/olemosaic.orbitalia.org\/pt-pt\/wp-json\/wp\/v2\/product"}],"about":[{"href":"https:\/\/olemosaic.orbitalia.org\/pt-pt\/wp-json\/wp\/v2\/types\/product"}],"wp:featuredmedia":[{"embeddable":true,"href":"https:\/\/olemosaic.orbitalia.org\/pt-pt\/wp-json\/wp\/v2\/media\/13871"}],"wp:attachment":[{"href":"https:\/\/olemosaic.orbitalia.org\/pt-pt\/wp-json\/wp\/v2\/media?parent=37215"}],"wp:term":[{"taxonomy":"product_brand","embeddable":true,"href":"https:\/\/olemosaic.orbitalia.org\/pt-pt\/wp-json\/wp\/v2\/product_brand?post=37215"},{"taxonomy":"product_cat","embeddable":true,"href":"https:\/\/olemosaic.orbitalia.org\/pt-pt\/wp-json\/wp\/v2\/product_cat?post=37215"},{"taxonomy":"product_tag","embeddable":true,"href":"https:\/\/olemosaic.orbitalia.org\/pt-pt\/wp-json\/wp\/v2\/product_tag?post=37215"}],"curies":[{"name":"wp","href":"https:\/\/api.w.org\/{rel}","templated":true}]}}