{"id":37210,"date":"2025-02-20T22:37:12","date_gmt":"2025-02-20T22:37:12","guid":{"rendered":"https:\/\/olemosaic.orbitalia.org\/producto\/bola-de-navidad-con-caja-tortugas-mallorca\/"},"modified":"2025-07-25T19:35:25","modified_gmt":"2025-07-25T17:35:25","slug":"bola-de-natal-com-caixa-tartarugas-maiorca","status":"publish","type":"product","link":"https:\/\/olemosaic.orbitalia.org\/pt-pt\/produto\/bola-de-natal-com-caixa-tartarugas-maiorca\/","title":{"rendered":"Bola de Natal com caixa. Tartarugas. Maiorca."},"content":{"rendered":"<p>Esta bola de Natal decorativa \u00e9 um aut\u00eantico s\u00edmbolo da beleza natural de Maiorca, apresentada numa elegante caixa que a torna um presente ideal. O adorno esf\u00e9rico destaca-se pelas suas cores vibrantes, com encantadoras tartarugas marinhas nadando sobre um fundo azul din\u00e2mico, que evoca as \u00e1guas cristalinas do Mediterr\u00e2neo. Os motivos de coral e outras esp\u00e9cies marinhas complementam o design, oferecendo uma celebra\u00e7\u00e3o da rica biodiversidade que caracteriza esta ilha espetacular.<\/p>\n<p>O design l\u00fadico e o la\u00e7o cor-de-rosa adicionam um toque encantador \u00e0 pe\u00e7a, tornando-a um adorno perfeito para qualquer \u00e1rvore de Natal. Cada detalhe desta bola foi cuidadosamente elaborado para refletir o calor e a alegria das festas, transformando este souvenir numa recorda\u00e7\u00e3o \u00fanica da sua visita a Maiorca. Este objeto n\u00e3o \u00e9 apenas uma adi\u00e7\u00e3o festiva \u00e0 decora\u00e7\u00e3o de Natal, mas tamb\u00e9m captura a ess\u00eancia do esp\u00edrito maiorquino, representando o folclore local e a sua liga\u00e7\u00e3o com o mar.<\/p>\n<p>Na Ol\u00e9 Mosaic, especializamo-nos na distribui\u00e7\u00e3o de souvenirs por grosso, e esta bola de Natal \u00e9 uma op\u00e7\u00e3o atrativa para lojas de presentes tur\u00edsticos que procuram oferecer artigos aut\u00eanticos e de qualidade. A Bola de Natal com tartarugas de Maiorca \u00e9 um presente perfeito que combina beleza, arte e cultura, ideal para quem procura uma pe\u00e7a distintiva e significativa da sua viagem.<\/p>\n","protected":false},"excerpt":{"rendered":"<p>Bola de Natal decorativa apresentada numa elegante caixa, inspirada na beleza natural de Maiorca. Este adorno esf\u00e9rico \u00e9 ilustrado com tartarugas marinhas em cores vibrantes sobre um fundo azul que evoca as \u00e1guas do Mediterr\u00e2neo. Motivos de coral e elementos marinhos complementam o design, oferecendo um toque alegre e festivo. O la\u00e7o cor-de-rosa adiciona um detalhe encantador, ideal para adornar qualquer \u00e1rvore de Natal.<\/p>\n","protected":false},"featured_media":13867,"template":"","meta":{"_acf_changed":false},"product_brand":[],"product_cat":[652],"product_tag":[516,642],"class_list":{"0":"post-37210","1":"product","2":"type-product","3":"status-publish","4":"has-post-thumbnail","6":"product_cat-bolas-de-natal","7":"product_tag-animais","8":"product_tag-natal","9":"pa_ciudad-mallorca","10":"pa_motivo-tartarugas","11":"pa_pais-espana","13":"first","14":"instock","15":"shipping-taxable","16":"product-type-simple"},"acf":[],"_links":{"self":[{"href":"https:\/\/olemosaic.orbitalia.org\/pt-pt\/wp-json\/wp\/v2\/product\/37210","targetHints":{"allow":["GET"]}}],"collection":[{"href":"https:\/\/olemosaic.orbitalia.org\/pt-pt\/wp-json\/wp\/v2\/product"}],"about":[{"href":"https:\/\/olemosaic.orbitalia.org\/pt-pt\/wp-json\/wp\/v2\/types\/product"}],"wp:featuredmedia":[{"embeddable":true,"href":"https:\/\/olemosaic.orbitalia.org\/pt-pt\/wp-json\/wp\/v2\/media\/13867"}],"wp:attachment":[{"href":"https:\/\/olemosaic.orbitalia.org\/pt-pt\/wp-json\/wp\/v2\/media?parent=37210"}],"wp:term":[{"taxonomy":"product_brand","embeddable":true,"href":"https:\/\/olemosaic.orbitalia.org\/pt-pt\/wp-json\/wp\/v2\/product_brand?post=37210"},{"taxonomy":"product_cat","embeddable":true,"href":"https:\/\/olemosaic.orbitalia.org\/pt-pt\/wp-json\/wp\/v2\/product_cat?post=37210"},{"taxonomy":"product_tag","embeddable":true,"href":"https:\/\/olemosaic.orbitalia.org\/pt-pt\/wp-json\/wp\/v2\/product_tag?post=37210"}],"curies":[{"name":"wp","href":"https:\/\/api.w.org\/{rel}","templated":true}]}}