{"id":37202,"date":"2025-02-20T22:37:11","date_gmt":"2025-02-20T22:37:11","guid":{"rendered":"https:\/\/olemosaic.orbitalia.org\/producto\/bola-de-navidad-con-caja-motivos-marinos-fuerteventura\/"},"modified":"2025-07-25T19:12:52","modified_gmt":"2025-07-25T17:12:52","slug":"bola-de-natal-com-caixa-motivos-marinhos-fuerteventura","status":"publish","type":"product","link":"https:\/\/olemosaic.orbitalia.org\/pt-pt\/produto\/bola-de-natal-com-caixa-motivos-marinhos-fuerteventura\/","title":{"rendered":"Bola de Natal com caixa. Motivos marinhos. Fuerteventura."},"content":{"rendered":"<p>Esta bola de Natal decorativa \u00e9 uma recorda\u00e7\u00e3o preciosa de Fuerteventura, inspirada na impressionante vida marinha que rodeia as Ilhas Can\u00e1rias. Com um design alegre e vibrante, a bola apresenta tartarugas marinhas e elementos coloridos do fundo do mar, tudo sobre um fundo azul que evoca a serenidade e a beleza do oceano. Esta pe\u00e7a artesanal n\u00e3o \u00e9 apenas um adorno natal\u00edcio, mas uma ponte cultural que liga os visitantes \u00e0 riqueza natural de Fuerteventura, famosa pelas suas \u00e1guas cristalinas e pela sua rica biodiversidade.<\/p>\n<p>A bola \u00e9 apresentada numa caixa elegante, ideal para guardar ou oferecer, tornando-se um presente perfeito para aqueles que procuram levar um pedacinho das Can\u00e1rias para casa. Os motivos marinhos est\u00e3o elaboradamente representados, criando uma liga\u00e7\u00e3o visual com a cultura can\u00e1ria que celebra a vida oce\u00e2nica. Pendurar esta bola na \u00e1rvore \u00e9 uma maneira encantadora de recordar momentos especiais passados nas ilhas e de partilhar essas hist\u00f3rias com amigos e familiares.<\/p>\n<p>Na Ol\u00e9 Mosaic, dedicamo-nos a oferecer souvenirs aut\u00eanticos que refletem a cultura e a tradi\u00e7\u00e3o de cada regi\u00e3o. Esta bola de Natal representa n\u00e3o s\u00f3 a beleza natural de Fuerteventura, mas tamb\u00e9m uma recorda\u00e7\u00e3o significativa perfeita para os turistas que procuram um souvenir \u00fanico. Com a nossa oferta de produtos de qualidade por grosso, somos o distribuidor ideal para lojas de presentes tur\u00edsticos que apreciam a autenticidade e a arte.<\/p>\n","protected":false},"excerpt":{"rendered":"<p>Bola de Natal decorativa em cores vibrantes, inspirada nos motivos marinhos de Fuerteventura. Esta bola apresenta um design alegre com tartarugas marinhas e elementos do fundo do mar sobre um fundo azul que evoca o oceano. Vem apresentada numa caixa, ideal para guardar ou oferecer. Um toque festivo e tradicional que recorda a beleza natural das Ilhas Can\u00e1rias, perfeita para adornar a sua \u00e1rvore de Natal.<\/p>\n","protected":false},"featured_media":13859,"template":"","meta":{"_acf_changed":false},"product_brand":[],"product_cat":[652],"product_tag":[516,642],"class_list":{"0":"post-37202","1":"product","2":"type-product","3":"status-publish","4":"has-post-thumbnail","6":"product_cat-bolas-de-natal","7":"product_tag-animais","8":"product_tag-natal","9":"pa_ciudad-fuerteventura","10":"pa_motivo-animais-marinhos","11":"pa_pais-espana","13":"first","14":"instock","15":"shipping-taxable","16":"product-type-simple"},"acf":[],"_links":{"self":[{"href":"https:\/\/olemosaic.orbitalia.org\/pt-pt\/wp-json\/wp\/v2\/product\/37202","targetHints":{"allow":["GET"]}}],"collection":[{"href":"https:\/\/olemosaic.orbitalia.org\/pt-pt\/wp-json\/wp\/v2\/product"}],"about":[{"href":"https:\/\/olemosaic.orbitalia.org\/pt-pt\/wp-json\/wp\/v2\/types\/product"}],"wp:featuredmedia":[{"embeddable":true,"href":"https:\/\/olemosaic.orbitalia.org\/pt-pt\/wp-json\/wp\/v2\/media\/13859"}],"wp:attachment":[{"href":"https:\/\/olemosaic.orbitalia.org\/pt-pt\/wp-json\/wp\/v2\/media?parent=37202"}],"wp:term":[{"taxonomy":"product_brand","embeddable":true,"href":"https:\/\/olemosaic.orbitalia.org\/pt-pt\/wp-json\/wp\/v2\/product_brand?post=37202"},{"taxonomy":"product_cat","embeddable":true,"href":"https:\/\/olemosaic.orbitalia.org\/pt-pt\/wp-json\/wp\/v2\/product_cat?post=37202"},{"taxonomy":"product_tag","embeddable":true,"href":"https:\/\/olemosaic.orbitalia.org\/pt-pt\/wp-json\/wp\/v2\/product_tag?post=37202"}],"curies":[{"name":"wp","href":"https:\/\/api.w.org\/{rel}","templated":true}]}}