{"id":37201,"date":"2025-02-20T22:37:10","date_gmt":"2025-02-20T22:37:10","guid":{"rendered":"https:\/\/olemosaic.orbitalia.org\/producto\/bola-de-navidad-con-caja-motivos-marinos-mallorca\/"},"modified":"2025-07-25T19:58:30","modified_gmt":"2025-07-25T17:58:30","slug":"bola-de-natal-com-caixa-motivos-marinhos-maiorca","status":"publish","type":"product","link":"https:\/\/olemosaic.orbitalia.org\/pt-pt\/produto\/bola-de-natal-com-caixa-motivos-marinhos-maiorca\/","title":{"rendered":"Bola de Natal com caixa. Motivos marinhos. Maiorca."},"content":{"rendered":"<p>Esta bola de Natal decorativa, inspirada na biodiversidade marinha de Maiorca, \u00e9 um magn\u00edfico exemplo de como capturar a ess\u00eancia do Mediterr\u00e2neo numa pe\u00e7a festiva. Com um design vibrante que apresenta tartarugas, golfinhos e outros elementos caracter\u00edsticos do fundo marinho, a bola est\u00e1 adornada com uma paleta de azuis intensos e cores brilhantes que evocam a espl\u00eandida costa balear. O motivo inclui detalhes intrincados da vida marinha, fazendo de cada adorno um reflexo do rico ecossistema de Maiorca, ideal para os amantes da natureza e do mar.<\/p>\n<p>A sua elegante apresenta\u00e7\u00e3o em caixa torna-a um presente excecional, perfeito para quem procura uma recorda\u00e7\u00e3o aut\u00eantica de Maiorca. Esta recorda\u00e7\u00e3o n\u00e3o \u00e9 apenas um adorno festivo, mas tamb\u00e9m uma celebra\u00e7\u00e3o da vida costeira, que real\u00e7a a import\u00e2ncia cultural e ambiental da regi\u00e3o. A Ol\u00e9 Mosaic orgulha-se de oferecer esta bola de Natal como parte do seu cat\u00e1logo de recorda\u00e7\u00f5es, destacando a sua autenticidade e relev\u00e2ncia cultural. \u00c9 uma op\u00e7\u00e3o ideal para lojas de presentes tur\u00edsticos que desejem oferecer produtos que liguem os seus clientes \u00e0 magia de Maiorca. Como distribuidores de recorda\u00e7\u00f5es natal\u00edcias, garantimos a qualidade e o apelo de cada pe\u00e7a.<\/p>\n","protected":false},"excerpt":{"rendered":"<p>Bola de Natal decorativa com cores vibrantes, inspirada na biodiversidade marinha de Maiorca. Este adorno natal\u00edcio apresenta um design alegre com tartarugas, golfinhos e elementos do fundo marinho, tudo numa paleta de azuis e cores brilhantes que evocam o Mediterr\u00e2neo. A bola apresenta-se numa elegante caixa, ideal para decora\u00e7\u00f5es festivas e como presente, destacando a ess\u00eancia costeira da ilha balear.<\/p>\n","protected":false},"featured_media":13858,"template":"","meta":{"_acf_changed":false},"product_brand":[],"product_cat":[652],"product_tag":[516,642],"class_list":{"0":"post-37201","1":"product","2":"type-product","3":"status-publish","4":"has-post-thumbnail","6":"product_cat-bolas-de-natal","7":"product_tag-animais","8":"product_tag-natal","9":"pa_ciudad-mallorca","10":"pa_motivo-animais-marinhos","11":"pa_pais-espana","13":"first","14":"instock","15":"shipping-taxable","16":"product-type-simple"},"acf":[],"_links":{"self":[{"href":"https:\/\/olemosaic.orbitalia.org\/pt-pt\/wp-json\/wp\/v2\/product\/37201","targetHints":{"allow":["GET"]}}],"collection":[{"href":"https:\/\/olemosaic.orbitalia.org\/pt-pt\/wp-json\/wp\/v2\/product"}],"about":[{"href":"https:\/\/olemosaic.orbitalia.org\/pt-pt\/wp-json\/wp\/v2\/types\/product"}],"wp:featuredmedia":[{"embeddable":true,"href":"https:\/\/olemosaic.orbitalia.org\/pt-pt\/wp-json\/wp\/v2\/media\/13858"}],"wp:attachment":[{"href":"https:\/\/olemosaic.orbitalia.org\/pt-pt\/wp-json\/wp\/v2\/media?parent=37201"}],"wp:term":[{"taxonomy":"product_brand","embeddable":true,"href":"https:\/\/olemosaic.orbitalia.org\/pt-pt\/wp-json\/wp\/v2\/product_brand?post=37201"},{"taxonomy":"product_cat","embeddable":true,"href":"https:\/\/olemosaic.orbitalia.org\/pt-pt\/wp-json\/wp\/v2\/product_cat?post=37201"},{"taxonomy":"product_tag","embeddable":true,"href":"https:\/\/olemosaic.orbitalia.org\/pt-pt\/wp-json\/wp\/v2\/product_tag?post=37201"}],"curies":[{"name":"wp","href":"https:\/\/api.w.org\/{rel}","templated":true}]}}