{"id":37194,"date":"2025-02-20T22:37:09","date_gmt":"2025-02-20T22:37:09","guid":{"rendered":"https:\/\/olemosaic.orbitalia.org\/producto\/bola-de-navidad-con-caja-gato-gran-canaria\/"},"modified":"2025-07-25T19:18:02","modified_gmt":"2025-07-25T17:18:02","slug":"bola-de-natal-com-caixa-gato-gran-canaria","status":"publish","type":"product","link":"https:\/\/olemosaic.orbitalia.org\/pt-pt\/produto\/bola-de-natal-com-caixa-gato-gran-canaria\/","title":{"rendered":"Bola de Natal com caixa. Gato. Gran Canaria."},"content":{"rendered":"<p>Esta bola de Natal decorativa \u00e9 uma aut\u00eantica homenagem \u00e0 arte de Gran Canaria, o que a torna o souvenir perfeito para quem deseja levar um pedacinho da cultura can\u00e1ria. Fabricada em cer\u00e2mica de alta qualidade, esta pe\u00e7a destaca-se pelo seu design vibrante, que apresenta dois gatos ilustrados sobre um colorido mosaico de tons vivos, evocando o calor e a diversidade da ilha. O fundo est\u00e1 adornado com fragmentos de cer\u00e2mica variados, criando uma textura visualmente rica que real\u00e7a a heran\u00e7a art\u00edstica de Gran Canaria.<\/p>\n<p>O texto &#8220;GRAN CANI&#8221; aparece numa tipografia chamativa, integrando-se de forma harmoniosa com a ilustra\u00e7\u00e3o e capturando a ess\u00eancia do lugar. A bola \u00e9 acompanhada por um elegante la\u00e7o vermelho, que facilita a sua coloca\u00e7\u00e3o na \u00e1rvore de Natal ou em qualquer canto festivo da casa. Al\u00e9m disso, \u00e9 apresentada numa caixa cuidada, ideal para oferecer, conferindo um toque de autenticidade e cultura que se destaca em qualquer celebra\u00e7\u00e3o.<\/p>\n<p>Como distribuidores de souvenirs aut\u00eanticos procedentes de Espanha, na Ol\u00e9 Mosaic oferecemos esta bola de Natal como uma excelente op\u00e7\u00e3o para turistas e lojas de presentes tur\u00edsticos que procuram produtos de qualidade e significado cultural. Este souvenir de Gran Canaria n\u00e3o s\u00f3 adorna as casas, como tamb\u00e9m representa uma liga\u00e7\u00e3o emotiva com a beleza e tradi\u00e7\u00e3o das Ilhas Can\u00e1rias, sendo um presente perfeito para esta \u00e9poca festiva.<\/p>\n","protected":false},"excerpt":{"rendered":"<p>Bola de Natal decorativa com design de gatos, inspirada na arte de Gran Canaria. Fabricada em cer\u00e2mica, apresenta um colorido mosaico que ilustra dois gatos em tons vibrantes, sobre um fundo de fragmentos cer\u00e2micos. O texto &#8220;GRAN CANI&#8221; destaca-se com uma tipografia chamativa, e um la\u00e7o vermelho permite pendur\u00e1-la facilmente. Esta bola \u00e9 apresentada numa elegante caixa, ideal para um presente de Natal aut\u00eantico e cultural.<\/p>\n","protected":false},"featured_media":13852,"template":"","meta":{"_acf_changed":false},"product_brand":[],"product_cat":[652],"product_tag":[516,642],"class_list":{"0":"post-37194","1":"product","2":"type-product","3":"status-publish","4":"has-post-thumbnail","6":"product_cat-bolas-de-natal","7":"product_tag-animais","8":"product_tag-natal","9":"pa_ciudad-gran-canaria","10":"pa_motivo-gatos","11":"pa_pais-espana","13":"first","14":"instock","15":"shipping-taxable","16":"product-type-simple"},"acf":[],"_links":{"self":[{"href":"https:\/\/olemosaic.orbitalia.org\/pt-pt\/wp-json\/wp\/v2\/product\/37194","targetHints":{"allow":["GET"]}}],"collection":[{"href":"https:\/\/olemosaic.orbitalia.org\/pt-pt\/wp-json\/wp\/v2\/product"}],"about":[{"href":"https:\/\/olemosaic.orbitalia.org\/pt-pt\/wp-json\/wp\/v2\/types\/product"}],"wp:featuredmedia":[{"embeddable":true,"href":"https:\/\/olemosaic.orbitalia.org\/pt-pt\/wp-json\/wp\/v2\/media\/13852"}],"wp:attachment":[{"href":"https:\/\/olemosaic.orbitalia.org\/pt-pt\/wp-json\/wp\/v2\/media?parent=37194"}],"wp:term":[{"taxonomy":"product_brand","embeddable":true,"href":"https:\/\/olemosaic.orbitalia.org\/pt-pt\/wp-json\/wp\/v2\/product_brand?post=37194"},{"taxonomy":"product_cat","embeddable":true,"href":"https:\/\/olemosaic.orbitalia.org\/pt-pt\/wp-json\/wp\/v2\/product_cat?post=37194"},{"taxonomy":"product_tag","embeddable":true,"href":"https:\/\/olemosaic.orbitalia.org\/pt-pt\/wp-json\/wp\/v2\/product_tag?post=37194"}],"curies":[{"name":"wp","href":"https:\/\/api.w.org\/{rel}","templated":true}]}}