{"id":37189,"date":"2025-02-20T22:37:08","date_gmt":"2025-02-20T22:37:08","guid":{"rendered":"https:\/\/olemosaic.orbitalia.org\/producto\/bola-de-navidad-con-caja-salamandra-y-flores-lanzarote\/"},"modified":"2025-07-25T18:46:17","modified_gmt":"2025-07-25T16:46:17","slug":"bola-de-natal-com-caixa-salamandra-e-flores-lanzarote","status":"publish","type":"product","link":"https:\/\/olemosaic.orbitalia.org\/pt-pt\/produto\/bola-de-natal-com-caixa-salamandra-e-flores-lanzarote\/","title":{"rendered":"Bola de Natal com caixa. Salamandra e flores. Lanzarote."},"content":{"rendered":"<p>Esta bola de Natal decorativa, apresentada numa caixa elegante, \u00e9 um reflexo fiel da vibrante cultura de Lanzarote. Com um design cativante que inclui uma salamandra e flores, este adorno \u00e9 fabricado com materiais cer\u00e2micos de alta qualidade. O acabamento brilhante real\u00e7a a arte do mosaico caracter\u00edstica da ilha, com cores vibrantes numa combina\u00e7\u00e3o de verde, vermelho e amarelo sobre um fundo branco que irradia alegria festiva.<\/p>\n<p>A salamandra, s\u00edmbolo da fauna local, confere um toque distintivo que liga a pe\u00e7a \u00e0 rica biodiversidade de Lanzarote, enquanto as flores acrescentam um toque de frescura e vitalidade. Esta recorda\u00e7\u00e3o n\u00e3o s\u00f3 \u00e9 perfeita para decorar a sua \u00e1rvore de Natal, como tamb\u00e9m serve como uma preciosa lembran\u00e7a das suas visitas a esta singular ilha can\u00e1ria.<\/p>\n<p>Na Ol\u00e9 Mosaic, orgulhamo-nos de oferecer produtos aut\u00eanticos que capturam a ess\u00eancia cultural das suas regi\u00f5es. Esta bola de Natal \u00e9 uma excelente op\u00e7\u00e3o para lojas de presentes tur\u00edsticos que procuram recorda\u00e7\u00f5es representativas de Lanzarote. Ideal para quem deseja levar um peda\u00e7o desta bela ilha, \u00e9 um produto que real\u00e7a o calor e a cor das celebra\u00e7\u00f5es natal\u00edcias, tornando-se um presente perfeito para amigos e familiares.<\/p>\n","protected":false},"excerpt":{"rendered":"<p>Bola de Natal decorativa com caixa, inspirada na vibrante cultura de Lanzarote. Este adorno apresenta um design colorido com uma salamandra e flores, realizado em cer\u00e2mica. A t\u00e9cnica utilizada \u00e9 um acabamento brilhante que evoca a caracter\u00edstica arte do mosaico da ilha, com detalhes em verde, vermelho e amarelo sobre um fundo branco. Ideal para adicionar um toque festivo e representar a ess\u00eancia de Lanzarote nas suas celebra\u00e7\u00f5es natal\u00edcias.<\/p>\n","protected":false},"featured_media":13847,"template":"","meta":{"_acf_changed":false},"product_brand":[],"product_cat":[652],"product_tag":[516,642],"class_list":{"0":"post-37189","1":"product","2":"type-product","3":"status-publish","4":"has-post-thumbnail","6":"product_cat-bolas-de-natal","7":"product_tag-animais","8":"product_tag-natal","9":"pa_ciudad-lanzarote","10":"pa_motivo-salamandras","11":"pa_pais-espana","13":"first","14":"instock","15":"shipping-taxable","16":"product-type-simple"},"acf":[],"_links":{"self":[{"href":"https:\/\/olemosaic.orbitalia.org\/pt-pt\/wp-json\/wp\/v2\/product\/37189","targetHints":{"allow":["GET"]}}],"collection":[{"href":"https:\/\/olemosaic.orbitalia.org\/pt-pt\/wp-json\/wp\/v2\/product"}],"about":[{"href":"https:\/\/olemosaic.orbitalia.org\/pt-pt\/wp-json\/wp\/v2\/types\/product"}],"wp:featuredmedia":[{"embeddable":true,"href":"https:\/\/olemosaic.orbitalia.org\/pt-pt\/wp-json\/wp\/v2\/media\/13847"}],"wp:attachment":[{"href":"https:\/\/olemosaic.orbitalia.org\/pt-pt\/wp-json\/wp\/v2\/media?parent=37189"}],"wp:term":[{"taxonomy":"product_brand","embeddable":true,"href":"https:\/\/olemosaic.orbitalia.org\/pt-pt\/wp-json\/wp\/v2\/product_brand?post=37189"},{"taxonomy":"product_cat","embeddable":true,"href":"https:\/\/olemosaic.orbitalia.org\/pt-pt\/wp-json\/wp\/v2\/product_cat?post=37189"},{"taxonomy":"product_tag","embeddable":true,"href":"https:\/\/olemosaic.orbitalia.org\/pt-pt\/wp-json\/wp\/v2\/product_tag?post=37189"}],"curies":[{"name":"wp","href":"https:\/\/api.w.org\/{rel}","templated":true}]}}