{"id":37188,"date":"2025-02-20T22:37:08","date_gmt":"2025-02-20T22:37:08","guid":{"rendered":"https:\/\/olemosaic.orbitalia.org\/producto\/bola-de-navidad-con-caja-sardinas-valencia\/"},"modified":"2025-07-25T18:33:41","modified_gmt":"2025-07-25T16:33:41","slug":"bola-de-natal-com-caixa-sardinhas-valencia","status":"publish","type":"product","link":"https:\/\/olemosaic.orbitalia.org\/pt-pt\/produto\/bola-de-natal-com-caixa-sardinhas-valencia\/","title":{"rendered":"Bola de Natal com caixa. Sardinhas. Val\u00eancia."},"content":{"rendered":"<p>Esta bola de Natal decorativa \u00e9 uma recorda\u00e7\u00e3o encantadora de Val\u00eancia, ideal para quem deseja levar um peda\u00e7o da rica tradi\u00e7\u00e3o cultural espanhola. Inspirada na emblem\u00e1tica celebra\u00e7\u00e3o das sardinhas, este adorno apresenta um design vibrante e alegre que combina as cores vermelho, verde e azul, ilustrando alegres sardinhas a nadar sobre um fundo de azulejos brancos t\u00edpicos da regi\u00e3o. A escolha destas cores n\u00e3o s\u00f3 real\u00e7a o esp\u00edrito festivo da costa valenciana, como tamb\u00e9m evoca a alegria da \u00e9poca natal\u00edcia. A bola completa-se com uma elegante fita roxa, perfeita para pendurar na \u00e1rvore de Natal, acrescentando um toque de distin\u00e7\u00e3o a qualquer decora\u00e7\u00e3o. Esta recorda\u00e7\u00e3o captura a ess\u00eancia das festas valencianas, sendo uma lembran\u00e7a nost\u00e1lgica das tradicionais festividades locais. Na Ol\u00e9 Mosaic, como grossista de recorda\u00e7\u00f5es \u00fanicas e aut\u00eanticas, oferecemos produtos que refletem a hist\u00f3ria e a cultura de cada regi\u00e3o. Esta bola de Natal \u00e9 uma excelente op\u00e7\u00e3o para lojas de presentes tur\u00edsticos que procuram oferecer aos seus clientes recorda\u00e7\u00f5es significativas e representativas de Val\u00eancia e da sua rica heran\u00e7a cultural.<\/p>\n","protected":false},"excerpt":{"rendered":"<p>Bola de Natal decorativa com caixa, inspirada na tradi\u00e7\u00e3o das sardinhas valencianas. Este adorno apresenta um design vibrante e alegre, com motivos de sardinhas em vermelho, verde e azul sobre um fundo de azulejos brancos t\u00edpicos da regi\u00e3o. A bola \u00e9 acompanhada por uma fita roxa, perfeita para pendurar na \u00e1rvore de Natal. Uma recorda\u00e7\u00e3o especial que captura a ess\u00eancia festiva da costa valenciana.<\/p>\n","protected":false},"featured_media":9849,"template":"","meta":{"_acf_changed":false},"product_brand":[],"product_cat":[652],"product_tag":[516,642],"class_list":{"0":"post-37188","1":"product","2":"type-product","3":"status-publish","4":"has-post-thumbnail","6":"product_cat-bolas-de-natal","7":"product_tag-animais","8":"product_tag-natal","9":"pa_ciudad-valencia","10":"pa_motivo-sardinhas","11":"pa_pais-espana","13":"first","14":"instock","15":"shipping-taxable","16":"product-type-simple"},"acf":[],"_links":{"self":[{"href":"https:\/\/olemosaic.orbitalia.org\/pt-pt\/wp-json\/wp\/v2\/product\/37188","targetHints":{"allow":["GET"]}}],"collection":[{"href":"https:\/\/olemosaic.orbitalia.org\/pt-pt\/wp-json\/wp\/v2\/product"}],"about":[{"href":"https:\/\/olemosaic.orbitalia.org\/pt-pt\/wp-json\/wp\/v2\/types\/product"}],"wp:featuredmedia":[{"embeddable":true,"href":"https:\/\/olemosaic.orbitalia.org\/pt-pt\/wp-json\/wp\/v2\/media\/9849"}],"wp:attachment":[{"href":"https:\/\/olemosaic.orbitalia.org\/pt-pt\/wp-json\/wp\/v2\/media?parent=37188"}],"wp:term":[{"taxonomy":"product_brand","embeddable":true,"href":"https:\/\/olemosaic.orbitalia.org\/pt-pt\/wp-json\/wp\/v2\/product_brand?post=37188"},{"taxonomy":"product_cat","embeddable":true,"href":"https:\/\/olemosaic.orbitalia.org\/pt-pt\/wp-json\/wp\/v2\/product_cat?post=37188"},{"taxonomy":"product_tag","embeddable":true,"href":"https:\/\/olemosaic.orbitalia.org\/pt-pt\/wp-json\/wp\/v2\/product_tag?post=37188"}],"curies":[{"name":"wp","href":"https:\/\/api.w.org\/{rel}","templated":true}]}}