{"id":37184,"date":"2025-02-20T22:37:07","date_gmt":"2025-02-20T22:37:07","guid":{"rendered":"https:\/\/olemosaic.orbitalia.org\/producto\/bola-de-navidad-con-caja-mosaico-fuerteventura\/"},"modified":"2025-07-25T19:27:31","modified_gmt":"2025-07-25T17:27:31","slug":"bola-de-natal-com-caixa-mosaico-fuerteventura","status":"publish","type":"product","link":"https:\/\/olemosaic.orbitalia.org\/pt-pt\/produto\/bola-de-natal-com-caixa-mosaico-fuerteventura\/","title":{"rendered":"Bola de Natal com caixa. Mosaico. Fuerteventura."},"content":{"rendered":"<p>Esta encantadora recorda\u00e7\u00e3o \u00e9 uma bola de Natal com um design de mosaico inspirado nas cores vibrantes de Fuerteventura, uma das preciosas ilhas do arquip\u00e9lago can\u00e1rio. Esta ornamenta\u00e7\u00e3o festiva apresenta uma atraente colagem de motivos geom\u00e9tricos numa paleta de tons azuis, laranjas e amarelos, que evocam a rica heran\u00e7a cultural e a beleza natural da ilha. A inscri\u00e7\u00e3o &#8220;Fuerteventura&#8221; em letras pretas destaca-se proeminentemente no design, aportando um toque pessoal que a torna uma excelente recorda\u00e7\u00e3o natal\u00edcia para quem visitou esta regi\u00e3o singular.<\/p>\n<p>O mosaico da bola reflete a tradi\u00e7\u00e3o artesanal que caracteriza as Ilhas Can\u00e1rias, onde os padr\u00f5es geom\u00e9tricos s\u00e3o emblem\u00e1ticos na sua arquitetura e artesanato. Este elemento decorativo n\u00e3o s\u00f3 embeleza a \u00e1rvore de Natal, como tamb\u00e9m serve como um lembrete tang\u00edvel de momentos especiais vividos na ilha. Apresentada numa elegante caixa decorativa, esta bola de Natal \u00e9 um presente ideal para quem procura souvenirs de Fuerteventura, e a sua autenticidade real\u00e7a o seu valor cultural como uma recorda\u00e7\u00e3o representativa da regi\u00e3o.<\/p>\n<p>Na Ol\u00e9 Mosaic, especializamo-nos na distribui\u00e7\u00e3o de souvenirs por grosso, e esta bola de Natal \u00e9 uma magn\u00edfica op\u00e7\u00e3o para lojas de presentes tur\u00edsticos. Acrescente um toque de cor e tradi\u00e7\u00e3o can\u00e1ria \u00e0s suas decora\u00e7\u00f5es natal\u00edcias com esta recorda\u00e7\u00e3o exclusiva que celebrar\u00e1 ano ap\u00f3s ano.<\/p>\n","protected":false},"excerpt":{"rendered":"<p>Bola de Natal com design de mosaico, inspirada nas cores vibrantes de Fuerteventura. Esta ornamenta\u00e7\u00e3o festiva apresenta uma colagem de motivos geom\u00e9tricos em tons azuis, laranjas e amarelos, evocando a rica heran\u00e7a cultural das Ilhas Can\u00e1rias. Inclui uma caixa decorativa, o que a torna um presente perfeito. A inscri\u00e7\u00e3o &#8220;Fuerteventura&#8221; em letras pretas destaca-se no design, acrescentando um toque pessoal \u00e0s suas decora\u00e7\u00f5es natal\u00edcias.<\/p>\n","protected":false},"featured_media":13843,"template":"","meta":{"_acf_changed":false},"product_brand":[],"product_cat":[652],"product_tag":[642],"class_list":{"0":"post-37184","1":"product","2":"type-product","3":"status-publish","4":"has-post-thumbnail","6":"product_cat-bolas-de-natal","7":"product_tag-natal","8":"pa_ciudad-fuerteventura","9":"pa_motivo-mosaico","10":"pa_pais-espana","12":"first","13":"instock","14":"shipping-taxable","15":"product-type-simple"},"acf":[],"_links":{"self":[{"href":"https:\/\/olemosaic.orbitalia.org\/pt-pt\/wp-json\/wp\/v2\/product\/37184","targetHints":{"allow":["GET"]}}],"collection":[{"href":"https:\/\/olemosaic.orbitalia.org\/pt-pt\/wp-json\/wp\/v2\/product"}],"about":[{"href":"https:\/\/olemosaic.orbitalia.org\/pt-pt\/wp-json\/wp\/v2\/types\/product"}],"wp:featuredmedia":[{"embeddable":true,"href":"https:\/\/olemosaic.orbitalia.org\/pt-pt\/wp-json\/wp\/v2\/media\/13843"}],"wp:attachment":[{"href":"https:\/\/olemosaic.orbitalia.org\/pt-pt\/wp-json\/wp\/v2\/media?parent=37184"}],"wp:term":[{"taxonomy":"product_brand","embeddable":true,"href":"https:\/\/olemosaic.orbitalia.org\/pt-pt\/wp-json\/wp\/v2\/product_brand?post=37184"},{"taxonomy":"product_cat","embeddable":true,"href":"https:\/\/olemosaic.orbitalia.org\/pt-pt\/wp-json\/wp\/v2\/product_cat?post=37184"},{"taxonomy":"product_tag","embeddable":true,"href":"https:\/\/olemosaic.orbitalia.org\/pt-pt\/wp-json\/wp\/v2\/product_tag?post=37184"}],"curies":[{"name":"wp","href":"https:\/\/api.w.org\/{rel}","templated":true}]}}