{"id":37182,"date":"2025-02-20T22:37:07","date_gmt":"2025-02-20T22:37:07","guid":{"rendered":"https:\/\/olemosaic.orbitalia.org\/producto\/bola-de-navidad-con-caja-sardinas\/"},"modified":"2025-07-25T19:15:17","modified_gmt":"2025-07-25T17:15:17","slug":"bola-de-natal-com-caixa-sardinhas","status":"publish","type":"product","link":"https:\/\/olemosaic.orbitalia.org\/pt-pt\/produto\/bola-de-natal-com-caixa-sardinhas\/","title":{"rendered":"Bola de Natal com caixa. Sardinhas."},"content":{"rendered":"<p>Esta bola de Natal com caixa \u00e9 um adorno festivo que captura a ess\u00eancia da cultura mediterr\u00e2nica atrav\u00e9s de um design vibrante e colorido, ideal para embelezar qualquer \u00e1rvore de Natal. Decorada com uma chamativa sardinha amarela, destaca-se sobre um fundo de azulejos em tons azuis e brancos, que evocam as pitorescas costas de Espanha e a sua rica tradi\u00e7\u00e3o pesqueira. A sardinha, s\u00edmbolo da gastronomia mediterr\u00e2nica, n\u00e3o s\u00f3 acrescenta um toque l\u00fadico, como tamb\u00e9m representa um elemento ic\u00f3nico da cultura local.<\/p>\n<p>O pl\u00e1stico de alta qualidade garante a sua durabilidade, enquanto a cuidada caixa de apresenta\u00e7\u00e3o a torna um presente perfeito, al\u00e9m de facilitar o seu armazenamento ap\u00f3s a \u00e9poca natal\u00edcia. Este adorno n\u00e3o \u00e9 apenas uma op\u00e7\u00e3o est\u00e9tica, mas tamb\u00e9m representa uma recorda\u00e7\u00e3o aut\u00eantica e significativa, ideal para turistas que procuram souvenirs que reflitam a heran\u00e7a cultural e as tradi\u00e7\u00f5es de Espanha.<\/p>\n<p>Na Ol\u00e9 Mosaic, somos especialistas na distribui\u00e7\u00e3o de souvenirs por grosso, e este adorno natal\u00edcio \u00e9 uma excelente op\u00e7\u00e3o para lojas de presentes tur\u00edsticos que procuram produtos \u00fanicos e representativos. Com o seu design atraente e a sua liga\u00e7\u00e3o cultural, esta bola de Natal com sardinhas posiciona-se como um excelente souvenir, aportando um toque festivo e cultural \u00e0 \u00e9poca natal\u00edcia.<\/p>\n","protected":false},"excerpt":{"rendered":"<p>Bola de Natal com caixa, decorada com uma colorida sardinha sobre um fundo de azulejos. Este adorno natal\u00edcio de pl\u00e1stico apresenta um design vibrante, com uma sardinha amarela que se destaca sobre um padr\u00e3o azul e branco, evocando a tradi\u00e7\u00e3o pesqueira das costas espanholas. Perfeita para dar um toque festivo e cultural \u00e0 sua \u00e1rvore de Natal, esta bola inclui uma caixa de apresenta\u00e7\u00e3o ideal para oferecer ou guardar.<\/p>\n","protected":false},"featured_media":9828,"template":"","meta":{"_acf_changed":false},"product_brand":[],"product_cat":[652],"product_tag":[516,642],"class_list":{"0":"post-37182","1":"product","2":"type-product","3":"status-publish","4":"has-post-thumbnail","6":"product_cat-bolas-de-natal","7":"product_tag-animais","8":"product_tag-natal","9":"pa_motivo-sardinhas","11":"first","12":"instock","13":"shipping-taxable","14":"product-type-simple"},"acf":[],"_links":{"self":[{"href":"https:\/\/olemosaic.orbitalia.org\/pt-pt\/wp-json\/wp\/v2\/product\/37182","targetHints":{"allow":["GET"]}}],"collection":[{"href":"https:\/\/olemosaic.orbitalia.org\/pt-pt\/wp-json\/wp\/v2\/product"}],"about":[{"href":"https:\/\/olemosaic.orbitalia.org\/pt-pt\/wp-json\/wp\/v2\/types\/product"}],"wp:featuredmedia":[{"embeddable":true,"href":"https:\/\/olemosaic.orbitalia.org\/pt-pt\/wp-json\/wp\/v2\/media\/9828"}],"wp:attachment":[{"href":"https:\/\/olemosaic.orbitalia.org\/pt-pt\/wp-json\/wp\/v2\/media?parent=37182"}],"wp:term":[{"taxonomy":"product_brand","embeddable":true,"href":"https:\/\/olemosaic.orbitalia.org\/pt-pt\/wp-json\/wp\/v2\/product_brand?post=37182"},{"taxonomy":"product_cat","embeddable":true,"href":"https:\/\/olemosaic.orbitalia.org\/pt-pt\/wp-json\/wp\/v2\/product_cat?post=37182"},{"taxonomy":"product_tag","embeddable":true,"href":"https:\/\/olemosaic.orbitalia.org\/pt-pt\/wp-json\/wp\/v2\/product_tag?post=37182"}],"curies":[{"name":"wp","href":"https:\/\/api.w.org\/{rel}","templated":true}]}}