{"id":37178,"date":"2025-02-20T23:37:06","date_gmt":"2025-02-20T22:37:06","guid":{"rendered":"https:\/\/olemosaic.orbitalia.org\/producto\/bola-de-navidad-con-caja-sagrada-familia-barcelona-2\/"},"modified":"2025-07-25T20:17:07","modified_gmt":"2025-07-25T18:17:07","slug":"bola-de-natal-com-caixa-sagrada-familia-barcelona-2","status":"publish","type":"product","link":"https:\/\/olemosaic.orbitalia.org\/pt-pt\/produto\/bola-de-natal-com-caixa-sagrada-familia-barcelona-2\/","title":{"rendered":"Bola de Natal com caixa. Sagrada Fam\u00edlia. Barcelona."},"content":{"rendered":"<p>Esta bola de Natal de cer\u00e2mica, apresentada numa caixa decorativa, \u00e9 uma aut\u00eantica homenagem \u00e0 emblem\u00e1tica Sagrada Fam\u00edlia de Barcelona. Pintada \u00e0 m\u00e3o com cores vibrantes, esta pe\u00e7a reflete o famoso estilo modernista do arquiteto Antoni Gaud\u00ed. A representa\u00e7\u00e3o da Sagrada Fam\u00edlia destaca-se pelas suas formas org\u00e2nicas e pormenores arquitet\u00f3nicos, que capturam a ess\u00eancia desta majestosa obra, transformando cada bola numa pe\u00e7a \u00fanica de arte funcional.<\/p>\n<p>O fundo da bola sugere um mosaico que recorda os coloridos vitrais da catedral, enquanto os seus tons chamativos de vermelho, azul, amarelo e verde evocam o calor e a criatividade da cidade condal. Inclui um la\u00e7o roxo que, al\u00e9m de facilitar a sua coloca\u00e7\u00e3o na \u00e1rvore, adiciona um toque festivo, permitindo que esta bola se torne o centro das aten\u00e7\u00f5es durante as celebra\u00e7\u00f5es natal\u00edcias.<\/p>\n<p>Como lembran\u00e7a, esta bola de Natal da Sagrada Fam\u00edlia \u00e9 um presente perfeito que encapsula a arquitetura ic\u00f3nica e o patrim\u00f3nio cultural de Barcelona. Ideal para turistas e amantes da cultura que procuram recorda\u00e7\u00f5es aut\u00eanticas e representativas. Na Ol\u00e9 Mosaic, especializamo-nos na distribui\u00e7\u00e3o por grosso de lembran\u00e7as de cer\u00e2mica, oferecendo produtos que celebram a rica hist\u00f3ria e a arte de Espanha, ideais para lojas de presentes tur\u00edsticos que desejam oferecer artigos distintivos e de qualidade.<\/p>\n","protected":false},"excerpt":{"rendered":"<p>Bola de Natal com uma caixa decorada com uma representa\u00e7\u00e3o vibrante da Sagrada Fam\u00edlia de Barcelona. Este adorno, de cer\u00e2mica com design artesanal, pintado \u00e0 m\u00e3o, apresenta cores brilhantes e pormenores art\u00edsticos numa composi\u00e7\u00e3o que evoca o famoso estilo modernista de Gaud\u00ed. Inclui um la\u00e7o roxo para pendur\u00e1-la facilmente na \u00e1rvore, tornando-se uma bela recorda\u00e7\u00e3o da ic\u00f3nica arquitetura da cidade. Ideal para oferecer ou para adicionar um toque festivo ao seu lar.<\/p>\n","protected":false},"featured_media":13838,"template":"","meta":{"_acf_changed":false},"product_brand":[],"product_cat":[652],"product_tag":[642],"class_list":{"0":"post-37178","1":"product","2":"type-product","3":"status-publish","4":"has-post-thumbnail","6":"product_cat-bolas-de-natal","7":"product_tag-natal","8":"pa_ciudad-barcelona","9":"pa_motivo-sagrada-familia","10":"pa_pais-espana","12":"first","13":"instock","14":"shipping-taxable","15":"product-type-simple"},"acf":[],"_links":{"self":[{"href":"https:\/\/olemosaic.orbitalia.org\/pt-pt\/wp-json\/wp\/v2\/product\/37178","targetHints":{"allow":["GET"]}}],"collection":[{"href":"https:\/\/olemosaic.orbitalia.org\/pt-pt\/wp-json\/wp\/v2\/product"}],"about":[{"href":"https:\/\/olemosaic.orbitalia.org\/pt-pt\/wp-json\/wp\/v2\/types\/product"}],"wp:featuredmedia":[{"embeddable":true,"href":"https:\/\/olemosaic.orbitalia.org\/pt-pt\/wp-json\/wp\/v2\/media\/13838"}],"wp:attachment":[{"href":"https:\/\/olemosaic.orbitalia.org\/pt-pt\/wp-json\/wp\/v2\/media?parent=37178"}],"wp:term":[{"taxonomy":"product_brand","embeddable":true,"href":"https:\/\/olemosaic.orbitalia.org\/pt-pt\/wp-json\/wp\/v2\/product_brand?post=37178"},{"taxonomy":"product_cat","embeddable":true,"href":"https:\/\/olemosaic.orbitalia.org\/pt-pt\/wp-json\/wp\/v2\/product_cat?post=37178"},{"taxonomy":"product_tag","embeddable":true,"href":"https:\/\/olemosaic.orbitalia.org\/pt-pt\/wp-json\/wp\/v2\/product_tag?post=37178"}],"curies":[{"name":"wp","href":"https:\/\/api.w.org\/{rel}","templated":true}]}}