{"id":37177,"date":"2025-02-20T23:37:06","date_gmt":"2025-02-20T22:37:06","guid":{"rendered":"https:\/\/olemosaic.orbitalia.org\/producto\/bol-de-coco-rojo-sardina-lisboa-6\/"},"modified":"2025-07-25T20:20:07","modified_gmt":"2025-07-25T18:20:07","slug":"taca-de-coco-vermelha-sardinha-lisboa-6","status":"publish","type":"product","link":"https:\/\/olemosaic.orbitalia.org\/pt-pt\/produto\/taca-de-coco-vermelha-sardinha-lisboa-6\/","title":{"rendered":"Ta\u00e7a de coco vermelha. Sardinha. Padr\u00e3o cora\u00e7\u00f5es. Lisboa."},"content":{"rendered":"<p>Esta ta\u00e7a de coco vermelha, inspirada na rica tradi\u00e7\u00e3o de Lisboa, \u00e9 uma pe\u00e7a \u00fanica que captura a ess\u00eancia do folclore portugu\u00eas. O seu acabamento brilhante real\u00e7a um tom vermelho vibrante, enquanto as bordas s\u00e3o adornadas com pormenores encantadores de cora\u00e7\u00f5es, todos pintados \u00e0 m\u00e3o por artes\u00e3os locais. No centro da ta\u00e7a, uma sardinha elegantemente desenhada num tom rosa brilhante e com pormenores marcados a preto torna-se a atra\u00e7\u00e3o principal desta obra de arte culin\u00e1ria e decorativa.<\/p>\n<p>Esta ta\u00e7a n\u00e3o \u00e9 apenas um recipiente funcional ideal para servir tapas ou aperitivos, mas tamb\u00e9m atua como uma bela pe\u00e7a decorativa que far\u00e1 brilhar qualquer mesa. A sardinha, um s\u00edmbolo emblem\u00e1tico da cozinha portuguesa, destaca-se nesta pe\u00e7a, refletindo a tradi\u00e7\u00e3o gastron\u00f3mica de Lisboa, conhecida pelas suas deliciosas sardinhas assadas e pela sua liga\u00e7\u00e3o \u00e0s festividades locais.<\/p>\n<p>Na Ol\u00e9 Mosaic, especializamo-nos na distribui\u00e7\u00e3o de lembran\u00e7as por grosso, e esta ta\u00e7a de coco \u00e9 um magn\u00edfico exemplo da autenticidade que oferecemos. Perfeita para lojas de presentes tur\u00edsticos, esta ta\u00e7a de coco vermelha \u00e9 uma excelente op\u00e7\u00e3o para quem procura lembran\u00e7as que unam arte, cultura e funcionalidade. Como grossistas de lembran\u00e7as, garantimos que cada pe\u00e7a reflete a riqueza cultural da sua origem.<\/p>\n","protected":false},"excerpt":{"rendered":"<p>Ta\u00e7a de coco vermelha, inspirada na tradi\u00e7\u00e3o lisboeta, decorada com um design muito especial de sardinha. Esta ta\u00e7a vibrante destaca-se pelo seu acabamento brilhante e pelos pormenores em forma de cora\u00e7\u00e3o \u00e0 volta da borda, tudo com design artesanal, pintado \u00e0 m\u00e3o. A sardinha, de um elegante tom rosa e com marcas pretas, situa-se no centro, conferindo um toque cultural a qualquer mesa. Ideal para uso decorativo ou como recipiente funcional, reflete o folclore e a ess\u00eancia da cozinha portuguesa.<\/p>\n","protected":false},"featured_media":10176,"template":"","meta":{"_acf_changed":false},"product_brand":[],"product_cat":[513],"product_tag":[516],"class_list":{"0":"post-37177","1":"product","2":"type-product","3":"status-publish","4":"has-post-thumbnail","6":"product_cat-bols","7":"product_tag-animais","8":"pa_ciudad-lisboa","9":"pa_motivo-sardinhas","10":"pa_pais-portugal","12":"first","13":"instock","14":"shipping-taxable","15":"product-type-simple"},"acf":[],"_links":{"self":[{"href":"https:\/\/olemosaic.orbitalia.org\/pt-pt\/wp-json\/wp\/v2\/product\/37177","targetHints":{"allow":["GET"]}}],"collection":[{"href":"https:\/\/olemosaic.orbitalia.org\/pt-pt\/wp-json\/wp\/v2\/product"}],"about":[{"href":"https:\/\/olemosaic.orbitalia.org\/pt-pt\/wp-json\/wp\/v2\/types\/product"}],"wp:featuredmedia":[{"embeddable":true,"href":"https:\/\/olemosaic.orbitalia.org\/pt-pt\/wp-json\/wp\/v2\/media\/10176"}],"wp:attachment":[{"href":"https:\/\/olemosaic.orbitalia.org\/pt-pt\/wp-json\/wp\/v2\/media?parent=37177"}],"wp:term":[{"taxonomy":"product_brand","embeddable":true,"href":"https:\/\/olemosaic.orbitalia.org\/pt-pt\/wp-json\/wp\/v2\/product_brand?post=37177"},{"taxonomy":"product_cat","embeddable":true,"href":"https:\/\/olemosaic.orbitalia.org\/pt-pt\/wp-json\/wp\/v2\/product_cat?post=37177"},{"taxonomy":"product_tag","embeddable":true,"href":"https:\/\/olemosaic.orbitalia.org\/pt-pt\/wp-json\/wp\/v2\/product_tag?post=37177"}],"curies":[{"name":"wp","href":"https:\/\/api.w.org\/{rel}","templated":true}]}}