{"id":37171,"date":"2025-02-20T23:37:05","date_gmt":"2025-02-20T22:37:05","guid":{"rendered":"https:\/\/olemosaic.orbitalia.org\/producto\/bol-de-coco-rojo-sardina-lisboa-3\/"},"modified":"2025-07-25T19:42:49","modified_gmt":"2025-07-25T17:42:49","slug":"taca-de-coco-vermelha-sardinha-lisboa-3","status":"publish","type":"product","link":"https:\/\/olemosaic.orbitalia.org\/pt-pt\/produto\/taca-de-coco-vermelha-sardinha-lisboa-3\/","title":{"rendered":"Ta\u00e7a de coco vermelha. Sardinha. Mosaico. Vermelho. Lisboa."},"content":{"rendered":"<p>Esta ta\u00e7a de coco vermelha, decorada \u00e0 m\u00e3o, \u00e9 uma aut\u00eantica homenagem \u00e0 tradi\u00e7\u00e3o piscat\u00f3ria lisboeta, desenhada para captar a ess\u00eancia vibrante da cultura portuguesa. A sua cor vermelha chamativa evoca o calor do sol do Algarve, enquanto o seu padr\u00e3o de escamas, meticulosamente pintado, recorda a beleza e o dinamismo da vida marinha. No centro desta obra, destaca-se uma delicada sardinha dourada, s\u00edmbolo ic\u00f3nico da gastronomia lisboeta, que confere um toque de eleg\u00e2ncia e autenticidade.<\/p>\n<p>A destreza artesanal manifesta-se em cada detalhe, desde a textura vis\u00edvel das escamas at\u00e9 ao acabamento dourado da sardinha, o que torna esta ta\u00e7a n\u00e3o s\u00f3 num elemento funcional, mas tamb\u00e9m numa pe\u00e7a decorativa que enriquece qualquer espa\u00e7o. Este souvenir de Lisboa \u00e9 ideal para quem procura levar um peda\u00e7o da cultura portuguesa para sua casa, recordando as tradi\u00e7\u00f5es das suas ruas e mercados.<\/p>\n<p>Na Ol\u00e9 Mosaic, somos distribuidores de produtos aut\u00eanticos e de qualidade, e esta ta\u00e7a de coco vermelha \u00e9 uma excelente op\u00e7\u00e3o para lojas de presentes tur\u00edsticos que desejem oferecer aut\u00eanticos souvenirs de Lisboa. Al\u00e9m do seu apelo visual, a sua relev\u00e2ncia cultural torna-a num presente memor\u00e1vel que celebra a rica heran\u00e7a de Portugal.<\/p>\n","protected":false},"excerpt":{"rendered":"<p>Ta\u00e7a de coco vermelha decorada com estilo artesanal, inspirada na tradi\u00e7\u00e3o piscat\u00f3ria lisboeta. Esta singular ta\u00e7a apresenta um design vibrante em tons vermelhos, com padr\u00f5es que evocam as escamas de um peixe, e um delicado motivo central de uma sardinha pintada em dourado. O requintado trabalho artesanal reflete-se em cada detalhe, oferecendo um toque de cor e cultura portuguesa, ideal como souvenir ou elemento decorativo em qualquer casa.<\/p>\n","protected":false},"featured_media":10085,"template":"","meta":{"_acf_changed":false},"product_brand":[],"product_cat":[513],"product_tag":[516],"class_list":{"0":"post-37171","1":"product","2":"type-product","3":"status-publish","4":"has-post-thumbnail","6":"product_cat-bols","7":"product_tag-animais","8":"pa_ciudad-lisboa","9":"pa_motivo-sardinhas","10":"pa_pais-portugal","12":"first","13":"instock","14":"shipping-taxable","15":"product-type-simple"},"acf":[],"_links":{"self":[{"href":"https:\/\/olemosaic.orbitalia.org\/pt-pt\/wp-json\/wp\/v2\/product\/37171","targetHints":{"allow":["GET"]}}],"collection":[{"href":"https:\/\/olemosaic.orbitalia.org\/pt-pt\/wp-json\/wp\/v2\/product"}],"about":[{"href":"https:\/\/olemosaic.orbitalia.org\/pt-pt\/wp-json\/wp\/v2\/types\/product"}],"wp:featuredmedia":[{"embeddable":true,"href":"https:\/\/olemosaic.orbitalia.org\/pt-pt\/wp-json\/wp\/v2\/media\/10085"}],"wp:attachment":[{"href":"https:\/\/olemosaic.orbitalia.org\/pt-pt\/wp-json\/wp\/v2\/media?parent=37171"}],"wp:term":[{"taxonomy":"product_brand","embeddable":true,"href":"https:\/\/olemosaic.orbitalia.org\/pt-pt\/wp-json\/wp\/v2\/product_brand?post=37171"},{"taxonomy":"product_cat","embeddable":true,"href":"https:\/\/olemosaic.orbitalia.org\/pt-pt\/wp-json\/wp\/v2\/product_cat?post=37171"},{"taxonomy":"product_tag","embeddable":true,"href":"https:\/\/olemosaic.orbitalia.org\/pt-pt\/wp-json\/wp\/v2\/product_tag?post=37171"}],"curies":[{"name":"wp","href":"https:\/\/api.w.org\/{rel}","templated":true}]}}