{"id":37169,"date":"2025-02-20T23:37:04","date_gmt":"2025-02-20T22:37:04","guid":{"rendered":"https:\/\/olemosaic.orbitalia.org\/producto\/bol-de-coco-rojo-sardina-lisboa-2\/"},"modified":"2025-07-25T20:30:27","modified_gmt":"2025-07-25T18:30:27","slug":"taca-de-coco-vermelha-sardinha-lisboa-2","status":"publish","type":"product","link":"https:\/\/olemosaic.orbitalia.org\/pt-pt\/produto\/taca-de-coco-vermelha-sardinha-lisboa-2\/","title":{"rendered":"Ta\u00e7a de coco vermelha. Sardinha. Azulejos portugueses. Lisboa."},"content":{"rendered":"<p>Esta ta\u00e7a de coco vermelha com design de sardinha \u00e9 uma lembran\u00e7a ideal que evoca a ess\u00eancia culin\u00e1ria de Lisboa, a vibrante capital portuguesa. A sua base vermelha intensa real\u00e7a um elegante padr\u00e3o de mosaicos em tons mais claros, evocando a tradi\u00e7\u00e3o art\u00edstica e os azulejos caracter\u00edsticos da cidade. No centro, um grafismo de uma sardinha, s\u00edmbolo da gastronomia local, \u00e9 complementado com o texto &#8220;LISBOA&#8221;, tornando esta ta\u00e7a num souvenir aut\u00eantico e representativo.<\/p>\n<p>Fabricada com material de coco, esta ta\u00e7a destaca-se n\u00e3o s\u00f3 pelo seu apelo est\u00e9tico, mas tamb\u00e9m pela sua funcionalidade. \u00c9 perfeita para servir aperitivos, frutas ou mesmo como pe\u00e7a decorativa em qualquer casa, conferindo um toque do esp\u00edrito acolhedor de Lisboa. O seu design requintado e a qualidade do material tornam-na num objeto duradouro que recorda as tradi\u00e7\u00f5es culin\u00e1rias da regi\u00e3o.<\/p>\n<p>Na Ol\u00e9 Mosaic, somos distribuidores de souvenirs por grosso e oferecemos esta ta\u00e7a de coco vermelha como uma excelente op\u00e7\u00e3o para lojas de presentes tur\u00edsticos que procuram produtos aut\u00eanticos e de alta qualidade. \u00c9 o presente perfeito para quem deseja levar um peda\u00e7o de Lisboa consigo, simbolizando o calor e o sabor da cultura portuguesa.<\/p>\n","protected":false},"excerpt":{"rendered":"<p>Ta\u00e7a de coco vermelha com design de sardinha, inspirada na cultura culin\u00e1ria lisboeta. Esta atraente ta\u00e7a apresenta um fundo vermelho vibrante decorado com um padr\u00e3o de azulejos em tons mais claros e um design gr\u00e1fico de uma sardinha no centro, acompanhado pelo texto &#8220;LISBOA&#8221;. Fabricada em coco, \u00e9 ideal como elemento decorativo ou para servir aperitivos, evocando o esp\u00edrito acolhedor da cidade portuguesa.<\/p>\n","protected":false},"featured_media":11796,"template":"","meta":{"_acf_changed":false},"product_brand":[],"product_cat":[513],"product_tag":[516],"class_list":{"0":"post-37169","1":"product","2":"type-product","3":"status-publish","4":"has-post-thumbnail","6":"product_cat-bols","7":"product_tag-animais","8":"pa_ciudad-lisboa","9":"pa_motivo-sardinhas","10":"pa_pais-portugal","12":"first","13":"instock","14":"shipping-taxable","15":"product-type-simple"},"acf":[],"_links":{"self":[{"href":"https:\/\/olemosaic.orbitalia.org\/pt-pt\/wp-json\/wp\/v2\/product\/37169","targetHints":{"allow":["GET"]}}],"collection":[{"href":"https:\/\/olemosaic.orbitalia.org\/pt-pt\/wp-json\/wp\/v2\/product"}],"about":[{"href":"https:\/\/olemosaic.orbitalia.org\/pt-pt\/wp-json\/wp\/v2\/types\/product"}],"wp:featuredmedia":[{"embeddable":true,"href":"https:\/\/olemosaic.orbitalia.org\/pt-pt\/wp-json\/wp\/v2\/media\/11796"}],"wp:attachment":[{"href":"https:\/\/olemosaic.orbitalia.org\/pt-pt\/wp-json\/wp\/v2\/media?parent=37169"}],"wp:term":[{"taxonomy":"product_brand","embeddable":true,"href":"https:\/\/olemosaic.orbitalia.org\/pt-pt\/wp-json\/wp\/v2\/product_brand?post=37169"},{"taxonomy":"product_cat","embeddable":true,"href":"https:\/\/olemosaic.orbitalia.org\/pt-pt\/wp-json\/wp\/v2\/product_cat?post=37169"},{"taxonomy":"product_tag","embeddable":true,"href":"https:\/\/olemosaic.orbitalia.org\/pt-pt\/wp-json\/wp\/v2\/product_tag?post=37169"}],"curies":[{"name":"wp","href":"https:\/\/api.w.org\/{rel}","templated":true}]}}