{"id":37167,"date":"2025-02-20T23:37:04","date_gmt":"2025-02-20T22:37:04","guid":{"rendered":"https:\/\/olemosaic.orbitalia.org\/producto\/bol-de-coco-naranja-sardina-lisboa-3\/"},"modified":"2025-07-25T18:42:28","modified_gmt":"2025-07-25T16:42:28","slug":"taca-de-coco-laranja-sardinha-lisboa-3","status":"publish","type":"product","link":"https:\/\/olemosaic.orbitalia.org\/pt-pt\/produto\/taca-de-coco-laranja-sardinha-lisboa-3\/","title":{"rendered":"Ta\u00e7a de coco laranja. Sardinha. Laranja. Lisboa."},"content":{"rendered":"<p>Descubra a exclusiva ta\u00e7a de coco laranja, decorada com um design de sardinha, uma pe\u00e7a \u00fanica que presta homenagem \u00e0 rica tradi\u00e7\u00e3o piscat\u00f3ria de Lisboa. Esta preciosa ta\u00e7a destaca-se pelo seu vibrante acabamento em tons alaranjados que captam a luz e conferem um toque de calor a qualquer espa\u00e7o. A decora\u00e7\u00e3o em relevo de uma sardinha, elemento simb\u00f3lico da gastronomia local, \u00e9 real\u00e7ada com detalhe, oferecendo uma liga\u00e7\u00e3o visual com a cultura culin\u00e1ria da regi\u00e3o. Fabricada a partir da casca de coco, esta ta\u00e7a n\u00e3o \u00e9 apenas uma escolha sustent\u00e1vel, mas tamb\u00e9m um testemunho do artesanato portugu\u00eas, fundindo est\u00e9tica e funcionalidade de forma admir\u00e1vel.<\/p>\n<p>A ta\u00e7a, com a sua forma arredondada, \u00e9 ideal para servir aperitivos, como centro de mesa ou simplesmente como pe\u00e7a decorativa que evoca a ess\u00eancia do oceano Atl\u00e2ntico. Ao incluir a palavra &#8220;Lisboa&#8221; de forma destacada, este artigo torna-se uma aut\u00eantica lembran\u00e7a que recordar\u00e1 aos turistas os seus momentos na capital portuguesa.<\/p>\n<p>Na Ol\u00e9 Mosaic, somos distribuidores de souvenirs de Lisboa que garantem autenticidade e estilo. Esta ta\u00e7a de coco \u00e9 uma excelente op\u00e7\u00e3o para lojas que procuram artigos representativos e art\u00edsticos, refletindo a rica heran\u00e7a cultural de Portugal. Adicione esta ta\u00e7a de sardinha ao seu invent\u00e1rio e ofere\u00e7a aos seus clientes uma recorda\u00e7\u00e3o que combina tradi\u00e7\u00e3o, funcionalidade e um peda\u00e7o da cultura lisboeta.<\/p>\n","protected":false},"excerpt":{"rendered":"<p>Ta\u00e7a de coco laranja decorada com um design de sardinha, inspirada na rica tradi\u00e7\u00e3o piscat\u00f3ria de Lisboa. Esta bonita ta\u00e7a destaca-se pelo seu acabamento em tons laranja vibrante e detalhes em relevo que representam uma sardinha, simbolizando a gastronomia local. Feita de casca de coco, \u00e9 uma pe\u00e7a \u00fanica e artesanal que combina funcionalidade com um toque cultural, ideal para adicionar um toque lisboeta a qualquer casa.<\/p>\n","protected":false},"featured_media":10113,"template":"","meta":{"_acf_changed":false},"product_brand":[],"product_cat":[513],"product_tag":[516],"class_list":{"0":"post-37167","1":"product","2":"type-product","3":"status-publish","4":"has-post-thumbnail","6":"product_cat-bols","7":"product_tag-animais","8":"pa_ciudad-lisboa","9":"pa_motivo-sardinhas","10":"pa_pais-portugal","12":"first","13":"instock","14":"shipping-taxable","15":"product-type-simple"},"acf":[],"_links":{"self":[{"href":"https:\/\/olemosaic.orbitalia.org\/pt-pt\/wp-json\/wp\/v2\/product\/37167","targetHints":{"allow":["GET"]}}],"collection":[{"href":"https:\/\/olemosaic.orbitalia.org\/pt-pt\/wp-json\/wp\/v2\/product"}],"about":[{"href":"https:\/\/olemosaic.orbitalia.org\/pt-pt\/wp-json\/wp\/v2\/types\/product"}],"wp:featuredmedia":[{"embeddable":true,"href":"https:\/\/olemosaic.orbitalia.org\/pt-pt\/wp-json\/wp\/v2\/media\/10113"}],"wp:attachment":[{"href":"https:\/\/olemosaic.orbitalia.org\/pt-pt\/wp-json\/wp\/v2\/media?parent=37167"}],"wp:term":[{"taxonomy":"product_brand","embeddable":true,"href":"https:\/\/olemosaic.orbitalia.org\/pt-pt\/wp-json\/wp\/v2\/product_brand?post=37167"},{"taxonomy":"product_cat","embeddable":true,"href":"https:\/\/olemosaic.orbitalia.org\/pt-pt\/wp-json\/wp\/v2\/product_cat?post=37167"},{"taxonomy":"product_tag","embeddable":true,"href":"https:\/\/olemosaic.orbitalia.org\/pt-pt\/wp-json\/wp\/v2\/product_tag?post=37167"}],"curies":[{"name":"wp","href":"https:\/\/api.w.org\/{rel}","templated":true}]}}