{"id":37164,"date":"2025-02-20T23:37:03","date_gmt":"2025-02-20T22:37:03","guid":{"rendered":"https:\/\/olemosaic.orbitalia.org\/producto\/bol-de-coco-fucsia-toro-3\/"},"modified":"2025-07-25T20:21:50","modified_gmt":"2025-07-25T18:21:50","slug":"taca-de-coco-fucsia-touro-3","status":"publish","type":"product","link":"https:\/\/olemosaic.orbitalia.org\/pt-pt\/produto\/taca-de-coco-fucsia-touro-3\/","title":{"rendered":"Ta\u00e7a de coco f\u00facsia. Touro. Borda em Mosaico."},"content":{"rendered":"<p>Esta ta\u00e7a de coco f\u00facsia decorada com um touro \u00e9 uma pe\u00e7a \u00fanica que evoca a vibrante cultura espanhola. Elaborada com coco natural, o seu design moderno e colorido destaca-se por um tom f\u00facsia intenso, que capta a aten\u00e7\u00e3o em qualquer ambiente. A borda simula um trencad\u00eds com cores mais claras, proporcionando um toque art\u00edstico e contempor\u00e2neo que reflete o esp\u00edrito criativo do artesanato espanhol. No centro, sobressai a figura do touro, pintada em branco, s\u00edmbolo ic\u00f3nico da tradi\u00e7\u00e3o e da paix\u00e3o de Espanha, que recorda as famosas touradas e festividades.<\/p>\n<p>Esta ta\u00e7a n\u00e3o s\u00f3 \u00e9 funcional, como tamb\u00e9m atua como um elemento decorativo de destaque, ideal para conferir autenticidade e cor a uma mesa ou estante, sendo um excelente presente para quem procura souvenirs que representem a ess\u00eancia de Espanha. O seu rigor no design e a materialidade do coco natural sublinham a sua autenticidade e liga\u00e7\u00e3o cultural, tornando-a uma recorda\u00e7\u00e3o significativa.<\/p>\n<p>Na Ol\u00e9 Mosaic, especializamo-nos na distribui\u00e7\u00e3o por grosso de souvenirs que capturam a riqueza cultural de Espanha, e esta ta\u00e7a de coco f\u00facsia \u00e9 perfeita para lojas de presentes tur\u00edsticos que desejem oferecer produtos aut\u00eanticos e de qualidade. Como grossistas de souvenirs, garantimos que esta ta\u00e7a ser\u00e1 um excelente atrativo para os turistas que procuram recorda\u00e7\u00f5es memor\u00e1veis da sua visita.<\/p>\n","protected":false},"excerpt":{"rendered":"<p>Ta\u00e7a de coco f\u00facsia decorada com um touro, um s\u00edmbolo ic\u00f3nico da cultura espanhola. Esta vibrante ta\u00e7a, elaborada com coco natural, apresenta um design moderno em tons f\u00facsia, com uma borda que simula um trencad\u00eds em cores mais claras. No centro, destaca-se a figura do touro pintada em branco, evocando a tradi\u00e7\u00e3o e a paix\u00e3o do folclore espanhol. Ideal para adicionar um toque de cor e autenticidade a qualquer espa\u00e7o.<\/p>\n","protected":false},"featured_media":12027,"template":"","meta":{"_acf_changed":false},"product_brand":[],"product_cat":[513],"product_tag":[516],"class_list":{"0":"post-37164","1":"product","2":"type-product","3":"status-publish","4":"has-post-thumbnail","6":"product_cat-bols","7":"product_tag-animais","8":"pa_motivo-touros","10":"first","11":"instock","12":"shipping-taxable","13":"product-type-simple"},"acf":[],"_links":{"self":[{"href":"https:\/\/olemosaic.orbitalia.org\/pt-pt\/wp-json\/wp\/v2\/product\/37164","targetHints":{"allow":["GET"]}}],"collection":[{"href":"https:\/\/olemosaic.orbitalia.org\/pt-pt\/wp-json\/wp\/v2\/product"}],"about":[{"href":"https:\/\/olemosaic.orbitalia.org\/pt-pt\/wp-json\/wp\/v2\/types\/product"}],"wp:featuredmedia":[{"embeddable":true,"href":"https:\/\/olemosaic.orbitalia.org\/pt-pt\/wp-json\/wp\/v2\/media\/12027"}],"wp:attachment":[{"href":"https:\/\/olemosaic.orbitalia.org\/pt-pt\/wp-json\/wp\/v2\/media?parent=37164"}],"wp:term":[{"taxonomy":"product_brand","embeddable":true,"href":"https:\/\/olemosaic.orbitalia.org\/pt-pt\/wp-json\/wp\/v2\/product_brand?post=37164"},{"taxonomy":"product_cat","embeddable":true,"href":"https:\/\/olemosaic.orbitalia.org\/pt-pt\/wp-json\/wp\/v2\/product_cat?post=37164"},{"taxonomy":"product_tag","embeddable":true,"href":"https:\/\/olemosaic.orbitalia.org\/pt-pt\/wp-json\/wp\/v2\/product_tag?post=37164"}],"curies":[{"name":"wp","href":"https:\/\/api.w.org\/{rel}","templated":true}]}}