{"id":37163,"date":"2025-02-20T23:37:03","date_gmt":"2025-02-20T22:37:03","guid":{"rendered":"https:\/\/olemosaic.orbitalia.org\/producto\/bol-de-coco-naranja-sardina-lisboa-2\/"},"modified":"2025-07-25T18:05:14","modified_gmt":"2025-07-25T16:05:14","slug":"taca-de-coco-laranja-sardinha-lisboa-2","status":"publish","type":"product","link":"https:\/\/olemosaic.orbitalia.org\/pt-pt\/produto\/taca-de-coco-laranja-sardinha-lisboa-2\/","title":{"rendered":"Ta\u00e7a de coco laranja. Sardinha. Branco. Lisboa."},"content":{"rendered":"<p>Esta ta\u00e7a de coco de uma cor laranja vibrante \u00e9 uma pe\u00e7a \u00fanica e aut\u00eantica que captura a ess\u00eancia cultural de Lisboa. De design artesanal, apresenta uma superf\u00edcie texturizada que combina o seu atraente colorido com detalhes ornamentais em branco que emolduram a sua forma assim\u00e9trica. No centro, um motivo de sardinha, s\u00edmbolo destacado da rica tradi\u00e7\u00e3o gastron\u00f3mica da capital portuguesa, confere um toque distintivo e nost\u00e1lgico. A sardinha, ingrediente-chave na cozinha local, reflete n\u00e3o s\u00f3 a diversidade culin\u00e1ria da regi\u00e3o, mas tamb\u00e9m a sua liga\u00e7\u00e3o com a hist\u00f3ria e a vida mar\u00edtima do povo lisboeta.<\/p>\n<p>Esta ta\u00e7a \u00e9 ideal para servir aperitivos, mas tamb\u00e9m pode funcionar perfeitamente como elemento decorativo, conferindo um toque de calor e autenticidade a qualquer ambiente. O seu design atraente e a sua liga\u00e7\u00e3o cultural tornam-na uma recorda\u00e7\u00e3o perfeita para aqueles que desejam levar um peda\u00e7o de Lisboa para casa. Com a sua mistura de artesanato e simbolismo, esta ta\u00e7a representa a riqueza do patrim\u00f3nio portugu\u00eas, tornando-se um souvenir emblem\u00e1tico.<\/p>\n<p>Na Ol\u00e9 Mosaic, somos distribuidores de souvenirs por grosso, e esta ta\u00e7a de coco alaranjada \u00e9 uma excelente op\u00e7\u00e3o para as lojas de presentes tur\u00edsticos que procuram produtos representativos e de qualidade que realcem a cultura local.<\/p>\n","protected":false},"excerpt":{"rendered":"<p>Ta\u00e7a de coco de cor laranja vibrante, decorada com um motivo de sardinha, s\u00edmbolo da tradi\u00e7\u00e3o gastron\u00f3mica lisboeta. Esta atraente ta\u00e7a, feita \u00e0 m\u00e3o, apresenta uma textura \u00fanica com detalhes em branco e bordas ornamentadas. Perfeita para servir aperitivos ou como elemento decorativo, o seu design real\u00e7a a riqueza cultural da capital portuguesa, tornando-a uma recorda\u00e7\u00e3o ideal para quem deseje levar um peda\u00e7o de Lisboa para casa.<\/p>\n","protected":false},"featured_media":11797,"template":"","meta":{"_acf_changed":false},"product_brand":[],"product_cat":[513],"product_tag":[516],"class_list":{"0":"post-37163","1":"product","2":"type-product","3":"status-publish","4":"has-post-thumbnail","6":"product_cat-bols","7":"product_tag-animais","8":"pa_ciudad-lisboa","9":"pa_motivo-sardinhas","10":"pa_pais-portugal","12":"first","13":"instock","14":"shipping-taxable","15":"product-type-simple"},"acf":[],"_links":{"self":[{"href":"https:\/\/olemosaic.orbitalia.org\/pt-pt\/wp-json\/wp\/v2\/product\/37163","targetHints":{"allow":["GET"]}}],"collection":[{"href":"https:\/\/olemosaic.orbitalia.org\/pt-pt\/wp-json\/wp\/v2\/product"}],"about":[{"href":"https:\/\/olemosaic.orbitalia.org\/pt-pt\/wp-json\/wp\/v2\/types\/product"}],"wp:featuredmedia":[{"embeddable":true,"href":"https:\/\/olemosaic.orbitalia.org\/pt-pt\/wp-json\/wp\/v2\/media\/11797"}],"wp:attachment":[{"href":"https:\/\/olemosaic.orbitalia.org\/pt-pt\/wp-json\/wp\/v2\/media?parent=37163"}],"wp:term":[{"taxonomy":"product_brand","embeddable":true,"href":"https:\/\/olemosaic.orbitalia.org\/pt-pt\/wp-json\/wp\/v2\/product_brand?post=37163"},{"taxonomy":"product_cat","embeddable":true,"href":"https:\/\/olemosaic.orbitalia.org\/pt-pt\/wp-json\/wp\/v2\/product_cat?post=37163"},{"taxonomy":"product_tag","embeddable":true,"href":"https:\/\/olemosaic.orbitalia.org\/pt-pt\/wp-json\/wp\/v2\/product_tag?post=37163"}],"curies":[{"name":"wp","href":"https:\/\/api.w.org\/{rel}","templated":true}]}}