{"id":37159,"date":"2025-02-20T23:37:03","date_gmt":"2025-02-20T22:37:03","guid":{"rendered":"https:\/\/olemosaic.orbitalia.org\/producto\/bol-de-coco-sardina-mallorca-2\/"},"modified":"2025-07-25T20:33:26","modified_gmt":"2025-07-25T18:33:26","slug":"taca-de-coco-sardinha-maiorca-2","status":"publish","type":"product","link":"https:\/\/olemosaic.orbitalia.org\/pt-pt\/produto\/taca-de-coco-sardinha-maiorca-2\/","title":{"rendered":"Ta\u00e7a de coco. Sardinha. Ilha. Maiorca."},"content":{"rendered":"<p>Esta ta\u00e7a decorativa de coco \u00e9 uma pe\u00e7a \u00fanica que presta homenagem \u00e0 rica tradi\u00e7\u00e3o mar\u00edtima de Maiorca. O seu design oval, meticulosamente elaborado, destaca-se por um vibrante mosaico de cores que capta a ess\u00eancia do mar Mediterr\u00e2neo. A superf\u00edcie da ta\u00e7a est\u00e1 adornada com uma variedade de tons vivos, desde azuis profundos a amarelos e rosas quentes, todos eles colocados estrategicamente para emular os brilhantes reflexos da \u00e1gua. Os detalhes em n\u00e1car acrescentam um toque de eleg\u00e2ncia, permitindo que a luz brinque de forma encantadora sobre a sua superf\u00edcie, criando um efeito deslumbrante que atrai todos os olhares.<\/p>\n<p>No centro, uma ilustra\u00e7\u00e3o estilizada de uma sardinha, acompanhada pela palavra &#8220;MALLORCA&#8221;, integra-se perfeitamente no mosaico. Este elemento n\u00e3o s\u00f3 embeleza a pe\u00e7a, como tamb\u00e9m simboliza a liga\u00e7\u00e3o da ilha \u00e0 sua ind\u00fastria pesqueira e \u00e0 gastronomia mediterr\u00e2nea. Esta ta\u00e7a n\u00e3o \u00e9 apenas ideal para servir aperitivos, mas tamb\u00e9m serve como uma pe\u00e7a decorativa que evoca mem\u00f3rias de dias ensolarados na costa.<\/p>\n<p>Na Ol\u00e9 Mosaic, especializamo-nos na distribui\u00e7\u00e3o de recorda\u00e7\u00f5es por grosso e esta ta\u00e7a de coco \u00e9 uma op\u00e7\u00e3o excelente para lojas de presentes tur\u00edsticos que procuram oferecer uma representa\u00e7\u00e3o aut\u00eantica de Maiorca. Com o seu apelo visual e a sua relev\u00e2ncia cultural, esta ta\u00e7a tornar-se-\u00e1 uma recorda\u00e7\u00e3o apreciada pelos turistas que procuram uma lembran\u00e7a t\u00edpica que encapsule a beleza e a tradi\u00e7\u00e3o da ilha.<\/p>\n","protected":false},"excerpt":{"rendered":"<p>Ta\u00e7a de coco decorativa, inspirada na tradi\u00e7\u00e3o mar\u00edtima de Maiorca. Esta atraente ta\u00e7a apresenta um design de mosaico com cores vibrantes e detalhes nacarados que captam a luz, real\u00e7ando a sua forma oval. No centro, uma ilustra\u00e7\u00e3o de uma sardinha com a palavra &#8220;MALLORCA&#8221; destaca-se de forma elegante. Ideal para servir aperitivos ou como pe\u00e7a decorativa, evocando a ess\u00eancia do mar Mediterr\u00e2neo.<\/p>\n","protected":false},"featured_media":11823,"template":"","meta":{"_acf_changed":false},"product_brand":[],"product_cat":[513],"product_tag":[516],"class_list":{"0":"post-37159","1":"product","2":"type-product","3":"status-publish","4":"has-post-thumbnail","6":"product_cat-bols","7":"product_tag-animais","8":"pa_ciudad-mallorca","9":"pa_motivo-sardinhas","10":"pa_pais-espana","12":"first","13":"instock","14":"shipping-taxable","15":"product-type-simple"},"acf":[],"_links":{"self":[{"href":"https:\/\/olemosaic.orbitalia.org\/pt-pt\/wp-json\/wp\/v2\/product\/37159","targetHints":{"allow":["GET"]}}],"collection":[{"href":"https:\/\/olemosaic.orbitalia.org\/pt-pt\/wp-json\/wp\/v2\/product"}],"about":[{"href":"https:\/\/olemosaic.orbitalia.org\/pt-pt\/wp-json\/wp\/v2\/types\/product"}],"wp:featuredmedia":[{"embeddable":true,"href":"https:\/\/olemosaic.orbitalia.org\/pt-pt\/wp-json\/wp\/v2\/media\/11823"}],"wp:attachment":[{"href":"https:\/\/olemosaic.orbitalia.org\/pt-pt\/wp-json\/wp\/v2\/media?parent=37159"}],"wp:term":[{"taxonomy":"product_brand","embeddable":true,"href":"https:\/\/olemosaic.orbitalia.org\/pt-pt\/wp-json\/wp\/v2\/product_brand?post=37159"},{"taxonomy":"product_cat","embeddable":true,"href":"https:\/\/olemosaic.orbitalia.org\/pt-pt\/wp-json\/wp\/v2\/product_cat?post=37159"},{"taxonomy":"product_tag","embeddable":true,"href":"https:\/\/olemosaic.orbitalia.org\/pt-pt\/wp-json\/wp\/v2\/product_tag?post=37159"}],"curies":[{"name":"wp","href":"https:\/\/api.w.org\/{rel}","templated":true}]}}