{"id":37155,"date":"2025-02-20T22:37:02","date_gmt":"2025-02-20T22:37:02","guid":{"rendered":"https:\/\/olemosaic.orbitalia.org\/producto\/bol-de-coco-de-corazones-toro\/"},"modified":"2025-07-25T20:22:09","modified_gmt":"2025-07-25T18:22:09","slug":"taca-de-coco-de-coracoes-touro","status":"publish","type":"product","link":"https:\/\/olemosaic.orbitalia.org\/pt-pt\/produto\/taca-de-coco-de-coracoes-touro\/","title":{"rendered":"Ta\u00e7a de coco de cora\u00e7\u00f5es. Touro."},"content":{"rendered":"<p>Esta ta\u00e7a de coco decorada \u00e9 uma bela representa\u00e7\u00e3o da arte popular espanhola, ideal para quem procura um souvenir aut\u00eantico e significativo. A pe\u00e7a distingue-se pelo seu vibrante mosaico de cora\u00e7\u00f5es em tons de azul, laranja e dourado, que formam um brilho atraente e quente ao redor da superf\u00edcie. No centro, o ic\u00f3nico design de um touro, s\u00edmbolo da rica cultura e tradi\u00e7\u00e3o espanhola, apresenta-se num profundo tom castanho, conferindo um toque distintivo que enfatiza o seu car\u00e1ter \u00fanico.<\/p>\n<p>Esta ta\u00e7a n\u00e3o serve apenas como uma pe\u00e7a decorativa excecional, mas tamb\u00e9m pode ser utilizada no dia a dia, combinando funcionalidade e est\u00e9tica. O seu acabamento artesanal real\u00e7a a dedica\u00e7\u00e3o e o talento dos artes\u00e3os locais, fazendo de cada ta\u00e7a uma obra exclusiva. Com ra\u00edzes na cultura mediterr\u00e2nica, esta pe\u00e7a evoca a paix\u00e3o e a alegria da vida em Espanha, tornando-a uma recorda\u00e7\u00e3o perfeita para turistas e visitantes.<\/p>\n<p>Na Ol\u00e9 Mosaic, somos especialistas na distribui\u00e7\u00e3o de souvenirs por grosso, oferecendo produtos que captam a ess\u00eancia e a autenticidade de Espanha. Esta ta\u00e7a de coco decorada \u00e9 uma op\u00e7\u00e3o ideal para lojas de presentes tur\u00edsticos que desejem oferecer artigos que celebrem a tradi\u00e7\u00e3o e a arte espanhola. Como grossista de souvenirs de Espanha, garantimos que cada pe\u00e7a exibe a qualidade e o valor cultural que os turistas procuram.<\/p>\n","protected":false},"excerpt":{"rendered":"<p>Ta\u00e7a de coco decorada com cora\u00e7\u00f5es encantadores e o ic\u00f3nico design de um touro no seu interior. Este produto artesanal apresenta um acabamento em tons quentes, com um mosaico de cora\u00e7\u00f5es em azul, laranja e dourado que lhe conferem um brilho atraente. A figura do touro, s\u00edmbolo da cultura espanhola, est\u00e1 pintada num tom castanho escuro, adicionando um toque distintivo. Ideal como pe\u00e7a decorativa ou para uso di\u00e1rio, esta ta\u00e7a destaca a tradi\u00e7\u00e3o e a arte popular de Espanha.<\/p>\n","protected":false},"featured_media":13496,"template":"","meta":{"_acf_changed":false},"product_brand":[],"product_cat":[513],"product_tag":[516],"class_list":{"0":"post-37155","1":"product","2":"type-product","3":"status-publish","4":"has-post-thumbnail","6":"product_cat-bols","7":"product_tag-animais","8":"pa_motivo-touros","10":"first","11":"instock","12":"shipping-taxable","13":"product-type-simple"},"acf":[],"_links":{"self":[{"href":"https:\/\/olemosaic.orbitalia.org\/pt-pt\/wp-json\/wp\/v2\/product\/37155","targetHints":{"allow":["GET"]}}],"collection":[{"href":"https:\/\/olemosaic.orbitalia.org\/pt-pt\/wp-json\/wp\/v2\/product"}],"about":[{"href":"https:\/\/olemosaic.orbitalia.org\/pt-pt\/wp-json\/wp\/v2\/types\/product"}],"wp:featuredmedia":[{"embeddable":true,"href":"https:\/\/olemosaic.orbitalia.org\/pt-pt\/wp-json\/wp\/v2\/media\/13496"}],"wp:attachment":[{"href":"https:\/\/olemosaic.orbitalia.org\/pt-pt\/wp-json\/wp\/v2\/media?parent=37155"}],"wp:term":[{"taxonomy":"product_brand","embeddable":true,"href":"https:\/\/olemosaic.orbitalia.org\/pt-pt\/wp-json\/wp\/v2\/product_brand?post=37155"},{"taxonomy":"product_cat","embeddable":true,"href":"https:\/\/olemosaic.orbitalia.org\/pt-pt\/wp-json\/wp\/v2\/product_cat?post=37155"},{"taxonomy":"product_tag","embeddable":true,"href":"https:\/\/olemosaic.orbitalia.org\/pt-pt\/wp-json\/wp\/v2\/product_tag?post=37155"}],"curies":[{"name":"wp","href":"https:\/\/api.w.org\/{rel}","templated":true}]}}