{"id":37154,"date":"2025-02-20T22:37:02","date_gmt":"2025-02-20T22:37:02","guid":{"rendered":"https:\/\/olemosaic.orbitalia.org\/producto\/bol-de-coco-fucsia-toro\/"},"modified":"2025-07-25T19:03:56","modified_gmt":"2025-07-25T17:03:56","slug":"taca-de-coco-fucsia-touro","status":"publish","type":"product","link":"https:\/\/olemosaic.orbitalia.org\/pt-pt\/produto\/taca-de-coco-fucsia-touro\/","title":{"rendered":"Ta\u00e7a de coco f\u00facsia. Touro."},"content":{"rendered":"<p>Esta ta\u00e7a de coco f\u00facsia \u00e9 uma atraente pe\u00e7a de artesanato espanhol que combina funcionalidade e estilo contempor\u00e2neo, um verdadeiro reflexo da cultura do pa\u00eds. Elaborada a partir de material natural de coco, a sua vibrante cor f\u00facsia n\u00e3o s\u00f3 se destaca pela sua modernidade, como tamb\u00e9m adiciona um toque de alegria a qualquer ambiente. No centro da ta\u00e7a, um touro distintivo, s\u00edmbolo ic\u00f3nico da tradi\u00e7\u00e3o espanhola, \u00e9 acompanhado por cora\u00e7\u00f5es pintados que rodeiam toda a borda, criando um design visualmente impactante e cheio de car\u00e1ter.<\/p>\n<p>Ideal para servir aperitivos ou como elemento decorativo, esta ta\u00e7a encarna a ess\u00eancia do folclore espanhol, o que a torna perfeita para quem procura um souvenir aut\u00eantico que capte a riqueza cultural de Espanha. O seu design alegre e audaz torna-a uma excelente op\u00e7\u00e3o para lojas de presentes tur\u00edsticos, oferecendo aos compradores uma recorda\u00e7\u00e3o representativa e funcional que sem d\u00favida chamar\u00e1 a aten\u00e7\u00e3o de quem visita o pa\u00eds.<\/p>\n<p>Na Ol\u00e9 Mosaic, como grossistas de produtos t\u00edpicos, garantimos a autenticidade e a qualidade dos nossos artigos, assegurando que cada ta\u00e7a de coco n\u00e3o seja apenas um souvenir, mas uma pe\u00e7a que traga um toque distintivo a qualquer espa\u00e7o.<\/p>\n","protected":false},"excerpt":{"rendered":"<p>Ta\u00e7a de coco f\u00facsia decorada com um touro, s\u00edmbolo distintivo da cultura espanhola. Esta ta\u00e7a colorida apresenta um design vibrante com cora\u00e7\u00f5es e um touro pintado no centro, oferecendo uma est\u00e9tica moderna e chamativa. Elaborada com material natural de coco, \u00e9 perfeita para servir aperitivos ou como elemento decorativo. O seu estilo art\u00edstico e alegre capta a ess\u00eancia do folclore espanhol, ideal para adicionar um toque distintivo a qualquer espa\u00e7o.<\/p>\n","protected":false},"featured_media":13469,"template":"","meta":{"_acf_changed":false},"product_brand":[],"product_cat":[513],"product_tag":[516],"class_list":{"0":"post-37154","1":"product","2":"type-product","3":"status-publish","4":"has-post-thumbnail","6":"product_cat-bols","7":"product_tag-animais","8":"pa_motivo-touros","10":"first","11":"instock","12":"shipping-taxable","13":"product-type-simple"},"acf":[],"_links":{"self":[{"href":"https:\/\/olemosaic.orbitalia.org\/pt-pt\/wp-json\/wp\/v2\/product\/37154","targetHints":{"allow":["GET"]}}],"collection":[{"href":"https:\/\/olemosaic.orbitalia.org\/pt-pt\/wp-json\/wp\/v2\/product"}],"about":[{"href":"https:\/\/olemosaic.orbitalia.org\/pt-pt\/wp-json\/wp\/v2\/types\/product"}],"wp:featuredmedia":[{"embeddable":true,"href":"https:\/\/olemosaic.orbitalia.org\/pt-pt\/wp-json\/wp\/v2\/media\/13469"}],"wp:attachment":[{"href":"https:\/\/olemosaic.orbitalia.org\/pt-pt\/wp-json\/wp\/v2\/media?parent=37154"}],"wp:term":[{"taxonomy":"product_brand","embeddable":true,"href":"https:\/\/olemosaic.orbitalia.org\/pt-pt\/wp-json\/wp\/v2\/product_brand?post=37154"},{"taxonomy":"product_cat","embeddable":true,"href":"https:\/\/olemosaic.orbitalia.org\/pt-pt\/wp-json\/wp\/v2\/product_cat?post=37154"},{"taxonomy":"product_tag","embeddable":true,"href":"https:\/\/olemosaic.orbitalia.org\/pt-pt\/wp-json\/wp\/v2\/product_tag?post=37154"}],"curies":[{"name":"wp","href":"https:\/\/api.w.org\/{rel}","templated":true}]}}