{"id":37148,"date":"2025-02-20T23:37:00","date_gmt":"2025-02-20T22:37:00","guid":{"rendered":"https:\/\/olemosaic.orbitalia.org\/producto\/bol-de-coco-azul-toro-2\/"},"modified":"2025-07-25T20:36:34","modified_gmt":"2025-07-25T18:36:34","slug":"taca-de-coco-azul-touro-2","status":"publish","type":"product","link":"https:\/\/olemosaic.orbitalia.org\/pt-pt\/produto\/taca-de-coco-azul-touro-2\/","title":{"rendered":"Ta\u00e7a de coco azul. Touro. Espanha."},"content":{"rendered":"<p>Esta ta\u00e7a de coco azul decorada com um emblem\u00e1tico touro \u00e9 uma pe\u00e7a aut\u00eantica que reflete a rica tradi\u00e7\u00e3o cultural espanhola. O seu elaborado design apresenta um vibrante fundo azul que evoca o c\u00e9u e o mar Mediterr\u00e2neo, emoldurado por delicados elementos decorativos em tons claros que lhe conferem um toque de eleg\u00e2ncia. No centro, um majestoso touro branco ergue-se orgulhoso, simbolizando a for\u00e7a e a paix\u00e3o do folclore espanhol, especialmente ligado \u00e0s touradas, uma pr\u00e1tica profundamente enraizada na cultura do pa\u00eds.<\/p>\n<p>Fabricada \u00e0 m\u00e3o em coco, esta ta\u00e7a n\u00e3o s\u00f3 \u00e9 visualmente atraente, como tamb\u00e9m se destaca pela sua t\u00e9cnica artesanal, que garante um acabamento \u00fanico em cada pe\u00e7a. Perfeita tanto para uso decorativo como funcional, pode ser utilizada para servir aperitivos ou simplesmente como um elemento decorativo em qualquer divis\u00e3o. A liga\u00e7\u00e3o cultural desta ta\u00e7a com Espanha torna-a uma lembran\u00e7a memor\u00e1vel, ideal para os turistas que procuram levar um fragmento da rica heran\u00e7a cultural do pa\u00eds.<\/p>\n<p>Na Ol\u00e9 Mosaic, como grossistas de lembran\u00e7as aut\u00eanticas, oferecemos esta exclusiva ta\u00e7a de coco azul, que representa uma excelente op\u00e7\u00e3o para lojas de presentes tur\u00edsticos que desejem oferecer produtos com um significado cultural profundo. Esta ta\u00e7a n\u00e3o \u00e9 apenas um objeto \u00fatil, mas tamb\u00e9m um verdadeiro s\u00edmbolo da arte e da tradi\u00e7\u00e3o espanhola, tornando-a a recorda\u00e7\u00e3o perfeita para todos os que visitam Espanha.<\/p>\n","protected":false},"excerpt":{"rendered":"<p>Ta\u00e7a de coco azul decorada com um emblem\u00e1tico touro, representa\u00e7\u00e3o da rica tradi\u00e7\u00e3o cultural espanhola. Fabricada em coco, o seu design apresenta um fundo azul vibrante com elementos decorativos em tons claros que emolduram a figura de um touro branco no centro. Esta ta\u00e7a, ideal tanto para uso decorativo como funcional, destaca-se pela sua t\u00e9cnica artesanal e pelo seu apelo visual, evocando a ess\u00eancia do folclore espanhol.<\/p>\n","protected":false},"featured_media":12024,"template":"","meta":{"_acf_changed":false},"product_brand":[],"product_cat":[513],"product_tag":[516],"class_list":{"0":"post-37148","1":"product","2":"type-product","3":"status-publish","4":"has-post-thumbnail","6":"product_cat-bols","7":"product_tag-animais","8":"pa_motivo-touros","10":"first","11":"instock","12":"shipping-taxable","13":"product-type-simple"},"acf":[],"_links":{"self":[{"href":"https:\/\/olemosaic.orbitalia.org\/pt-pt\/wp-json\/wp\/v2\/product\/37148","targetHints":{"allow":["GET"]}}],"collection":[{"href":"https:\/\/olemosaic.orbitalia.org\/pt-pt\/wp-json\/wp\/v2\/product"}],"about":[{"href":"https:\/\/olemosaic.orbitalia.org\/pt-pt\/wp-json\/wp\/v2\/types\/product"}],"wp:featuredmedia":[{"embeddable":true,"href":"https:\/\/olemosaic.orbitalia.org\/pt-pt\/wp-json\/wp\/v2\/media\/12024"}],"wp:attachment":[{"href":"https:\/\/olemosaic.orbitalia.org\/pt-pt\/wp-json\/wp\/v2\/media?parent=37148"}],"wp:term":[{"taxonomy":"product_brand","embeddable":true,"href":"https:\/\/olemosaic.orbitalia.org\/pt-pt\/wp-json\/wp\/v2\/product_brand?post=37148"},{"taxonomy":"product_cat","embeddable":true,"href":"https:\/\/olemosaic.orbitalia.org\/pt-pt\/wp-json\/wp\/v2\/product_cat?post=37148"},{"taxonomy":"product_tag","embeddable":true,"href":"https:\/\/olemosaic.orbitalia.org\/pt-pt\/wp-json\/wp\/v2\/product_tag?post=37148"}],"curies":[{"name":"wp","href":"https:\/\/api.w.org\/{rel}","templated":true}]}}