{"id":37146,"date":"2025-02-20T23:37:00","date_gmt":"2025-02-20T22:37:00","guid":{"rendered":"https:\/\/olemosaic.orbitalia.org\/producto\/bol-de-coco-amarillo-toro\/"},"modified":"2025-07-25T19:57:10","modified_gmt":"2025-07-25T17:57:10","slug":"taca-de-coco-amarela-touro","status":"publish","type":"product","link":"https:\/\/olemosaic.orbitalia.org\/pt-pt\/produto\/taca-de-coco-amarela-touro\/","title":{"rendered":"Ta\u00e7a de coco amarela. Touro."},"content":{"rendered":"<p>Esta ta\u00e7a de coco amarela \u00e9 uma pe\u00e7a decorativa essencial que evoca a rica tradi\u00e7\u00e3o cultural espanhola, destacando um emblem\u00e1tico touro que simboliza a for\u00e7a e o esp\u00edrito da pen\u00ednsula ib\u00e9rica. Elaborada em cer\u00e2mica com um acabamento artesanal, a ta\u00e7a apresenta um fundo castanho vibrante que real\u00e7a magnificamente o touro amarelo no centro, rodeado de cora\u00e7\u00f5es alaranjados que conferem calor e alegria. Este design atraente n\u00e3o s\u00f3 a torna um utens\u00edlio ideal para servir aperitivos, como tamb\u00e9m funciona como um elemento decorativo que cativa a aten\u00e7\u00e3o de qualquer visitante.<\/p>\n<p>O uso do touro como motivo principal faz refer\u00eancia a uma das tradi\u00e7\u00f5es mais reconhec\u00edveis de Espanha, ligada \u00e0s touradas e \u00e0 cultura pecu\u00e1ria enraizada em diversas regi\u00f5es, como a Andaluzia e a Catalunha. Cada ta\u00e7a \u00e9 uma lembran\u00e7a da vibrante paix\u00e3o e do folclore que caracterizam a na\u00e7\u00e3o, oferecendo uma liga\u00e7\u00e3o aut\u00eantica com as suas tradi\u00e7\u00f5es.<\/p>\n<p>Na Ol\u00e9 Mosaic, orgulhamo-nos de distribuir este tipo de recorda\u00e7\u00f5es culturais que celebram a autenticidade espanhola. Esta ta\u00e7a de coco amarela \u00e9 uma op\u00e7\u00e3o excelente para lojas de presentes tur\u00edsticos que procuram oferecer aos seus clientes recorda\u00e7\u00f5es representativas e de qualidade. Como distribuidores de recorda\u00e7\u00f5es artesanais, garantimos que cada pe\u00e7a conta com um design \u00fanico que enriquece qualquer cole\u00e7\u00e3o de recorda\u00e7\u00f5es de Espanha.<\/p>\n","protected":false},"excerpt":{"rendered":"<p>Ta\u00e7a de coco amarela decorada com um emblem\u00e1tico touro espanhol, um design que representa a rica tradi\u00e7\u00e3o cultural do pa\u00eds. Esta atraente ta\u00e7a apresenta um design vibrante com fundo castanho e um touro amarelo no centro, rodeado de cora\u00e7\u00f5es alaranjados. Ideal para servir aperitivos ou como elemento decorativo, combina funcionalidade e arte, e capta a ess\u00eancia do folclore espanhol em cada detalhe.<\/p>\n","protected":false},"featured_media":13468,"template":"","meta":{"_acf_changed":false},"product_brand":[],"product_cat":[513],"product_tag":[516],"class_list":{"0":"post-37146","1":"product","2":"type-product","3":"status-publish","4":"has-post-thumbnail","6":"product_cat-bols","7":"product_tag-animais","8":"pa_motivo-touros","10":"first","11":"instock","12":"shipping-taxable","13":"product-type-simple"},"acf":[],"_links":{"self":[{"href":"https:\/\/olemosaic.orbitalia.org\/pt-pt\/wp-json\/wp\/v2\/product\/37146","targetHints":{"allow":["GET"]}}],"collection":[{"href":"https:\/\/olemosaic.orbitalia.org\/pt-pt\/wp-json\/wp\/v2\/product"}],"about":[{"href":"https:\/\/olemosaic.orbitalia.org\/pt-pt\/wp-json\/wp\/v2\/types\/product"}],"wp:featuredmedia":[{"embeddable":true,"href":"https:\/\/olemosaic.orbitalia.org\/pt-pt\/wp-json\/wp\/v2\/media\/13468"}],"wp:attachment":[{"href":"https:\/\/olemosaic.orbitalia.org\/pt-pt\/wp-json\/wp\/v2\/media?parent=37146"}],"wp:term":[{"taxonomy":"product_brand","embeddable":true,"href":"https:\/\/olemosaic.orbitalia.org\/pt-pt\/wp-json\/wp\/v2\/product_brand?post=37146"},{"taxonomy":"product_cat","embeddable":true,"href":"https:\/\/olemosaic.orbitalia.org\/pt-pt\/wp-json\/wp\/v2\/product_cat?post=37146"},{"taxonomy":"product_tag","embeddable":true,"href":"https:\/\/olemosaic.orbitalia.org\/pt-pt\/wp-json\/wp\/v2\/product_tag?post=37146"}],"curies":[{"name":"wp","href":"https:\/\/api.w.org\/{rel}","templated":true}]}}