{"id":37145,"date":"2025-02-20T23:37:00","date_gmt":"2025-02-20T22:37:00","guid":{"rendered":"https:\/\/olemosaic.orbitalia.org\/producto\/bol-de-coco-azul-toro\/"},"modified":"2025-07-25T18:50:27","modified_gmt":"2025-07-25T16:50:27","slug":"taca-de-coco-azul-touro","status":"publish","type":"product","link":"https:\/\/olemosaic.orbitalia.org\/pt-pt\/produto\/taca-de-coco-azul-touro\/","title":{"rendered":"Ta\u00e7a de coco azul. Touro."},"content":{"rendered":"<p>Esta ta\u00e7a de cer\u00e2mica decorada, inspirada na rica tradi\u00e7\u00e3o espanhola da tauromaquia, \u00e9 uma pe\u00e7a que combina arte e funcionalidade de forma excecional. Com um design vibrante em tons de azul e dourado, esta ta\u00e7a apresenta um acabamento brilhante que capta a luz e adiciona um toque elegante a qualquer ambiente. No centro, destaca-se a silhueta de um touro, s\u00edmbolo ic\u00f3nico da cultura espanhola, que real\u00e7a o seu apelo visual e liga os utilizadores \u00e0s ra\u00edzes folcl\u00f3ricas de Espanha.<\/p>\n<p>O interior da ta\u00e7a mostra um padr\u00e3o intrincado de cores que evoca a beleza da cer\u00e2mica artesanal. Os detalhes dourados, meticulosamente aplicados, entrela\u00e7am-se com o azul, criando um efeito cativante que certamente chamar\u00e1 a aten\u00e7\u00e3o em qualquer mesa ou prateleira. Ideal para servir tapas, saladas ou simplesmente como elemento decorativo, esta ta\u00e7a \u00e9 simultaneamente um objeto \u00fatil e uma bela obra de arte.<\/p>\n<p>Na Ol\u00e9 Mosaic, compreendemos a import\u00e2ncia de oferecer recorda\u00e7\u00f5es aut\u00eanticas que representem a cultura local. Esta ta\u00e7a de cer\u00e2mica n\u00e3o s\u00f3 \u00e9 uma excelente recorda\u00e7\u00e3o para turistas que procuram algo \u00fanico, como tamb\u00e9m celebra o legado da tauromaquia, profundamente enraizada na tradi\u00e7\u00e3o espanhola. Como grossista de cer\u00e2mica, fornecemos produtos artesanais que se destacam pela sua autenticidade e valor cultural, perfeitos para lojas de presentes tur\u00edsticos que desejem oferecer aos seus clientes uma pe\u00e7a de Espanha com car\u00e1cter e distin\u00e7\u00e3o.<\/p>\n","protected":false},"excerpt":{"rendered":"<p>Ta\u00e7a de coco decorada em azul e dourado, com a silhueta de um touro no centro. Esta atraente ta\u00e7a, inspirada na tradi\u00e7\u00e3o taurina espanhola, apresenta um design vibrante que combina tons azuis com detalhes dourados, criando um efeito visual cativante. Perfeita para servir ou como elemento decorativo, esta ta\u00e7a reflete a rica cultura e o folclore de Espanha, ideal para os amantes da cer\u00e2mica art\u00edstica.<\/p>\n","protected":false},"featured_media":13413,"template":"","meta":{"_acf_changed":false},"product_brand":[],"product_cat":[513],"product_tag":[516],"class_list":{"0":"post-37145","1":"product","2":"type-product","3":"status-publish","4":"has-post-thumbnail","6":"product_cat-bols","7":"product_tag-animais","8":"pa_motivo-touros","10":"first","11":"instock","12":"shipping-taxable","13":"product-type-simple"},"acf":[],"_links":{"self":[{"href":"https:\/\/olemosaic.orbitalia.org\/pt-pt\/wp-json\/wp\/v2\/product\/37145","targetHints":{"allow":["GET"]}}],"collection":[{"href":"https:\/\/olemosaic.orbitalia.org\/pt-pt\/wp-json\/wp\/v2\/product"}],"about":[{"href":"https:\/\/olemosaic.orbitalia.org\/pt-pt\/wp-json\/wp\/v2\/types\/product"}],"wp:featuredmedia":[{"embeddable":true,"href":"https:\/\/olemosaic.orbitalia.org\/pt-pt\/wp-json\/wp\/v2\/media\/13413"}],"wp:attachment":[{"href":"https:\/\/olemosaic.orbitalia.org\/pt-pt\/wp-json\/wp\/v2\/media?parent=37145"}],"wp:term":[{"taxonomy":"product_brand","embeddable":true,"href":"https:\/\/olemosaic.orbitalia.org\/pt-pt\/wp-json\/wp\/v2\/product_brand?post=37145"},{"taxonomy":"product_cat","embeddable":true,"href":"https:\/\/olemosaic.orbitalia.org\/pt-pt\/wp-json\/wp\/v2\/product_cat?post=37145"},{"taxonomy":"product_tag","embeddable":true,"href":"https:\/\/olemosaic.orbitalia.org\/pt-pt\/wp-json\/wp\/v2\/product_tag?post=37145"}],"curies":[{"name":"wp","href":"https:\/\/api.w.org\/{rel}","templated":true}]}}