{"id":37140,"date":"2025-02-20T23:36:59","date_gmt":"2025-02-20T22:36:59","guid":{"rendered":"https:\/\/olemosaic.orbitalia.org\/producto\/taza-de-ceramica-bailaora-madrid-beige-2\/"},"modified":"2025-07-25T18:37:51","modified_gmt":"2025-07-25T16:37:51","slug":"chavena-de-ceramica-bailarina-madrid-bege-2","status":"publish","type":"product","link":"https:\/\/olemosaic.orbitalia.org\/pt-pt\/produto\/chavena-de-ceramica-bailarina-madrid-bege-2\/","title":{"rendered":"Ch\u00e1vena de cer\u00e2mica. Bailarina. Flores vermelhas. Madrid. Bege."},"content":{"rendered":"<p>Ch\u00e1vena de cer\u00e2mica decorada com a figura de uma bailarina que captura a ess\u00eancia vibrante de Madrid. Este encantador design em tons bege apresenta a bailarina com um traje colorido adornado, rodeada de flores vermelhas, que representam a paix\u00e3o do flamenco e a alegria da cultura madrilena. A palavra \u201cMADRID\u201d aparece em letras chamativas, destacando a sua origem e tornando esta ch\u00e1vena um souvenir perfeito para quem procura levar um peda\u00e7o da capital espanhola. A ch\u00e1vena, elaborada em cer\u00e2mica de alta qualidade, inclui uma colher da mesma cor da asa, um detalhe funcional e est\u00e9tico que complementa o seu apelo visual. Ideal tanto para desfrutar de um caf\u00e9 em casa como para ser exibida como recorda\u00e7\u00e3o cultural, esta ch\u00e1vena \u00e9 uma aut\u00eantica representa\u00e7\u00e3o da arte e da tradi\u00e7\u00e3o flamenca que caracteriza Madrid. Na Ol\u00e9 Mosaic, especializamo-nos na distribui\u00e7\u00e3o de souvenirs de cer\u00e2mica por grosso, assegurando que cada pe\u00e7a conte com o design e o artesanato que os nossos clientes de lojas de presentes tur\u00edsticos procuram. Esta ch\u00e1vena de bailarina \u00e9 uma excelente op\u00e7\u00e3o para atrair turistas que desejam uma recorda\u00e7\u00e3o significativa da sua visita a Madrid, elevando o valor cultural da sua oferta.<\/p>\n","protected":false},"excerpt":{"rendered":"<p>Ch\u00e1vena de cer\u00e2mica decorada com a figura de uma bailarina, que encarna o esp\u00edrito vibrante de Madrid. Este atraente design em tons bege apresenta a bailarina vestida com um traje colorido adornado com flores vermelhas, e sobre ela, a palavra &#8220;MADRID&#8221; em letras chamativas. A ch\u00e1vena inclui uma colher da mesma cor da asa, um detalhe funcional e est\u00e9tico. Ideal para desfrutar de um caf\u00e9 ou como recorda\u00e7\u00e3o da cultura madrilena.<\/p>\n","protected":false},"featured_media":6907,"template":"","meta":{"_acf_changed":false},"product_brand":[],"product_cat":[833],"product_tag":[515],"class_list":{"0":"post-37140","1":"product","2":"type-product","3":"status-publish","4":"has-post-thumbnail","6":"product_cat-canecas","7":"product_tag-ceramica","8":"pa_ciudad-madrid","9":"pa_motivo-dancarinos","10":"pa_pais-espana","12":"first","13":"instock","14":"shipping-taxable","15":"product-type-simple"},"acf":[],"_links":{"self":[{"href":"https:\/\/olemosaic.orbitalia.org\/pt-pt\/wp-json\/wp\/v2\/product\/37140","targetHints":{"allow":["GET"]}}],"collection":[{"href":"https:\/\/olemosaic.orbitalia.org\/pt-pt\/wp-json\/wp\/v2\/product"}],"about":[{"href":"https:\/\/olemosaic.orbitalia.org\/pt-pt\/wp-json\/wp\/v2\/types\/product"}],"wp:featuredmedia":[{"embeddable":true,"href":"https:\/\/olemosaic.orbitalia.org\/pt-pt\/wp-json\/wp\/v2\/media\/6907"}],"wp:attachment":[{"href":"https:\/\/olemosaic.orbitalia.org\/pt-pt\/wp-json\/wp\/v2\/media?parent=37140"}],"wp:term":[{"taxonomy":"product_brand","embeddable":true,"href":"https:\/\/olemosaic.orbitalia.org\/pt-pt\/wp-json\/wp\/v2\/product_brand?post=37140"},{"taxonomy":"product_cat","embeddable":true,"href":"https:\/\/olemosaic.orbitalia.org\/pt-pt\/wp-json\/wp\/v2\/product_cat?post=37140"},{"taxonomy":"product_tag","embeddable":true,"href":"https:\/\/olemosaic.orbitalia.org\/pt-pt\/wp-json\/wp\/v2\/product_tag?post=37140"}],"curies":[{"name":"wp","href":"https:\/\/api.w.org\/{rel}","templated":true}]}}