{"id":37136,"date":"2025-02-20T23:36:58","date_gmt":"2025-02-20T22:36:58","guid":{"rendered":"https:\/\/olemosaic.orbitalia.org\/producto\/tapon-de-ceramica-punt-de-trobada-beige\/"},"modified":"2025-07-25T20:02:30","modified_gmt":"2025-07-25T18:02:30","slug":"rolha-de-ceramica-punt-de-trobada-bege","status":"publish","type":"product","link":"https:\/\/olemosaic.orbitalia.org\/pt-pt\/produto\/rolha-de-ceramica-punt-de-trobada-bege\/","title":{"rendered":"Rolha de cer\u00e2mica. Punt de trobada. Bege."},"content":{"rendered":"<p>Rolha de cer\u00e2mica decorada com um vibrante design abstrato, inspirado na obra de artistas contempor\u00e2neos. Esta atraente rolha, de cor bege com detalhes em verde claro, destaca-se pela sua t\u00e9cnica de cer\u00e2mica efeito pintada \u00e0 m\u00e3o, que exibe uma rica paleta de cores, incluindo tons de azul, vermelho e amarelo. A superf\u00edcie da rolha apresenta formas art\u00edsticas e tra\u00e7os que evocam a criatividade das vanguardas art\u00edsticas, captando um ar contempor\u00e2neo que contrasta com a tradi\u00e7\u00e3o da cer\u00e2mica espanhola.<\/p>\n<p>Ideal para selar garrafas de vinho, esta rolha n\u00e3o s\u00f3 cumpre uma fun\u00e7\u00e3o pr\u00e1tica, como tamb\u00e9m adiciona um toque art\u00edstico e moderno a qualquer mesa, tornando-se uma elegante recorda\u00e7\u00e3o da cultura espanhola. O seu design, baseado no estilo das obras mais ic\u00f3nicas de artistas, torna-a um objeto de conversa perfeito para aqueles que apreciam a fus\u00e3o de arte e funcionalidade.<\/p>\n<p>Na Ol\u00e9 Mosaic, especializamo-nos na distribui\u00e7\u00e3o de recorda\u00e7\u00f5es por grosso e esta rolha de cer\u00e2mica \u00e9 um exemplo perfeito de produtos que combinam autenticidade e relev\u00e2ncia cultural. Perfeita para lojas de presentes tur\u00edsticos, esta rolha de cer\u00e2mica tamb\u00e9m representa uma excelente op\u00e7\u00e3o para os turistas que procuram uma recorda\u00e7\u00e3o \u00fanica e memor\u00e1vel da sua visita a Espanha. Com o seu estilo distintivo, esta rolha de cer\u00e2mica junta-se \u00e0 nossa oferta como grossistas de recorda\u00e7\u00f5es artesanais, conferindo um toque de eleg\u00e2ncia e arte a qualquer cole\u00e7\u00e3o.<\/p>\n","protected":false},"excerpt":{"rendered":"<p>Rolha de cer\u00e2mica decorada com um design abstrato vibrante, inspirado na obra de artistas contempor\u00e2neos. Esta atraente rolha, de cor bege com detalhes verde claro, destaca-se pela sua t\u00e9cnica de cer\u00e2mica de design artesanal, pintada \u00e0 m\u00e3o, que mostra uma rica paleta de cores como azul, vermelho e amarelo. Ideal para selar garrafas de vinho, confere um toque art\u00edstico a qualquer mesa, tornando-se uma elegante recorda\u00e7\u00e3o da cultura espanhola.<\/p>\n","protected":false},"featured_media":10042,"template":"","meta":{"_acf_changed":false},"product_brand":[],"product_cat":[831],"product_tag":[515],"class_list":{"0":"post-37136","1":"product","2":"type-product","3":"status-publish","4":"has-post-thumbnail","6":"product_cat-rolhas","7":"product_tag-ceramica","8":"pa_motivo-punt-de-trobada","10":"first","11":"instock","12":"shipping-taxable","13":"product-type-simple"},"acf":[],"_links":{"self":[{"href":"https:\/\/olemosaic.orbitalia.org\/pt-pt\/wp-json\/wp\/v2\/product\/37136","targetHints":{"allow":["GET"]}}],"collection":[{"href":"https:\/\/olemosaic.orbitalia.org\/pt-pt\/wp-json\/wp\/v2\/product"}],"about":[{"href":"https:\/\/olemosaic.orbitalia.org\/pt-pt\/wp-json\/wp\/v2\/types\/product"}],"wp:featuredmedia":[{"embeddable":true,"href":"https:\/\/olemosaic.orbitalia.org\/pt-pt\/wp-json\/wp\/v2\/media\/10042"}],"wp:attachment":[{"href":"https:\/\/olemosaic.orbitalia.org\/pt-pt\/wp-json\/wp\/v2\/media?parent=37136"}],"wp:term":[{"taxonomy":"product_brand","embeddable":true,"href":"https:\/\/olemosaic.orbitalia.org\/pt-pt\/wp-json\/wp\/v2\/product_brand?post=37136"},{"taxonomy":"product_cat","embeddable":true,"href":"https:\/\/olemosaic.orbitalia.org\/pt-pt\/wp-json\/wp\/v2\/product_cat?post=37136"},{"taxonomy":"product_tag","embeddable":true,"href":"https:\/\/olemosaic.orbitalia.org\/pt-pt\/wp-json\/wp\/v2\/product_tag?post=37136"}],"curies":[{"name":"wp","href":"https:\/\/api.w.org\/{rel}","templated":true}]}}