{"id":37135,"date":"2025-02-20T23:36:58","date_gmt":"2025-02-20T22:36:58","guid":{"rendered":"https:\/\/olemosaic.orbitalia.org\/producto\/4-bols-de-coco-de-13-x-6-cm-delfin-5\/"},"modified":"2025-07-25T18:39:14","modified_gmt":"2025-07-25T16:39:14","slug":"4-tacas-de-coco-13-x-6-cm-golfinho-verde-laranja-amarelo-vermelho","status":"publish","type":"product","link":"https:\/\/olemosaic.orbitalia.org\/pt-pt\/produto\/4-tacas-de-coco-13-x-6-cm-golfinho-verde-laranja-amarelo-vermelho\/","title":{"rendered":"4 Ta\u00e7as de coco de 13 x 6 cm. Golfinho. Verde, laranja, amarelo e vermelho."},"content":{"rendered":"<p>Mergulhe na vibrante cultura mar\u00edtima com estas encantadoras ta\u00e7as de coco de 13 x 6 cm, requintadamente decoradas com motivos de golfinhos. Cada uma das quatro ta\u00e7as apresenta uma paleta de cores din\u00e2mica que inclui verdes, laranjas, amarelos e vermelhos, todos com um acabamento brilhante que real\u00e7a os subtis detalhes em forma de golfinho, s\u00edmbolo de amizade e alegria no mar. Este design artesanal, pintado \u00e0 m\u00e3o, n\u00e3o s\u00f3 embeleza o seu ambiente, como tamb\u00e9m reflete a rica tradi\u00e7\u00e3o da artesania local, tornando-as perfeitas para servir aperitivos ou como pe\u00e7as decorativas que evocam a frescura do oceano.<\/p>\n<p>Estas ta\u00e7as de coco s\u00e3o uma homenagem ao estilo de vida costeiro, ideais para aquelas lojas de presentes tur\u00edsticos que procuram oferecer aos seus clientes uma recorda\u00e7\u00e3o aut\u00eantica e representativa da vida marinha. Cada bocado que servir nestas ta\u00e7as ser\u00e1 um deleite para os sentidos e evocar\u00e1 mem\u00f3rias de momentos especiais vividos junto ao mar. A Ol\u00e9 Mosaic orgulha-se de ser um distribuidor de recorda\u00e7\u00f5es por grosso, oferecendo produtos que celebram a cultura e as tradi\u00e7\u00f5es locais. Com estas ta\u00e7as de coco, os seus clientes ter\u00e3o uma excelente op\u00e7\u00e3o de recorda\u00e7\u00e3o que combina funcionalidade, est\u00e9tica e autenticidade em cada pe\u00e7a.<\/p>\n","protected":false},"excerpt":{"rendered":"<p>Ta\u00e7as de coco de 13 x 6 cm, decoradas com motivos de golfinhos, ideais para conferir um toque mar\u00edtimo a qualquer espa\u00e7o. Cada uma das quatro ta\u00e7as apresenta cores vibrantes em tons verdes, laranjas, amarelos e vermelhos, com um acabamento brilhante que real\u00e7a os detalhes dos golfinhos. O seu design artesanal, pintado \u00e0 m\u00e3o, reflete a artesania tradicional, o que as torna perfeitas para servir aperitivos ou como elementos decorativos.<\/p>\n","protected":false},"featured_media":10640,"template":"","meta":{"_acf_changed":false},"product_brand":[],"product_cat":[513],"product_tag":[516],"class_list":{"0":"post-37135","1":"product","2":"type-product","3":"status-publish","4":"has-post-thumbnail","6":"product_cat-bols","7":"product_tag-animais","8":"pa_motivo-golfinhos","10":"first","11":"instock","12":"shipping-taxable","13":"product-type-simple"},"acf":[],"_links":{"self":[{"href":"https:\/\/olemosaic.orbitalia.org\/pt-pt\/wp-json\/wp\/v2\/product\/37135","targetHints":{"allow":["GET"]}}],"collection":[{"href":"https:\/\/olemosaic.orbitalia.org\/pt-pt\/wp-json\/wp\/v2\/product"}],"about":[{"href":"https:\/\/olemosaic.orbitalia.org\/pt-pt\/wp-json\/wp\/v2\/types\/product"}],"wp:featuredmedia":[{"embeddable":true,"href":"https:\/\/olemosaic.orbitalia.org\/pt-pt\/wp-json\/wp\/v2\/media\/10640"}],"wp:attachment":[{"href":"https:\/\/olemosaic.orbitalia.org\/pt-pt\/wp-json\/wp\/v2\/media?parent=37135"}],"wp:term":[{"taxonomy":"product_brand","embeddable":true,"href":"https:\/\/olemosaic.orbitalia.org\/pt-pt\/wp-json\/wp\/v2\/product_brand?post=37135"},{"taxonomy":"product_cat","embeddable":true,"href":"https:\/\/olemosaic.orbitalia.org\/pt-pt\/wp-json\/wp\/v2\/product_cat?post=37135"},{"taxonomy":"product_tag","embeddable":true,"href":"https:\/\/olemosaic.orbitalia.org\/pt-pt\/wp-json\/wp\/v2\/product_tag?post=37135"}],"curies":[{"name":"wp","href":"https:\/\/api.w.org\/{rel}","templated":true}]}}