{"id":37134,"date":"2025-02-20T23:36:58","date_gmt":"2025-02-20T22:36:58","guid":{"rendered":"https:\/\/olemosaic.orbitalia.org\/producto\/saleros-de-ceramica-patio-blanco\/"},"modified":"2025-07-25T19:05:47","modified_gmt":"2025-07-25T17:05:47","slug":"saleiros-de-ceramica-patio-branco","status":"publish","type":"product","link":"https:\/\/olemosaic.orbitalia.org\/pt-pt\/produto\/saleiros-de-ceramica-patio-branco\/","title":{"rendered":"Saleiros de cer\u00e2mica. P\u00e1tio. Branco."},"content":{"rendered":"<p>Mergulhe na ess\u00eancia do sul de Espanha com os nossos saleiros de cer\u00e2mica decorados, aut\u00eanticas pe\u00e7as que evocam a beleza de um p\u00e1tio andaluz. Cada saleiro, elaborado em cer\u00e2mica branca de alta qualidade com um acabamento brilhante, apresenta motivos pintados \u00e0 m\u00e3o que captam a vida e a cor da Andaluzia. Um deles ilustra uma bailarina de flamenco, vestida com um vibrante vestido de bolas vermelhas, enquanto o outro capta a ess\u00eancia de uma encantadora varanda adornada com brilhantes flores vermelhas em elegantes vasos azuis, criando uma atmosfera festiva e acolhedora.<\/p>\n<p>O design destes saleiros \u00e9 un reflexo da arte e da cultura andaluza, tornando-os recorda\u00e7\u00f5es ideais para quem deseja levar um peda\u00e7o de Espanha para casa. Cada detalhe, desde os intrincados padr\u00f5es do vestido da bailarina at\u00e9 \u00e0s coloridas flores que adornam a varanda, presta homenagem \u00e0 rica tradi\u00e7\u00e3o da cer\u00e2mica espanhola. A liga\u00e7\u00e3o cultural destes saleiros com a regi\u00e3o torna-se evidente na sua est\u00e9tica, representando a alegria e o esp\u00edrito vibrante dos p\u00e1tios andaluzes.<\/p>\n<p>Na Ol\u00e9 Mosaic, sabemos que estes saleiros de cer\u00e2mica n\u00e3o s\u00f3 s\u00e3o funcionais, como tamb\u00e9m s\u00e3o recorda\u00e7\u00f5es significativas que adicionam um toque de autenticidade a qualquer mesa. Perfeitos como recorda\u00e7\u00f5es de cer\u00e2mica, s\u00e3o uma op\u00e7\u00e3o excelente para os turistas que procuram produtos distintivos e aut\u00eanticos, e para lojas de presentes tur\u00edsticos que desejam oferecer artigos representativos da cultura espanhola.<\/p>\n","protected":false},"excerpt":{"rendered":"<p>Saleiros de cer\u00e2mica decorados com imagens vibrantes que evocam o esp\u00edrito de um p\u00e1tio andaluz. Um dos saleiros mostra uma bailarina de flamenco vestida com um vestido de bolas vermelhas, enquanto o outro ilustra uma varanda com flores vermelhas em vasos azuis. Ambos os designs s\u00e3o elaborados em cer\u00e2mica branca com acabamento brilhante, e destacam-se pelos seus detalhes pintados \u00e0 m\u00e3o que adicionam um toque aut\u00eantico e cultural. Ideal para dar um toque espanhol \u00e0 sua mesa.<\/p>\n","protected":false},"featured_media":8419,"template":"","meta":{"_acf_changed":false},"product_brand":[],"product_cat":[821],"product_tag":[515],"class_list":{"0":"post-37134","1":"product","2":"type-product","3":"status-publish","4":"has-post-thumbnail","6":"product_cat-saleiros","7":"product_tag-ceramica","8":"pa_motivo-patios","10":"first","11":"instock","12":"shipping-taxable","13":"product-type-simple"},"acf":[],"_links":{"self":[{"href":"https:\/\/olemosaic.orbitalia.org\/pt-pt\/wp-json\/wp\/v2\/product\/37134","targetHints":{"allow":["GET"]}}],"collection":[{"href":"https:\/\/olemosaic.orbitalia.org\/pt-pt\/wp-json\/wp\/v2\/product"}],"about":[{"href":"https:\/\/olemosaic.orbitalia.org\/pt-pt\/wp-json\/wp\/v2\/types\/product"}],"wp:featuredmedia":[{"embeddable":true,"href":"https:\/\/olemosaic.orbitalia.org\/pt-pt\/wp-json\/wp\/v2\/media\/8419"}],"wp:attachment":[{"href":"https:\/\/olemosaic.orbitalia.org\/pt-pt\/wp-json\/wp\/v2\/media?parent=37134"}],"wp:term":[{"taxonomy":"product_brand","embeddable":true,"href":"https:\/\/olemosaic.orbitalia.org\/pt-pt\/wp-json\/wp\/v2\/product_brand?post=37134"},{"taxonomy":"product_cat","embeddable":true,"href":"https:\/\/olemosaic.orbitalia.org\/pt-pt\/wp-json\/wp\/v2\/product_cat?post=37134"},{"taxonomy":"product_tag","embeddable":true,"href":"https:\/\/olemosaic.orbitalia.org\/pt-pt\/wp-json\/wp\/v2\/product_tag?post=37134"}],"curies":[{"name":"wp","href":"https:\/\/api.w.org\/{rel}","templated":true}]}}