{"id":37133,"date":"2025-02-20T23:36:57","date_gmt":"2025-02-20T22:36:57","guid":{"rendered":"https:\/\/olemosaic.orbitalia.org\/producto\/4-bols-de-coco-de-13-x-6-cm-caballito-de-mar-4\/"},"modified":"2025-07-25T19:37:20","modified_gmt":"2025-07-25T17:37:20","slug":"4-tacas-de-coco-13-x-6-cm-cavalo-marinho-padrao-coracoes","status":"publish","type":"product","link":"https:\/\/olemosaic.orbitalia.org\/pt-pt\/produto\/4-tacas-de-coco-13-x-6-cm-cavalo-marinho-padrao-coracoes\/","title":{"rendered":"4 Ta\u00e7as de coco de 13 x 6 cm. Cavalo-marinho. Padr\u00e3o de cora\u00e7\u00f5es."},"content":{"rendered":"<p>Conjuntos de 4 ta\u00e7as de coco com encantadores motivos de cavalos-marinhos<\/p>\n<p>Estes conjuntos de 4 ta\u00e7as de coco s\u00e3o um adorno precioso para qualquer cole\u00e7\u00e3o de recorda\u00e7\u00f5es, ideais para quem procura uma lembran\u00e7a aut\u00eantica e funcional da sua visita \u00e0s regi\u00f5es costeiras de Espanha. Cada ta\u00e7a, com um tamanho de 13 x 6 cm, apresenta-se sobre um vibrante fundo de cores variadas: azul, vermelho, preto e laranja, o que adiciona um toque alegre e colorido a qualquer mesa. No centro de cada uma, um estilizado cavalo-marinho, real\u00e7ado numa cor contrastante, harmoniza com os divertidos cora\u00e7\u00f5es que adornam os rebordos, evocando o encanto e a beleza do mar.<\/p>\n<p>Fabricadas \u00e0 m\u00e3o, cada ta\u00e7a reflete a destreza artesanal t\u00edpica da zona, garantindo a singularidade de cada pe\u00e7a. Estas ta\u00e7as n\u00e3o s\u00f3 s\u00e3o funcionais, perfeitas para servir aperitivos ou pequenos objetos decorativos, como tamb\u00e9m servem como um lembrete vibrante das vibrantes costas espanholas e da sua rica vida marinha.<\/p>\n<p>Este conjunto de ta\u00e7as \u00e9 uma excelente op\u00e7\u00e3o para turistas que desejam levar um peda\u00e7o da cultura local ou para lojas de presentes tur\u00edsticos que procuram destacar-se com produtos aut\u00eanticos. Na Ol\u00e9 Mosaic, somos l\u00edderes na distribui\u00e7\u00e3o de recorda\u00e7\u00f5es por grosso, oferecendo artigos que combinam arte, cultura e funcionalidade, convertendo cada compra numa experi\u00eancia inesquec\u00edvel.<\/p>\n","protected":false},"excerpt":{"rendered":"<p>Conjuntos de 4 ta\u00e7as de coco de 13 x 6 cm com encantadores motivos de cavalos-marinhos. Cada ta\u00e7a apresenta um fundo vibrante em cores variadas: azul, vermelho, preto e laranja, decorado com cora\u00e7\u00f5es e um cavalo-marinho estilizado que se destaca no centro. Fabricadas \u00e0 m\u00e3o, estas ta\u00e7as n\u00e3o s\u00f3 s\u00e3o funcionais, como tamb\u00e9m adicionam um toque decorativo alegre e colorido a qualquer mesa, evocando o encanto do mar.<\/p>\n","protected":false},"featured_media":10661,"template":"","meta":{"_acf_changed":false},"product_brand":[],"product_cat":[513],"product_tag":[516],"class_list":{"0":"post-37133","1":"product","2":"type-product","3":"status-publish","4":"has-post-thumbnail","6":"product_cat-bols","7":"product_tag-animais","8":"pa_motivo-cavalos-marinhos","10":"first","11":"instock","12":"shipping-taxable","13":"product-type-simple"},"acf":[],"_links":{"self":[{"href":"https:\/\/olemosaic.orbitalia.org\/pt-pt\/wp-json\/wp\/v2\/product\/37133","targetHints":{"allow":["GET"]}}],"collection":[{"href":"https:\/\/olemosaic.orbitalia.org\/pt-pt\/wp-json\/wp\/v2\/product"}],"about":[{"href":"https:\/\/olemosaic.orbitalia.org\/pt-pt\/wp-json\/wp\/v2\/types\/product"}],"wp:featuredmedia":[{"embeddable":true,"href":"https:\/\/olemosaic.orbitalia.org\/pt-pt\/wp-json\/wp\/v2\/media\/10661"}],"wp:attachment":[{"href":"https:\/\/olemosaic.orbitalia.org\/pt-pt\/wp-json\/wp\/v2\/media?parent=37133"}],"wp:term":[{"taxonomy":"product_brand","embeddable":true,"href":"https:\/\/olemosaic.orbitalia.org\/pt-pt\/wp-json\/wp\/v2\/product_brand?post=37133"},{"taxonomy":"product_cat","embeddable":true,"href":"https:\/\/olemosaic.orbitalia.org\/pt-pt\/wp-json\/wp\/v2\/product_cat?post=37133"},{"taxonomy":"product_tag","embeddable":true,"href":"https:\/\/olemosaic.orbitalia.org\/pt-pt\/wp-json\/wp\/v2\/product_tag?post=37133"}],"curies":[{"name":"wp","href":"https:\/\/api.w.org\/{rel}","templated":true}]}}