{"id":37131,"date":"2025-02-20T23:36:57","date_gmt":"2025-02-20T22:36:57","guid":{"rendered":"https:\/\/olemosaic.orbitalia.org\/producto\/saleros-de-ceramica-panoramica-barcelona-beige-2\/"},"modified":"2025-07-25T19:21:55","modified_gmt":"2025-07-25T17:21:55","slug":"saleiros-de-ceramica-panoramica-barcelona-bege-2","status":"publish","type":"product","link":"https:\/\/olemosaic.orbitalia.org\/pt-pt\/produto\/saleiros-de-ceramica-panoramica-barcelona-bege-2\/","title":{"rendered":"Saleiros de cer\u00e2mica. Panor\u00e2mica. Sagrada Fam\u00edlia. Barcelona. Bege."},"content":{"rendered":"<p>Conjunto de saleiros de cer\u00e2mica com uma panor\u00e2mica de Barcelona em cor bege, uma recorda\u00e7\u00e3o encantadora que capta a ess\u00eancia vibrante desta emblem\u00e1tica cidade catal\u00e3. O conjunto inclui dois saleiros pintados \u00e0 m\u00e3o: um apresenta a majestosa Sagrada Fam\u00edlia, uma obra-prima de Antoni Gaud\u00ed, adornada com mosaicos coloridos que refletem a luz e a criatividade do seu design. A arquitetura \u00fanica da bas\u00edlica, com as suas imponentes torres e detalhes ornamentais, \u00e9 representada de forma cativante, conferindo um toque art\u00edstico e cultural \u00e0 sua mesa.<\/p>\n<p>O segundo saleiro ilustra um lagarto vivaz, outro emblema do estilo gaudiniano, que com o seu mosaico colorido em tons de verde, azul e laranja, traz a frescura e a alegria caracter\u00edsticas da arte de Barcelona. Ambos os saleiros possuem tampas laranjas que contrastam perfeitamente com o fundo bege, real\u00e7ando o seu design \u00fanico e oferecendo um apelo visual excecional. Estes saleiros n\u00e3o s\u00e3o apenas \u00fateis na cozinha, mas tamb\u00e9m funcionam como pe\u00e7as decorativas que evocam o folclore e a identidade de Barcelona.<\/p>\n<p>Ao escolher este conjunto de saleiros como recorda\u00e7\u00e3o, os turistas n\u00e3o s\u00f3 adquirem uma lembran\u00e7a da sua visita, mas tamb\u00e9m uma representa\u00e7\u00e3o aut\u00eantica da rica heran\u00e7a cultural da cidade. Na Ol\u00e9 Mosaic, o seu distribuidor de souvenirs por grosso, oferecemos produtos que se destacam pelo seu artesanato e significado cultural, ideais para lojas de presentes tur\u00edsticos que procuram oferecer o melhor da tradi\u00e7\u00e3o e criatividade catal\u00e3s.<\/p>\n","protected":false},"excerpt":{"rendered":"<p>Saleiros de cer\u00e2mica com vistas de Barcelona em cor bege. Este conjunto inclui dois saleiros ilustrados: um com a emblem\u00e1tica Sagrada Fam\u00edlia, representada com mosaicos coloridos, e o outro com um lagarto alegre num design vibrante, t\u00edpico da arte de Gaud\u00ed. Ambos os saleiros, com tampas laranjas, s\u00e3o pintados \u00e0 m\u00e3o, oferecendo um toque cultural e decorativo encantador para qualquer mesa.<\/p>\n","protected":false},"featured_media":7689,"template":"","meta":{"_acf_changed":false},"product_brand":[],"product_cat":[821],"product_tag":[515],"class_list":{"0":"post-37131","1":"product","2":"type-product","3":"status-publish","4":"has-post-thumbnail","6":"product_cat-saleiros","7":"product_tag-ceramica","8":"pa_ciudad-barcelona","9":"pa_motivo-panoramas","10":"pa_pais-espana","12":"first","13":"instock","14":"shipping-taxable","15":"product-type-simple"},"acf":[],"_links":{"self":[{"href":"https:\/\/olemosaic.orbitalia.org\/pt-pt\/wp-json\/wp\/v2\/product\/37131","targetHints":{"allow":["GET"]}}],"collection":[{"href":"https:\/\/olemosaic.orbitalia.org\/pt-pt\/wp-json\/wp\/v2\/product"}],"about":[{"href":"https:\/\/olemosaic.orbitalia.org\/pt-pt\/wp-json\/wp\/v2\/types\/product"}],"wp:featuredmedia":[{"embeddable":true,"href":"https:\/\/olemosaic.orbitalia.org\/pt-pt\/wp-json\/wp\/v2\/media\/7689"}],"wp:attachment":[{"href":"https:\/\/olemosaic.orbitalia.org\/pt-pt\/wp-json\/wp\/v2\/media?parent=37131"}],"wp:term":[{"taxonomy":"product_brand","embeddable":true,"href":"https:\/\/olemosaic.orbitalia.org\/pt-pt\/wp-json\/wp\/v2\/product_brand?post=37131"},{"taxonomy":"product_cat","embeddable":true,"href":"https:\/\/olemosaic.orbitalia.org\/pt-pt\/wp-json\/wp\/v2\/product_cat?post=37131"},{"taxonomy":"product_tag","embeddable":true,"href":"https:\/\/olemosaic.orbitalia.org\/pt-pt\/wp-json\/wp\/v2\/product_tag?post=37131"}],"curies":[{"name":"wp","href":"https:\/\/api.w.org\/{rel}","templated":true}]}}