{"id":37126,"date":"2025-02-20T23:36:56","date_gmt":"2025-02-20T22:36:56","guid":{"rendered":"https:\/\/olemosaic.orbitalia.org\/producto\/4-bols-de-coco-de-13-x-6-cm-isla-mallorca-3\/"},"modified":"2025-07-25T20:24:29","modified_gmt":"2025-07-25T18:24:29","slug":"4-tacas-de-coco-de-13-x-6-cm-ilha-maiorca-3","status":"publish","type":"product","link":"https:\/\/olemosaic.orbitalia.org\/pt-pt\/produto\/4-tacas-de-coco-de-13-x-6-cm-ilha-maiorca-3\/","title":{"rendered":"4 Ta\u00e7as de coco de 13 x 6 cm. Mosaico. Ilha. Maiorca."},"content":{"rendered":"<p>Conjunto de quatro ta\u00e7as de coco de Maiorca<\/p>\n<p>Este conjunto de quatro ta\u00e7as de coco, com dimens\u00f5es de 13 x 6 cm, \u00e9 uma preciosa representa\u00e7\u00e3o da ess\u00eancia de Maiorca, ideal tanto para servir aperitivos como para decorar qualquer espa\u00e7o. Cada ta\u00e7a apresenta um design \u00fanico, inspirado nos vibrantes mosaicos que adornam as ruas de Maiorca. Os padr\u00f5es coloridos, com tons naturais, refletem a rica cultura e hist\u00f3ria da ilha, onde a fus\u00e3o de motivos florais e geom\u00e9tricos cria uma harmonia visual cativante.<\/p>\n<p>O interior de cada ta\u00e7a est\u00e1 decorado com elementos art\u00edsticos que evocam a tradi\u00e7\u00e3o da ilha, o que torna cada pe\u00e7a numa aut\u00eantica homenagem \u00e0 beleza do ambiente mediterr\u00e2nico. Estas ta\u00e7as n\u00e3o s\u00f3 s\u00e3o pr\u00e1ticas, como tamb\u00e9m t\u00eam um aspeto distintivo que as torna um atrativo adicional para qualquer casa.<\/p>\n<p>Como souvenirs de Maiorca, oferecem uma liga\u00e7\u00e3o cultural profunda, ideais para turistas que procuram recorda\u00e7\u00f5es aut\u00eanticas da sua viagem. Na Ol\u00e9 Mosaic dedicamo-nos \u00e0 distribui\u00e7\u00e3o de souvenirs por grosso, e este conjunto de ta\u00e7as de coco \u00e9 uma excelente op\u00e7\u00e3o para lojas de presentes tur\u00edsticos que desejam oferecer produtos que capturem a ess\u00eancia da ilha. Um verdadeiro tesouro cultural que celebra o esp\u00edrito de Maiorca.<\/p>\n","protected":false},"excerpt":{"rendered":"<p>Conjunto de quatro ta\u00e7as de coco de 13 x 6 cm, inspiradas na preciosa ilha de Maiorca. Cada ta\u00e7a apresenta um design muito especial, com coloridos mosaicos em tons naturais que evocam a rica cultura e tradi\u00e7\u00e3o da ilha. Os designers destacam motivos florais e geom\u00e9tricos, criando uma encantadora fus\u00e3o art\u00edstica. Perfeitas para servir aperitivos ou como elementos decorativos, estas ta\u00e7as s\u00e3o uma homenagem \u00e0 beleza de Maiorca.<\/p>\n","protected":false},"featured_media":10692,"template":"","meta":{"_acf_changed":false},"product_brand":[],"product_cat":[513],"product_tag":[],"class_list":{"0":"post-37126","1":"product","2":"type-product","3":"status-publish","4":"has-post-thumbnail","6":"product_cat-bols","7":"pa_ciudad-mallorca","8":"pa_motivo-ilhas","9":"pa_pais-espana","11":"first","12":"instock","13":"shipping-taxable","14":"product-type-simple"},"acf":[],"_links":{"self":[{"href":"https:\/\/olemosaic.orbitalia.org\/pt-pt\/wp-json\/wp\/v2\/product\/37126","targetHints":{"allow":["GET"]}}],"collection":[{"href":"https:\/\/olemosaic.orbitalia.org\/pt-pt\/wp-json\/wp\/v2\/product"}],"about":[{"href":"https:\/\/olemosaic.orbitalia.org\/pt-pt\/wp-json\/wp\/v2\/types\/product"}],"wp:featuredmedia":[{"embeddable":true,"href":"https:\/\/olemosaic.orbitalia.org\/pt-pt\/wp-json\/wp\/v2\/media\/10692"}],"wp:attachment":[{"href":"https:\/\/olemosaic.orbitalia.org\/pt-pt\/wp-json\/wp\/v2\/media?parent=37126"}],"wp:term":[{"taxonomy":"product_brand","embeddable":true,"href":"https:\/\/olemosaic.orbitalia.org\/pt-pt\/wp-json\/wp\/v2\/product_brand?post=37126"},{"taxonomy":"product_cat","embeddable":true,"href":"https:\/\/olemosaic.orbitalia.org\/pt-pt\/wp-json\/wp\/v2\/product_cat?post=37126"},{"taxonomy":"product_tag","embeddable":true,"href":"https:\/\/olemosaic.orbitalia.org\/pt-pt\/wp-json\/wp\/v2\/product_tag?post=37126"}],"curies":[{"name":"wp","href":"https:\/\/api.w.org\/{rel}","templated":true}]}}