{"id":37124,"date":"2025-02-20T23:36:56","date_gmt":"2025-02-20T22:36:56","guid":{"rendered":"https:\/\/olemosaic.orbitalia.org\/producto\/4-bols-de-coco-de-13-x-6-cm-delfin-barcelona-5\/"},"modified":"2025-07-25T19:31:04","modified_gmt":"2025-07-25T17:31:04","slug":"4-tacas-de-coco-de-13-x-6-cm-golfinho-barcelona-5","status":"publish","type":"product","link":"https:\/\/olemosaic.orbitalia.org\/pt-pt\/produto\/4-tacas-de-coco-de-13-x-6-cm-golfinho-barcelona-5\/","title":{"rendered":"4 Ta\u00e7as de coco de 13 x 6 cm. Golfinho. Azul, vermelho, laranja e f\u00facsia. Barcelona."},"content":{"rendered":"<p>Conjunto de quatro ta\u00e7as de coco de 13 x 6 cm, desenhadas em Barcelona. Cada uma apresenta um design vibrante e colorido que evoca o esp\u00edrito mediterr\u00e2nico desta ic\u00f3nica cidade. Estas atrativas ta\u00e7as ilustram motivos de golfinhos adornados com tonalidades radiantes de azul, vermelho, laranja e rosa, criando uma pe\u00e7a \u00fanica que captura a ess\u00eancia da vida marinha da regi\u00e3o. Na base de cada ta\u00e7a, a palavra &#8220;Barcelona&#8221; est\u00e1 impressa com um estilo que refor\u00e7a a liga\u00e7\u00e3o nost\u00e1lgica com a cidade.<\/p>\n<p>Feitas \u00e0 m\u00e3o com t\u00e9cnicas artesanais, cada ta\u00e7a apresenta uma forma arredondada que resulta est\u00e9tica e funcional. Os finos detalhes na decora\u00e7\u00e3o s\u00e3o uma amostra da dedica\u00e7\u00e3o e habilidade dos artes\u00e3os locais, o que destaca esta cole\u00e7\u00e3o como um aut\u00eantico souvenir de Barcelona. Estas ta\u00e7as de coco n\u00e3o s\u00f3 s\u00e3o perfeitas para adicionar um toque de cor a qualquer casa, como tamb\u00e9m se tornam recorda\u00e7\u00f5es representativas da cultura catal\u00e3.<\/p>\n<p>Oferecendo uma excelente op\u00e7\u00e3o para turistas e lojas de presentes, a Ol\u00e9 Mosaic disponibiliza este conjunto como parte do seu exclusivo cat\u00e1logo de souvenirs por grosso. Com o seu design encantador e a sua relev\u00e2ncia cultural, estas ta\u00e7as s\u00e3o ideais para quem procura artigos aut\u00eanticos de Barcelona.<\/p>\n","protected":false},"excerpt":{"rendered":"<p>Conjunto de quatro ta\u00e7as de coco de 13 x 6 cm, cada uma com um design colorido associado a Barcelona. Estas atrativas ta\u00e7as apresentam motivos de golfinhos em vibrantes tonalidades azuis, vermelhas, laranjas e rosas, com a palavra &#8220;Barcelona&#8221; na sua base. Elaboradas artesanalmente, combinam uma t\u00e9cnica de acabamento que real\u00e7a a sua forma arredondada e os finos detalhes da sua decora\u00e7\u00e3o, perfeitas para dar um toque \u00fanico a qualquer casa ou como recorda\u00e7\u00e3o da cidade.<\/p>\n","protected":false},"featured_media":13836,"template":"","meta":{"_acf_changed":false},"product_brand":[],"product_cat":[513],"product_tag":[516],"class_list":{"0":"post-37124","1":"product","2":"type-product","3":"status-publish","4":"has-post-thumbnail","6":"product_cat-bols","7":"product_tag-animais","8":"pa_ciudad-barcelona","9":"pa_motivo-golfinhos","10":"pa_pais-espana","12":"first","13":"instock","14":"shipping-taxable","15":"product-type-simple"},"acf":[],"_links":{"self":[{"href":"https:\/\/olemosaic.orbitalia.org\/pt-pt\/wp-json\/wp\/v2\/product\/37124","targetHints":{"allow":["GET"]}}],"collection":[{"href":"https:\/\/olemosaic.orbitalia.org\/pt-pt\/wp-json\/wp\/v2\/product"}],"about":[{"href":"https:\/\/olemosaic.orbitalia.org\/pt-pt\/wp-json\/wp\/v2\/types\/product"}],"wp:featuredmedia":[{"embeddable":true,"href":"https:\/\/olemosaic.orbitalia.org\/pt-pt\/wp-json\/wp\/v2\/media\/13836"}],"wp:attachment":[{"href":"https:\/\/olemosaic.orbitalia.org\/pt-pt\/wp-json\/wp\/v2\/media?parent=37124"}],"wp:term":[{"taxonomy":"product_brand","embeddable":true,"href":"https:\/\/olemosaic.orbitalia.org\/pt-pt\/wp-json\/wp\/v2\/product_brand?post=37124"},{"taxonomy":"product_cat","embeddable":true,"href":"https:\/\/olemosaic.orbitalia.org\/pt-pt\/wp-json\/wp\/v2\/product_cat?post=37124"},{"taxonomy":"product_tag","embeddable":true,"href":"https:\/\/olemosaic.orbitalia.org\/pt-pt\/wp-json\/wp\/v2\/product_tag?post=37124"}],"curies":[{"name":"wp","href":"https:\/\/api.w.org\/{rel}","templated":true}]}}