{"id":37117,"date":"2025-02-20T23:36:55","date_gmt":"2025-02-20T22:36:55","guid":{"rendered":"https:\/\/olemosaic.orbitalia.org\/producto\/4-bols-de-coco-de-13-x-6-cm-concha-flechas-camino-de-santiago\/"},"modified":"2025-07-25T18:45:02","modified_gmt":"2025-07-25T16:45:02","slug":"4-tacas-de-coco-de-13-x-6-cm-concha-setas-caminho-de-santiago","status":"publish","type":"product","link":"https:\/\/olemosaic.orbitalia.org\/pt-pt\/produto\/4-tacas-de-coco-de-13-x-6-cm-concha-setas-caminho-de-santiago\/","title":{"rendered":"4 Ta\u00e7as de coco de 13 x 6 cm. Concha + setas. Caminho de Santiago."},"content":{"rendered":"<p>Conjunto de 4 ta\u00e7as de coco decoradas com mosaicos do Caminho de Santiago<\/p>\n<p>Este conjunto de 4 ta\u00e7as de coco, com um tamanho ideal de 13 x 6 cm, \u00e9 uma representa\u00e7\u00e3o vibrante da tradi\u00e7\u00e3o de peregrina\u00e7\u00e3o do Caminho de Santiago. Cada ta\u00e7a conta com um design \u00fanico que mistura mosaicos coloridos, numa magn\u00edfica fus\u00e3o de tons rosa, azul e amarelo sobre um fundo claro. Os motivos distintivos de conchas e setas, s\u00edmbolos emblem\u00e1ticos do caminho, evocam a ess\u00eancia do percurso que atrai milhares de peregrinos todos os anos.<\/p>\n<p>O acabamento artesanal de cada pe\u00e7a real\u00e7a a dedica\u00e7\u00e3o e o talento dos artes\u00e3os locais, tornando estas ta\u00e7as n\u00e3o apenas objetos funcionais para servir aperitivos, mas tamb\u00e9m pe\u00e7as decorativas evocativas que comemoram a rica heran\u00e7a cultural desta famosa rota. Ao utilizar estas ta\u00e7as, os turistas podem levar parte da experi\u00eancia do Caminho de Santiago para casa, tornando este conjunto um souvenir ideal para quem procura recordar a sua aventura.<\/p>\n<p>Na Ol\u00e9 Mosaic, oferecemos este conjunto como uma excelente op\u00e7\u00e3o para lojas de presentes tur\u00edsticos que desejam incorporar artigos aut\u00eanticos e representativos de Espanha. Cada ta\u00e7a \u00e9 uma recorda\u00e7\u00e3o deliciosa que encapsula a cultura, a arte e a hist\u00f3ria do Caminho de Santiago, perfeito para quem procura souvenirs singulares que celebrem a sua viagem.<\/p>\n","protected":false},"excerpt":{"rendered":"<p>Conjunto de 4 ta\u00e7as de coco de 13 x 6 cm, decoradas com mosaicos coloridos que representam s\u00edmbolos do Caminho de Santiago. Cada ta\u00e7a apresenta um design muito especial com conchas e setas, ideais para recordar este famoso percurso. O acabamento real\u00e7a a sua t\u00e9cnica artesanal, combinando tons vibrantes de rosa, azul e amarelo sobre um fundo claro, perfeitos para servir aperitivos ou como pe\u00e7as decorativas que evocam a ess\u00eancia da peregrina\u00e7\u00e3o.<\/p>\n","protected":false},"featured_media":13833,"template":"","meta":{"_acf_changed":false},"product_brand":[],"product_cat":[513],"product_tag":[],"class_list":{"0":"post-37117","1":"product","2":"type-product","3":"status-publish","4":"has-post-thumbnail","6":"product_cat-bols","7":"pa_ciudad-santiago","8":"pa_motivo-conchas","9":"pa_pais-espana","11":"first","12":"instock","13":"shipping-taxable","14":"product-type-simple"},"acf":[],"_links":{"self":[{"href":"https:\/\/olemosaic.orbitalia.org\/pt-pt\/wp-json\/wp\/v2\/product\/37117","targetHints":{"allow":["GET"]}}],"collection":[{"href":"https:\/\/olemosaic.orbitalia.org\/pt-pt\/wp-json\/wp\/v2\/product"}],"about":[{"href":"https:\/\/olemosaic.orbitalia.org\/pt-pt\/wp-json\/wp\/v2\/types\/product"}],"wp:featuredmedia":[{"embeddable":true,"href":"https:\/\/olemosaic.orbitalia.org\/pt-pt\/wp-json\/wp\/v2\/media\/13833"}],"wp:attachment":[{"href":"https:\/\/olemosaic.orbitalia.org\/pt-pt\/wp-json\/wp\/v2\/media?parent=37117"}],"wp:term":[{"taxonomy":"product_brand","embeddable":true,"href":"https:\/\/olemosaic.orbitalia.org\/pt-pt\/wp-json\/wp\/v2\/product_brand?post=37117"},{"taxonomy":"product_cat","embeddable":true,"href":"https:\/\/olemosaic.orbitalia.org\/pt-pt\/wp-json\/wp\/v2\/product_cat?post=37117"},{"taxonomy":"product_tag","embeddable":true,"href":"https:\/\/olemosaic.orbitalia.org\/pt-pt\/wp-json\/wp\/v2\/product_tag?post=37117"}],"curies":[{"name":"wp","href":"https:\/\/api.w.org\/{rel}","templated":true}]}}