{"id":37111,"date":"2025-02-20T23:36:53","date_gmt":"2025-02-20T22:36:53","guid":{"rendered":"https:\/\/olemosaic.orbitalia.org\/producto\/4-bols-de-coco-de-13-x-6-cm-tortuga-gran-canaria-3\/"},"modified":"2025-07-25T19:06:46","modified_gmt":"2025-07-25T17:06:46","slug":"4-tacas-de-coco-de-13-x-6-cm-tartaruga-gra-canaria-3","status":"publish","type":"product","link":"https:\/\/olemosaic.orbitalia.org\/pt-pt\/produto\/4-tacas-de-coco-de-13-x-6-cm-tartaruga-gra-canaria-3\/","title":{"rendered":"4 Ta\u00e7as de coco de 13 x 6 cm. Tartaruga. Cora\u00e7\u00f5es e flores. Gr\u00e3-Can\u00e1ria."},"content":{"rendered":"<p>Conjunto de 4 ta\u00e7as de coco da Gr\u00e3-Can\u00e1ria: funcionalidade e arte em cada pe\u00e7a. Este atraente conjunto, de 13 x 6 cm por ta\u00e7a, representa a beleza natural da Gr\u00e3-Can\u00e1ria atrav\u00e9s do seu design encantador, que destaca uma tartaruga no centro, simbolizando a rica fauna marinha da regi\u00e3o. Cada ta\u00e7a exibe um colorido mosaico em tons vibrantes e quentes, adornado com motivos que oscilam entre cora\u00e7\u00f5es e flores, criando uma fus\u00e3o irresist\u00edvel de alegria e criatividade.<\/p>\n<p>O acabamento artesanal destas ta\u00e7as garante que cada pe\u00e7a seja \u00fanica, real\u00e7ando o compromisso do artesanato local can\u00e1rio. Gravadas com o nome &#8220;Gran Canaria&#8221;, n\u00e3o s\u00e3o apenas utens\u00edlios ideais para servir aperitivos, mas tamb\u00e9m funcionam perfeitamente como objetos decorativos que conferem um toque tropical a qualquer casa. O seu design multidimensional permite que cada ta\u00e7a seja empilhada de forma encantadora, facilitando o seu armazenamento.<\/p>\n<p>Como lembran\u00e7as da Gr\u00e3-Can\u00e1ria, estas ta\u00e7as s\u00e3o ideais para turistas que procuram recorda\u00e7\u00f5es aut\u00eanticas que encapsulem a ess\u00eancia da sua viagem. Na Ol\u00e9 Mosaic, somos especialistas na distribui\u00e7\u00e3o de lembran\u00e7as de qualidade, e este conjunto de ta\u00e7as de coco \u00e9 uma excelente op\u00e7\u00e3o para lojas de presentes tur\u00edsticos que valorizam o artesanato e a cultura local. Com este produto, obt\u00e9m-se uma recorda\u00e7\u00e3o funcional e esteticamente atraente que evocar\u00e1 as praias quentes e a rica biodiversidade da Gr\u00e3-Can\u00e1ria.<\/p>\n","protected":false},"excerpt":{"rendered":"<p>Conjunto de 4 ta\u00e7as de coco de 13 x 6 cm, decoradas com um design que evoca a fauna marinha da Gr\u00e3-Can\u00e1ria, concretamente uma tartaruga. Cada ta\u00e7a apresenta um mosaico colorido com tons vibrantes e quentes, com detalhes que variam entre formas de cora\u00e7\u00e3o e flor. No centro, est\u00e1 gravado o nome &#8220;Gran Canaria&#8221;, real\u00e7ando o artesanato local. S\u00e3o ideais para servir aperitivos ou como objeto decorativo, fundindo funcionalidade e beleza em cada pe\u00e7a.<\/p>\n","protected":false},"featured_media":10708,"template":"","meta":{"_acf_changed":false},"product_brand":[],"product_cat":[513],"product_tag":[516],"class_list":{"0":"post-37111","1":"product","2":"type-product","3":"status-publish","4":"has-post-thumbnail","6":"product_cat-bols","7":"product_tag-animais","8":"pa_ciudad-gran-canaria","9":"pa_motivo-tartarugas","10":"pa_pais-espana","12":"first","13":"instock","14":"shipping-taxable","15":"product-type-simple"},"acf":[],"_links":{"self":[{"href":"https:\/\/olemosaic.orbitalia.org\/pt-pt\/wp-json\/wp\/v2\/product\/37111","targetHints":{"allow":["GET"]}}],"collection":[{"href":"https:\/\/olemosaic.orbitalia.org\/pt-pt\/wp-json\/wp\/v2\/product"}],"about":[{"href":"https:\/\/olemosaic.orbitalia.org\/pt-pt\/wp-json\/wp\/v2\/types\/product"}],"wp:featuredmedia":[{"embeddable":true,"href":"https:\/\/olemosaic.orbitalia.org\/pt-pt\/wp-json\/wp\/v2\/media\/10708"}],"wp:attachment":[{"href":"https:\/\/olemosaic.orbitalia.org\/pt-pt\/wp-json\/wp\/v2\/media?parent=37111"}],"wp:term":[{"taxonomy":"product_brand","embeddable":true,"href":"https:\/\/olemosaic.orbitalia.org\/pt-pt\/wp-json\/wp\/v2\/product_brand?post=37111"},{"taxonomy":"product_cat","embeddable":true,"href":"https:\/\/olemosaic.orbitalia.org\/pt-pt\/wp-json\/wp\/v2\/product_cat?post=37111"},{"taxonomy":"product_tag","embeddable":true,"href":"https:\/\/olemosaic.orbitalia.org\/pt-pt\/wp-json\/wp\/v2\/product_tag?post=37111"}],"curies":[{"name":"wp","href":"https:\/\/api.w.org\/{rel}","templated":true}]}}