{"id":37110,"date":"2025-02-20T23:36:53","date_gmt":"2025-02-20T22:36:53","guid":{"rendered":"https:\/\/olemosaic.orbitalia.org\/producto\/4-bols-de-coco-de-13-x-6-cm-tortuga-gran-canaria-2\/"},"modified":"2025-07-25T18:36:09","modified_gmt":"2025-07-25T16:36:09","slug":"4-tacas-de-coco-de-13-x-6-cm-tartaruga-gra-canaria-2","status":"publish","type":"product","link":"https:\/\/olemosaic.orbitalia.org\/pt-pt\/produto\/4-tacas-de-coco-de-13-x-6-cm-tartaruga-gra-canaria-2\/","title":{"rendered":"4 Ta\u00e7as de coco de 13 x 6 cm. Tartaruga. Mosaico. Gr\u00e3-Can\u00e1ria."},"content":{"rendered":"<p>Conjunto de 4 ta\u00e7as de coco da Gr\u00e3-Can\u00e1ria<\/p>\n<p>Descubra a ess\u00eancia do arquip\u00e9lago can\u00e1rio com este conjunto de quatro elegantes ta\u00e7as de coco, cada uma com 13 x 6 cm, provenientes da Gr\u00e3-Can\u00e1ria. Inspiradas no ambiente natural da ilha, estas ta\u00e7as apresentam um design vibrante em tons de vermelho, amarelo, azul e dourado, decoradas com um intrincado padr\u00e3o de tartaruga que evoca a rica fauna marinha da regi\u00e3o. O artesanato de cada pe\u00e7a reflete a heran\u00e7a cultural can\u00e1ria, unindo beleza e funcionalidade num objeto perfeito tanto para servir aperitivos como para decorar qualquer canto da casa.<\/p>\n<p>Os acabamentos brilhantes das ta\u00e7as captam a luz de forma requintada, criando um espet\u00e1culo visual de cor que atrair\u00e1 a aten\u00e7\u00e3o de qualquer visitante. Este conjunto n\u00e3o s\u00f3 representa a exuberante natureza da Gr\u00e3-Can\u00e1ria, como tamb\u00e9m recorda o compromisso dos artes\u00e3os locais com a elabora\u00e7\u00e3o de lembran\u00e7as aut\u00eanticas e de qualidade. Como parte do cat\u00e1logo da Ol\u00e9 Mosaic, estas ta\u00e7as de coco s\u00e3o uma excelente escolha para lojas de presentes tur\u00edsticos que procuram oferecer lembran\u00e7as aut\u00eanticas da Gr\u00e3-Can\u00e1ria. Com o seu encanto cultural e visual, estas ta\u00e7as encontrar\u00e3o um lugar especial na mem\u00f3ria de quem as adquirir, tornando-se uma op\u00e7\u00e3o ideal para qualquer viajante que deseje levar um pedacinho da ilha.<\/p>\n","protected":false},"excerpt":{"rendered":"<p>Ta\u00e7as de coco de 13 x 6 cm inspiradas no ambiente natural da Gr\u00e3-Can\u00e1ria. Este conjunto de quatro ta\u00e7as coloridas apresenta um design muito especial em tons vibrantes de vermelho, amarelo, azul e dourado, decoradas com um motivo de tartaruga na superf\u00edcie. Fabricadas de forma artesanal, cada ta\u00e7a reflete a beleza das tradi\u00e7\u00f5es can\u00e1rias com um acabamento brilhante, perfeito para servir aperitivos ou como elemento decorativo em qualquer casa.<\/p>\n","protected":false},"featured_media":10658,"template":"","meta":{"_acf_changed":false},"product_brand":[],"product_cat":[513],"product_tag":[516],"class_list":{"0":"post-37110","1":"product","2":"type-product","3":"status-publish","4":"has-post-thumbnail","6":"product_cat-bols","7":"product_tag-animais","8":"pa_ciudad-gran-canaria","9":"pa_motivo-tartarugas","10":"pa_pais-espana","12":"first","13":"instock","14":"shipping-taxable","15":"product-type-simple"},"acf":[],"_links":{"self":[{"href":"https:\/\/olemosaic.orbitalia.org\/pt-pt\/wp-json\/wp\/v2\/product\/37110","targetHints":{"allow":["GET"]}}],"collection":[{"href":"https:\/\/olemosaic.orbitalia.org\/pt-pt\/wp-json\/wp\/v2\/product"}],"about":[{"href":"https:\/\/olemosaic.orbitalia.org\/pt-pt\/wp-json\/wp\/v2\/types\/product"}],"wp:featuredmedia":[{"embeddable":true,"href":"https:\/\/olemosaic.orbitalia.org\/pt-pt\/wp-json\/wp\/v2\/media\/10658"}],"wp:attachment":[{"href":"https:\/\/olemosaic.orbitalia.org\/pt-pt\/wp-json\/wp\/v2\/media?parent=37110"}],"wp:term":[{"taxonomy":"product_brand","embeddable":true,"href":"https:\/\/olemosaic.orbitalia.org\/pt-pt\/wp-json\/wp\/v2\/product_brand?post=37110"},{"taxonomy":"product_cat","embeddable":true,"href":"https:\/\/olemosaic.orbitalia.org\/pt-pt\/wp-json\/wp\/v2\/product_cat?post=37110"},{"taxonomy":"product_tag","embeddable":true,"href":"https:\/\/olemosaic.orbitalia.org\/pt-pt\/wp-json\/wp\/v2\/product_tag?post=37110"}],"curies":[{"name":"wp","href":"https:\/\/api.w.org\/{rel}","templated":true}]}}