{"id":37109,"date":"2025-02-20T23:36:53","date_gmt":"2025-02-20T22:36:53","guid":{"rendered":"https:\/\/olemosaic.orbitalia.org\/producto\/4-bols-de-coco-de-13-x-6-cm-salamandra-gran-canaria-3\/"},"modified":"2025-07-25T19:30:21","modified_gmt":"2025-07-25T17:30:21","slug":"4-tacas-de-coco-de-13-x-6-cm-salamandra-gra-canaria-3","status":"publish","type":"product","link":"https:\/\/olemosaic.orbitalia.org\/pt-pt\/produto\/4-tacas-de-coco-de-13-x-6-cm-salamandra-gra-canaria-3\/","title":{"rendered":"4 Ta\u00e7as de coco de 13 x 6 cm. Salamandra. Gr\u00e3-Can\u00e1ria."},"content":{"rendered":"<p>Conjunto de 4 ta\u00e7as de coco da Gr\u00e3-Can\u00e1ria<\/p>\n<p>Descubra este vibrante conjunto de 4 ta\u00e7as de coco, uma bela representa\u00e7\u00e3o da biodiversidade da Gr\u00e3-Can\u00e1ria, ideal tanto para servir alimentos como para decorar a sua casa. Com dimens\u00f5es de 13 x 6 cm, cada ta\u00e7a destaca-se pelo seu design \u00fanico, adornado com encantadoras salamandras, cuidadosamente com efeito pintado \u00e0 m\u00e3o. A superf\u00edcie brilhante e texturizada apresenta coloridos mosaicos em tons de azul, amarelo e rosa, criando um efeito visual cativante que evoca a riqueza natural da ilha.<\/p>\n<p>Cada uma das ta\u00e7as inclui a frase &#8220;Gran Canaria&#8221;, o que eleva a sua autenticidade e as torna um presente ideal para quem procura lembran\u00e7as representativas da cultura can\u00e1ria. Os detalhes art\u00edsticos real\u00e7am o estilo artesanal que caracteriza os produtos da regi\u00e3o, fazendo deste conjunto uma op\u00e7\u00e3o perfeita para turistas que desejam levar um pedacinho da Gr\u00e3-Can\u00e1ria para casa.<\/p>\n<p>Na Ol\u00e9 Mosaic, orgulhamo-nos de ser distribuidores de lembran\u00e7as t\u00edpicas de alta qualidade. Este conjunto de ta\u00e7as de coco \u00e9 o complemento perfeito para lojas de presentes tur\u00edsticos que procuram aut\u00eanticos produtos can\u00e1rios. Com a sua atraente combina\u00e7\u00e3o de arte e cultura, estas ta\u00e7as n\u00e3o s\u00e3o apenas \u00fateis, mas tamb\u00e9m memor\u00e1veis, ideais para atrair quem procura um v\u00ednculo especial com a sua viagem.<\/p>\n","protected":false},"excerpt":{"rendered":"<p>Ta\u00e7as de coco de 13 x 6 cm, inspiradas na biodiversidade da Gr\u00e3-Can\u00e1ria. Este conjunto de quatro ta\u00e7as apresenta um design vibrante, adornado com motivos de salamandras pintados \u00e0 m\u00e3o e embelezados com coloridos mosaicos em tons de azul, amarelo e rosa. Com uma superf\u00edcie brilhante e texturizada, cada ta\u00e7a incorpora a frase &#8220;Gran Canaria&#8221;, tornando estes artigos uma bela representa\u00e7\u00e3o cultural, ideal para servir ou como elemento decorativo.<\/p>\n","protected":false},"featured_media":10698,"template":"","meta":{"_acf_changed":false},"product_brand":[],"product_cat":[513],"product_tag":[516],"class_list":{"0":"post-37109","1":"product","2":"type-product","3":"status-publish","4":"has-post-thumbnail","6":"product_cat-bols","7":"product_tag-animais","8":"pa_ciudad-gran-canaria","9":"pa_motivo-salamandras","10":"pa_pais-espana","12":"first","13":"instock","14":"shipping-taxable","15":"product-type-simple"},"acf":[],"_links":{"self":[{"href":"https:\/\/olemosaic.orbitalia.org\/pt-pt\/wp-json\/wp\/v2\/product\/37109","targetHints":{"allow":["GET"]}}],"collection":[{"href":"https:\/\/olemosaic.orbitalia.org\/pt-pt\/wp-json\/wp\/v2\/product"}],"about":[{"href":"https:\/\/olemosaic.orbitalia.org\/pt-pt\/wp-json\/wp\/v2\/types\/product"}],"wp:featuredmedia":[{"embeddable":true,"href":"https:\/\/olemosaic.orbitalia.org\/pt-pt\/wp-json\/wp\/v2\/media\/10698"}],"wp:attachment":[{"href":"https:\/\/olemosaic.orbitalia.org\/pt-pt\/wp-json\/wp\/v2\/media?parent=37109"}],"wp:term":[{"taxonomy":"product_brand","embeddable":true,"href":"https:\/\/olemosaic.orbitalia.org\/pt-pt\/wp-json\/wp\/v2\/product_brand?post=37109"},{"taxonomy":"product_cat","embeddable":true,"href":"https:\/\/olemosaic.orbitalia.org\/pt-pt\/wp-json\/wp\/v2\/product_cat?post=37109"},{"taxonomy":"product_tag","embeddable":true,"href":"https:\/\/olemosaic.orbitalia.org\/pt-pt\/wp-json\/wp\/v2\/product_tag?post=37109"}],"curies":[{"name":"wp","href":"https:\/\/api.w.org\/{rel}","templated":true}]}}