{"id":37106,"date":"2025-02-20T22:36:53","date_gmt":"2025-02-20T22:36:53","guid":{"rendered":"https:\/\/olemosaic.orbitalia.org\/producto\/salvamanteles-de-ceramica-sevilla\/"},"modified":"2025-07-25T19:36:19","modified_gmt":"2025-07-25T17:36:19","slug":"descanso-de-pratos-de-ceramica-sevilha","status":"publish","type":"product","link":"https:\/\/olemosaic.orbitalia.org\/pt-pt\/produto\/descanso-de-pratos-de-ceramica-sevilha\/","title":{"rendered":"Descanso de pratos de cer\u00e2mica. Sevilha."},"content":{"rendered":"<p>Descanso de pratos de cer\u00e2mica de Sevilha com um design vibrante que captura a ess\u00eancia da cidade. Este requintado descanso de pratos apresenta uma base de cer\u00e2mica decorada com um mosaico colorido, onde se destacam monumentos emblem\u00e1ticos como a majestosa Giralda e a monumental Pra\u00e7a de Espanha. As tonalidades vermelhas, amarelas e azuis entrela\u00e7am-se numa representa\u00e7\u00e3o art\u00edstica que reflete a riqueza cultural de Sevilha, enquanto o lema &#8220;SEVILLA&#8221; \u00e9 exibido de forma chamativa na parte superior, conferindo um toque festivo e acolhedor ao seu design.<\/p>\n<p>Este descanso de pratos n\u00e3o \u00e9 apenas um acess\u00f3rio funcional que protege as superf\u00edcies das mesas, mas tamb\u00e9m um elegante elemento decorativo que transforma qualquer espa\u00e7o numa homenagem \u00e0 tradi\u00e7\u00e3o andaluza. A cer\u00e2mica, um material emblem\u00e1tico do artesanato espanhol, garante a sua durabilidade e autenticidade, tornando este objeto um souvenir ideal para quem deseje levar uma recorda\u00e7\u00e3o tang\u00edvel de Sevilha.<\/p>\n<p>Na Ol\u00e9 Mosaic, especializamo-nos na distribui\u00e7\u00e3o de souvenirs por grosso, e este descanso de pratos \u00e9 uma excelente op\u00e7\u00e3o para lojas de presentes tur\u00edsticos que procuram oferecer produtos aut\u00eanticos e culturalmente significativos. Este artigo \u00e9 perfeito para turistas que procuram preservar a sua experi\u00eancia sevilhana de uma forma \u00fanica e colorida, tornando-o um presente memor\u00e1vel e representativo da rica heran\u00e7a da cidade.<\/p>\n","protected":false},"excerpt":{"rendered":"<p>Descanso de pratos de cer\u00e2mica com um vibrante design inspirado em Sevilha, que apresenta uma colorida representa\u00e7\u00e3o dos seus emblem\u00e1ticos monumentos. Este produto conta com uma base de cer\u00e2mica decorada com um mosaico que inclui detalhes da Giralda e da Pra\u00e7a de Espanha, rodeados de tons de vermelho, amarelo e azul. O lema &#8220;SEVILLA&#8221; est\u00e1 estampado de forma chamativa, o que acrescenta um toque festivo ao design. Um acess\u00f3rio ideal para dar um ar andaluz a qualquer mesa.<\/p>\n","protected":false},"featured_media":9942,"template":"","meta":{"_acf_changed":false},"product_brand":[],"product_cat":[830],"product_tag":[515],"class_list":{"0":"post-37106","1":"product","2":"type-product","3":"status-publish","4":"has-post-thumbnail","6":"product_cat-bases-para-pratos","7":"product_tag-ceramica","8":"pa_ciudad-sevilla","9":"pa_pais-espana","11":"first","12":"instock","13":"shipping-taxable","14":"product-type-simple"},"acf":[],"_links":{"self":[{"href":"https:\/\/olemosaic.orbitalia.org\/pt-pt\/wp-json\/wp\/v2\/product\/37106","targetHints":{"allow":["GET"]}}],"collection":[{"href":"https:\/\/olemosaic.orbitalia.org\/pt-pt\/wp-json\/wp\/v2\/product"}],"about":[{"href":"https:\/\/olemosaic.orbitalia.org\/pt-pt\/wp-json\/wp\/v2\/types\/product"}],"wp:featuredmedia":[{"embeddable":true,"href":"https:\/\/olemosaic.orbitalia.org\/pt-pt\/wp-json\/wp\/v2\/media\/9942"}],"wp:attachment":[{"href":"https:\/\/olemosaic.orbitalia.org\/pt-pt\/wp-json\/wp\/v2\/media?parent=37106"}],"wp:term":[{"taxonomy":"product_brand","embeddable":true,"href":"https:\/\/olemosaic.orbitalia.org\/pt-pt\/wp-json\/wp\/v2\/product_brand?post=37106"},{"taxonomy":"product_cat","embeddable":true,"href":"https:\/\/olemosaic.orbitalia.org\/pt-pt\/wp-json\/wp\/v2\/product_cat?post=37106"},{"taxonomy":"product_tag","embeddable":true,"href":"https:\/\/olemosaic.orbitalia.org\/pt-pt\/wp-json\/wp\/v2\/product_tag?post=37106"}],"curies":[{"name":"wp","href":"https:\/\/api.w.org\/{rel}","templated":true}]}}