{"id":37104,"date":"2025-02-20T22:36:52","date_gmt":"2025-02-20T22:36:52","guid":{"rendered":"https:\/\/olemosaic.orbitalia.org\/producto\/funda-de-telefono-para-iphone-14-tpu-mariposa-mallorca-blanco\/"},"modified":"2025-07-25T18:53:16","modified_gmt":"2025-07-25T16:53:16","slug":"capa-de-telemovel-para-iphone-14-tpu-borboleta-maiorca-branco","status":"publish","type":"product","link":"https:\/\/olemosaic.orbitalia.org\/pt-pt\/produto\/capa-de-telemovel-para-iphone-14-tpu-borboleta-maiorca-branco\/","title":{"rendered":"Capa de telem\u00f3vel para iPhone 14 (TPU). Borboleta. Maiorca. Branco"},"content":{"rendered":"<p>Apresentamos uma capa para iPhone 14, adornada com um bel\u00edssimo design de borboletas coloridas que evoca a ess\u00eancia de Maiorca. Fabricada em TPU, este produto une funcionalidade e est\u00e9tica de forma excecional. O fundo branco real\u00e7a um vibrante mosaico em tons de vermelho e azul, criando um contraste atraente que chama a aten\u00e7\u00e3o. Diversas borboletas, em cores vibrantes como laranja, azul e rosa, salpicam a superf\u00edcie, tornando esta capa um acess\u00f3rio \u00fanico que reflete a beleza natural da ilha.<\/p>\n<p>A decora\u00e7\u00e3o art\u00edstica da capa n\u00e3o s\u00f3 protege o seu dispositivo, como tamb\u00e9m atua como um elegante elemento decorativo que evoca o calor e o encanto do Mediterr\u00e2neo. Este design \u00e9 uma homenagem \u00e0 fauna local e \u00e0 rica tradi\u00e7\u00e3o art\u00edstica de Maiorca, onde a arte do mosaico \u00e9 muito apreciada. A capa transforma cada telem\u00f3vel numa pe\u00e7a \u00fanica, ideal para quem procura souvenirs representativos desta regi\u00e3o paradis\u00edaca.<\/p>\n<p>Na Ol\u00e9 Mosaic, especializamo-nos na distribui\u00e7\u00e3o de souvenirs por grosso, oferecendo produtos aut\u00eanticos que valorizam a cultura espanhola. Esta capa de borboletas \u00e9 uma excelente op\u00e7\u00e3o para lojas de presentes tur\u00edsticos que desejem oferecer artigos de qualidade e com significado cultural. Como grossistas de capas, garantimos autenticidade e design em cada pe\u00e7a, tornando este produto uma recorda\u00e7\u00e3o ideal para os visitantes de Maiorca.<\/p>\n","protected":false},"excerpt":{"rendered":"<p>Apresentamos uma capa para iPhone 14 fabricada em TPU, decorada com borboletas coloridas que evocam a beleza de Maiorca. O design destaca-se pelo seu fundo branco com um motivo de mosaico brilhante em tons de vermelho e azul, e borboletas de cores vibrantes como o laranja, o azul e o rosa, conferindo um toque art\u00edstico e alegre. Esta capa n\u00e3o s\u00f3 protege o seu dispositivo, como tamb\u00e9m \u00e9 um atraente elemento decorativo que reflete o encanto mediterr\u00e2nico.<\/p>\n","protected":false},"featured_media":12956,"template":"","meta":{"_acf_changed":false},"product_brand":[],"product_cat":[685],"product_tag":[516],"class_list":{"0":"post-37104","1":"product","2":"type-product","3":"status-publish","4":"has-post-thumbnail","6":"product_cat-capas-para-telemoveis","7":"product_tag-animais","8":"pa_ciudad-mallorca","9":"pa_motivo-borboletas","10":"pa_pais-espana","12":"first","13":"instock","14":"shipping-taxable","15":"product-type-simple"},"acf":[],"_links":{"self":[{"href":"https:\/\/olemosaic.orbitalia.org\/pt-pt\/wp-json\/wp\/v2\/product\/37104","targetHints":{"allow":["GET"]}}],"collection":[{"href":"https:\/\/olemosaic.orbitalia.org\/pt-pt\/wp-json\/wp\/v2\/product"}],"about":[{"href":"https:\/\/olemosaic.orbitalia.org\/pt-pt\/wp-json\/wp\/v2\/types\/product"}],"wp:featuredmedia":[{"embeddable":true,"href":"https:\/\/olemosaic.orbitalia.org\/pt-pt\/wp-json\/wp\/v2\/media\/12956"}],"wp:attachment":[{"href":"https:\/\/olemosaic.orbitalia.org\/pt-pt\/wp-json\/wp\/v2\/media?parent=37104"}],"wp:term":[{"taxonomy":"product_brand","embeddable":true,"href":"https:\/\/olemosaic.orbitalia.org\/pt-pt\/wp-json\/wp\/v2\/product_brand?post=37104"},{"taxonomy":"product_cat","embeddable":true,"href":"https:\/\/olemosaic.orbitalia.org\/pt-pt\/wp-json\/wp\/v2\/product_cat?post=37104"},{"taxonomy":"product_tag","embeddable":true,"href":"https:\/\/olemosaic.orbitalia.org\/pt-pt\/wp-json\/wp\/v2\/product_tag?post=37104"}],"curies":[{"name":"wp","href":"https:\/\/api.w.org\/{rel}","templated":true}]}}