{"id":37103,"date":"2025-02-20T22:36:52","date_gmt":"2025-02-20T22:36:52","guid":{"rendered":"https:\/\/olemosaic.orbitalia.org\/producto\/vaso-de-chupito-de-vidrio-toro\/"},"modified":"2025-07-25T19:03:21","modified_gmt":"2025-07-25T17:03:21","slug":"copo-de-shot-de-vidro-touro","status":"publish","type":"product","link":"https:\/\/olemosaic.orbitalia.org\/pt-pt\/produto\/copo-de-shot-de-vidro-touro\/","title":{"rendered":"Copo de shot de vidro. Touro."},"content":{"rendered":"<p>Apresentamos um vibrante copo de shot de vidro que encapsula a ess\u00eancia da cultura espanhola atrav\u00e9s das suas intrincadas ilustra\u00e7\u00f5es de touros, s\u00edmbolos ic\u00f3nicos do patrim\u00f3nio do pa\u00eds. Este atraente copo apresenta tr\u00eas designs distintos, cada um com um acabamento brilhante que real\u00e7a o seu colorido mosaico em tons de vermelho, verde e azul. A parte superior do copo \u00e9 adornada com flores delicadas, criando um contraste encantador com a ilustra\u00e7\u00e3o central dos touros, que representam a for\u00e7a e a tradi\u00e7\u00e3o na cultura espanhola. A palavra &#8220;ESPA\u00d1A&#8221; est\u00e1 elegantemente estampada, acrescentando um toque de autenticidade que o torna uma recorda\u00e7\u00e3o ideal para os visitantes que desejam levar consigo um peda\u00e7o da rica hist\u00f3ria do pa\u00eds.<\/p>\n<p>Este copo de shot n\u00e3o \u00e9 apenas uma pe\u00e7a decorativa, mas tamb\u00e9m um acess\u00f3rio \u00fatil para qualquer reuni\u00e3o, capturando a alegria e a festividade de Espanha em cada utiliza\u00e7\u00e3o. O seu design vibrante torna-o perfeito para celebra\u00e7\u00f5es, jantares com amigos ou simplesmente como elemento decorativo no lar. Na Ol\u00e9 Mosaic, oferecemos este aut\u00eantico souvenir de Espanha por grosso, ideal para lojas de presentes tur\u00edsticos que procuram artigos que representem a ess\u00eancia da cultura local. Com a sua fiel liga\u00e7\u00e3o \u00e0s tradi\u00e7\u00f5es espanholas, este copo de shot n\u00e3o \u00e9 apenas um objeto, mas uma experi\u00eancia cultural, o que o torna um excelente presente para turistas em busca de recorda\u00e7\u00f5es aut\u00eanticas.<\/p>\n","protected":false},"excerpt":{"rendered":"<p>Copo de shot de vidro adornado com vibrantes ilustra\u00e7\u00f5es de touros, s\u00edmbolos ic\u00f3nicos da cultura espanhola. Este copo colorido apresenta tr\u00eas designs diferentes com um acabamento brilhante, motivos de mosaico em tons de vermelho, verde e azul, complementados por flores delicadas na parte superior e a palavra &#8220;ESPA\u00d1A&#8221; estampada. Perfeito para uso dom\u00e9stico e para evocar as tradi\u00e7\u00f5es e festividades de Espanha.<\/p>\n","protected":false},"featured_media":7500,"template":"","meta":{"_acf_changed":false},"product_brand":[],"product_cat":[815],"product_tag":[516],"class_list":{"0":"post-37103","1":"product","2":"type-product","3":"status-publish","4":"has-post-thumbnail","6":"product_cat-copos-de-shot","7":"product_tag-animais","8":"pa_motivo-touros","10":"first","11":"instock","12":"shipping-taxable","13":"product-type-simple"},"acf":[],"_links":{"self":[{"href":"https:\/\/olemosaic.orbitalia.org\/pt-pt\/wp-json\/wp\/v2\/product\/37103","targetHints":{"allow":["GET"]}}],"collection":[{"href":"https:\/\/olemosaic.orbitalia.org\/pt-pt\/wp-json\/wp\/v2\/product"}],"about":[{"href":"https:\/\/olemosaic.orbitalia.org\/pt-pt\/wp-json\/wp\/v2\/types\/product"}],"wp:featuredmedia":[{"embeddable":true,"href":"https:\/\/olemosaic.orbitalia.org\/pt-pt\/wp-json\/wp\/v2\/media\/7500"}],"wp:attachment":[{"href":"https:\/\/olemosaic.orbitalia.org\/pt-pt\/wp-json\/wp\/v2\/media?parent=37103"}],"wp:term":[{"taxonomy":"product_brand","embeddable":true,"href":"https:\/\/olemosaic.orbitalia.org\/pt-pt\/wp-json\/wp\/v2\/product_brand?post=37103"},{"taxonomy":"product_cat","embeddable":true,"href":"https:\/\/olemosaic.orbitalia.org\/pt-pt\/wp-json\/wp\/v2\/product_cat?post=37103"},{"taxonomy":"product_tag","embeddable":true,"href":"https:\/\/olemosaic.orbitalia.org\/pt-pt\/wp-json\/wp\/v2\/product_tag?post=37103"}],"curies":[{"name":"wp","href":"https:\/\/api.w.org\/{rel}","templated":true}]}}