{"id":37102,"date":"2025-02-20T23:36:52","date_gmt":"2025-02-20T22:36:52","guid":{"rendered":"https:\/\/olemosaic.orbitalia.org\/producto\/llavero-de-madera-letra-k-2\/"},"modified":"2025-07-25T18:54:13","modified_gmt":"2025-07-25T16:54:13","slug":"porta-chaves-de-madeira-letra-k-2","status":"publish","type":"product","link":"https:\/\/olemosaic.orbitalia.org\/pt-pt\/produto\/porta-chaves-de-madeira-letra-k-2\/","title":{"rendered":"Porta-chaves de madeira. Letra K. Preto."},"content":{"rendered":"<p>Apresentamos-lhe um porta-chaves de madeira com a letra &#8220;K&#8221;, uma pe\u00e7a emblem\u00e1tica que funde a funcionalidade com a vibrante arte da cer\u00e2mica espanhola. Este atraente porta-chaves destaca-se pelo seu design \u00fanico e colorido, adornado com motivos t\u00edpicos da cer\u00e2mica, evocando o famoso estilo de azulejaria que caracteriza muitas regi\u00f5es de Espanha, especialmente a Andaluzia e Lisboa. A sua vibrante paleta de vermelhos, azuis e amarelos cria um efeito visual cativante que, sem d\u00favida, chamar\u00e1 a aten\u00e7\u00e3o.<\/p>\n<p>A letra &#8220;K&#8221; \u00e9 contornada a preto, o que real\u00e7a a sua forma estilizada e art\u00edstica, tornando este porta-chaves um presente personalizado ideal ou um acess\u00f3rio distintivo para as suas chaves. Este souvenir n\u00e3o \u00e9 apenas \u00fatil, mas tamb\u00e9m uma encantadora recorda\u00e7\u00e3o da rica heran\u00e7a cultural que representa. O artesanato por tr\u00e1s deste produto reflete a tradi\u00e7\u00e3o da decora\u00e7\u00e3o cer\u00e2mica, que tem sido um s\u00edmbolo do patrim\u00f3nio espanhol ao longo dos s\u00e9culos.<\/p>\n<p>Ideal para turistas e viajantes, este porta-chaves \u00e9 uma excelente op\u00e7\u00e3o para quem procura souvenirs aut\u00eanticos que capturem a ess\u00eancia da sua visita. Na Ol\u00e9 Mosaic especializamo-nos na distribui\u00e7\u00e3o de souvenirs por grosso, e este porta-chaves de madeira \u00e9 uma op\u00e7\u00e3o perfeita para as lojas de presentes tur\u00edsticos que desejem oferecer uma pe\u00e7a de Espanha que combine design, utilidade e autenticidade.<\/p>\n","protected":false},"excerpt":{"rendered":"<p>Porta-chaves de madeira com a letra &#8220;K&#8221;, adornado com coloridos motivos de cer\u00e2mica t\u00edpica. Este elegante porta-chaves apresenta um design vibrante em tons de vermelho, azul e amarelo, que evocam o famoso estilo de azulejaria espanhol. A letra &#8220;K&#8221; \u00e9 contornada a preto, real\u00e7ando a sua forma art\u00edstica. Ideal para personalizar as suas chaves ou como um presente \u00fanico que reflete o patrim\u00f3nio cultural. Um souvenir perfeito que combina funcionalidade e beleza.<\/p>\n","protected":false},"featured_media":9601,"template":"","meta":{"_acf_changed":false},"product_brand":[],"product_cat":[611],"product_tag":[612],"class_list":{"0":"post-37102","1":"product","2":"type-product","3":"status-publish","4":"has-post-thumbnail","6":"product_cat-porta-chaves","7":"product_tag-cartas","8":"pa_motivo-letra-k","10":"first","11":"instock","12":"shipping-taxable","13":"product-type-simple"},"acf":[],"_links":{"self":[{"href":"https:\/\/olemosaic.orbitalia.org\/pt-pt\/wp-json\/wp\/v2\/product\/37102","targetHints":{"allow":["GET"]}}],"collection":[{"href":"https:\/\/olemosaic.orbitalia.org\/pt-pt\/wp-json\/wp\/v2\/product"}],"about":[{"href":"https:\/\/olemosaic.orbitalia.org\/pt-pt\/wp-json\/wp\/v2\/types\/product"}],"wp:featuredmedia":[{"embeddable":true,"href":"https:\/\/olemosaic.orbitalia.org\/pt-pt\/wp-json\/wp\/v2\/media\/9601"}],"wp:attachment":[{"href":"https:\/\/olemosaic.orbitalia.org\/pt-pt\/wp-json\/wp\/v2\/media?parent=37102"}],"wp:term":[{"taxonomy":"product_brand","embeddable":true,"href":"https:\/\/olemosaic.orbitalia.org\/pt-pt\/wp-json\/wp\/v2\/product_brand?post=37102"},{"taxonomy":"product_cat","embeddable":true,"href":"https:\/\/olemosaic.orbitalia.org\/pt-pt\/wp-json\/wp\/v2\/product_cat?post=37102"},{"taxonomy":"product_tag","embeddable":true,"href":"https:\/\/olemosaic.orbitalia.org\/pt-pt\/wp-json\/wp\/v2\/product_tag?post=37102"}],"curies":[{"name":"wp","href":"https:\/\/api.w.org\/{rel}","templated":true}]}}