{"id":37100,"date":"2025-02-20T23:36:52","date_gmt":"2025-02-20T22:36:52","guid":{"rendered":"https:\/\/olemosaic.orbitalia.org\/producto\/4-bols-de-coco-de-13-x-6-cm-delfin-4\/"},"modified":"2025-07-25T20:09:46","modified_gmt":"2025-07-25T18:09:46","slug":"4-tacas-de-coco-de-13-x-6-cm-golfinho-4","status":"publish","type":"product","link":"https:\/\/olemosaic.orbitalia.org\/pt-pt\/produto\/4-tacas-de-coco-de-13-x-6-cm-golfinho-4\/","title":{"rendered":"4 Ta\u00e7as de coco de 13 x 6 cm. Acabamento brilhante. Golfinho."},"content":{"rendered":"<p>Apresentamos as nossas requintadas ta\u00e7as de coco decoradas com golfinhos, uma cole\u00e7\u00e3o impressionante que captura a ess\u00eancia do mar e a frescura de la vida marinha. Cada ta\u00e7a, com as medidas de 13 x 6 cm, \u00e9 meticulosamente elaborada a partir de material natural de coco, garantindo uma autenticidade e um toque org\u00e2nico que a tornam \u00fanica. O interior de cada ta\u00e7a apresenta um vibrante mosaico em tons azuis, rosas, amarelos e brancos, criando uma paleta de cores que recorda as \u00e1guas cristalinas e a beleza magn\u00e9tica da costa. No centro de cada pe\u00e7a, um elegante golfinho, s\u00edmbolo de amizade e liberdade, destaca-se com o seu acabamento brilhante, conferindo um ar de sofistica\u00e7\u00e3o e alegria.<\/p>\n<p>Estes pr\u00e1ticos acess\u00f3rios s\u00e3o ideais n\u00e3o s\u00f3 para servir aperitivos de forma estilizada, mas tamb\u00e9m como elementos decorativos que encher\u00e3o de vida qualquer casa, evocando a beleza do oceano. O seu design \u00fanico e atraente torna-os recorda\u00e7\u00f5es perfeitas para aqueles que procuram uma lembran\u00e7a aut\u00eantica da sua visita, celebrando a cultura costeira e a liga\u00e7\u00e3o com a natureza. Na Ol\u00e9 Mosaic, orgulhamo-nos de ser distribuidores de recorda\u00e7\u00f5es por grosso, oferecendo produtos artesanais que se destacam pela sua qualidade e relev\u00e2ncia cultural. As ta\u00e7as de coco s\u00e3o uma escolha ideal para lojas de presentes tur\u00edsticos que desejam oferecer recorda\u00e7\u00f5es que realcem a riqueza do patrim\u00f3nio mar\u00edtimo.<\/p>\n","protected":false},"excerpt":{"rendered":"<p>Ta\u00e7as de coco de 13 x 6 cm decoradas com golfinhos, ideais para dar um toque marinho a qualquer casa. Cada ta\u00e7a apresenta um design \u00fanico com um acabamento brilhante, adornada no seu interior com mosaicos em tons azuis, rosas, amarelos e brancos, e um elegante golfinho no centro. Elaboradas com material natural, estes pr\u00e1ticos acess\u00f3rios s\u00e3o perfeitos para servir aperitivos ou como elemento decorativo, evocando a beleza do oceano e da vida marinha.<\/p>\n","protected":false},"featured_media":13831,"template":"","meta":{"_acf_changed":false},"product_brand":[],"product_cat":[513],"product_tag":[516],"class_list":{"0":"post-37100","1":"product","2":"type-product","3":"status-publish","4":"has-post-thumbnail","6":"product_cat-bols","7":"product_tag-animais","8":"pa_motivo-golfinhos","10":"first","11":"instock","12":"shipping-taxable","13":"product-type-simple"},"acf":[],"_links":{"self":[{"href":"https:\/\/olemosaic.orbitalia.org\/pt-pt\/wp-json\/wp\/v2\/product\/37100","targetHints":{"allow":["GET"]}}],"collection":[{"href":"https:\/\/olemosaic.orbitalia.org\/pt-pt\/wp-json\/wp\/v2\/product"}],"about":[{"href":"https:\/\/olemosaic.orbitalia.org\/pt-pt\/wp-json\/wp\/v2\/types\/product"}],"wp:featuredmedia":[{"embeddable":true,"href":"https:\/\/olemosaic.orbitalia.org\/pt-pt\/wp-json\/wp\/v2\/media\/13831"}],"wp:attachment":[{"href":"https:\/\/olemosaic.orbitalia.org\/pt-pt\/wp-json\/wp\/v2\/media?parent=37100"}],"wp:term":[{"taxonomy":"product_brand","embeddable":true,"href":"https:\/\/olemosaic.orbitalia.org\/pt-pt\/wp-json\/wp\/v2\/product_brand?post=37100"},{"taxonomy":"product_cat","embeddable":true,"href":"https:\/\/olemosaic.orbitalia.org\/pt-pt\/wp-json\/wp\/v2\/product_cat?post=37100"},{"taxonomy":"product_tag","embeddable":true,"href":"https:\/\/olemosaic.orbitalia.org\/pt-pt\/wp-json\/wp\/v2\/product_tag?post=37100"}],"curies":[{"name":"wp","href":"https:\/\/api.w.org\/{rel}","templated":true}]}}