{"id":37099,"date":"2025-02-20T23:36:51","date_gmt":"2025-02-20T22:36:51","guid":{"rendered":"https:\/\/olemosaic.orbitalia.org\/producto\/posavasos-de-ceramica-toros-2\/"},"modified":"2025-07-25T18:48:47","modified_gmt":"2025-07-25T16:48:47","slug":"base-de-copos-de-ceramica-touros-2","status":"publish","type":"product","link":"https:\/\/olemosaic.orbitalia.org\/pt-pt\/produto\/base-de-copos-de-ceramica-touros-2\/","title":{"rendered":"Base de copos de cer\u00e2mica. Touros. Azul, vermelho e amarelo."},"content":{"rendered":"<p>Apresentamos a nossa base de copos de cer\u00e2mica, decorada com a emblem\u00e1tica figura do touro, uma recorda\u00e7\u00e3o que encerra a ess\u00eancia vibrante de Espanha. Esta base de copos apresenta um design cativante em cores vivas como o azul, o vermelho e o amarelo, oferecendo uma representa\u00e7\u00e3o art\u00edstica do touro, um s\u00edmbolo ic\u00f3nico da cultura espanhola. A t\u00e9cnica de mosaico utilizada confere-lhe uma textura \u00fanica e atraente, tornando-a uma pe\u00e7a de conversa ideal para qualquer mesa.<\/p>\n<p>A base de copos n\u00e3o \u00e9 apenas funcional, mas \u00e9 tamb\u00e9m uma express\u00e3o de arte folcl\u00f3rica, adornada com um sol estilizado que resplandece no fundo e adiciona um toque de energia. Os detalhes florais que rodeiam o touro conferem frescura e vida, fazendo com que cada pe\u00e7a seja visualmente impactante. Este design atraente n\u00e3o s\u00f3 celebra a tradi\u00e7\u00e3o da tauromaquia, uma pr\u00e1tica cultural profundamente enraizada em Espanha, como tamb\u00e9m reflete o calor e a alegria do seu povo.<\/p>\n<p>Na Ol\u00e9 Mosaic, dedicamo-nos \u00e0 distribui\u00e7\u00e3o de recorda\u00e7\u00f5es por grosso, e esta base de copos de cer\u00e2mica \u00e9 uma excelente op\u00e7\u00e3o para lojas de presentes tur\u00edsticos que procuram um produto aut\u00eantico e representativo. Como grossistas de recorda\u00e7\u00f5es, garantimos a qualidade e originalidade em cada artigo, oferecendo aos turistas a oportunidade perfeita de levar uma recorda\u00e7\u00e3o significativa da sua viagem por Espanha.<\/p>\n","protected":false},"excerpt":{"rendered":"<p>Bases de copos de cer\u00e2mica decoradas com a emblem\u00e1tica figura do touro, um motivo cultural caracter\u00edstico de Espanha. Estas bases de copos apresentam um design vibrante com cores vivas como o azul, o vermelho e o amarelo, real\u00e7adas por um sol estilizado no fundo. A t\u00e9cnica do mosaico confere-lhes uma textura \u00fanica, e os detalhes florais adicionam um toque de frescura. S\u00e3o ideais para dar um toque espanhol \u00e0 sua mesa.<\/p>\n","protected":false},"featured_media":8552,"template":"","meta":{"_acf_changed":false},"product_brand":[],"product_cat":[818],"product_tag":[516,515],"class_list":{"0":"post-37099","1":"product","2":"type-product","3":"status-publish","4":"has-post-thumbnail","6":"product_cat-bases-de-copos","7":"product_tag-animais","8":"product_tag-ceramica","9":"pa_motivo-touros","11":"first","12":"instock","13":"shipping-taxable","14":"product-type-simple"},"acf":[],"_links":{"self":[{"href":"https:\/\/olemosaic.orbitalia.org\/pt-pt\/wp-json\/wp\/v2\/product\/37099","targetHints":{"allow":["GET"]}}],"collection":[{"href":"https:\/\/olemosaic.orbitalia.org\/pt-pt\/wp-json\/wp\/v2\/product"}],"about":[{"href":"https:\/\/olemosaic.orbitalia.org\/pt-pt\/wp-json\/wp\/v2\/types\/product"}],"wp:featuredmedia":[{"embeddable":true,"href":"https:\/\/olemosaic.orbitalia.org\/pt-pt\/wp-json\/wp\/v2\/media\/8552"}],"wp:attachment":[{"href":"https:\/\/olemosaic.orbitalia.org\/pt-pt\/wp-json\/wp\/v2\/media?parent=37099"}],"wp:term":[{"taxonomy":"product_brand","embeddable":true,"href":"https:\/\/olemosaic.orbitalia.org\/pt-pt\/wp-json\/wp\/v2\/product_brand?post=37099"},{"taxonomy":"product_cat","embeddable":true,"href":"https:\/\/olemosaic.orbitalia.org\/pt-pt\/wp-json\/wp\/v2\/product_cat?post=37099"},{"taxonomy":"product_tag","embeddable":true,"href":"https:\/\/olemosaic.orbitalia.org\/pt-pt\/wp-json\/wp\/v2\/product_tag?post=37099"}],"curies":[{"name":"wp","href":"https:\/\/api.w.org\/{rel}","templated":true}]}}