{"id":37095,"date":"2025-02-20T22:36:51","date_gmt":"2025-02-20T22:36:51","guid":{"rendered":"https:\/\/olemosaic.orbitalia.org\/producto\/libreta-de-80-hojas-panoramica\/"},"modified":"2025-07-25T18:41:59","modified_gmt":"2025-07-25T16:41:59","slug":"caderno-de-80-folhas-panoramico","status":"publish","type":"product","link":"https:\/\/olemosaic.orbitalia.org\/pt-pt\/produto\/caderno-de-80-folhas-panoramico\/","title":{"rendered":"Caderno de 80 folhas. Panor\u00e2mico."},"content":{"rendered":"<p>Apresentamos o nosso caderno de 80 folhas, uma colorida e vibrante homenagem \u00e0 rica cultura espanhola. A capa deste caderno \u00e9 uma obra de arte em si mesma, com uma panor\u00e2mica festiva que inclui um cavaleiro montado num elegante cavalo, um ic\u00f3nico touro espanhol e uma guitarra, tudo isto com um estilo art\u00edstico que evoca a ess\u00eancia do folclore e da tradi\u00e7\u00e3o de Espanha. O seu design din\u00e2mico, com um fundo azul que representa o c\u00e9u e tonalidades verdes que simbolizam os campos, torna-o n\u00e3o s\u00f3 um acess\u00f3rio pr\u00e1tico, mas tamb\u00e9m uma pe\u00e7a decorativa que chama a aten\u00e7\u00e3o. O fecho el\u00e1stico vermelho adiciona um toque de contraste e seguran\u00e7a, tornando-o o companheiro ideal para levar os seus pensamentos e reflex\u00f5es enquanto explora a beleza de Espanha. Este souvenir representa a autenticidade do folclore espanhol e \u00e9, al\u00e9m disso, uma excelente recorda\u00e7\u00e3o para quem procura ligar-se \u00e0 cultura local. Na Ol\u00e9 Mosaic, orgulhamo-nos de oferecer produtos que refletem a diversidade e riqueza cultural de Espanha, o que torna este caderno um souvenir perfeito para turistas e um ativo atraente para lojas de presentes tur\u00edsticos. Como grossistas de souvenirs, garantimos qualidade e originalidade em cada um dos nossos produtos, assegurando que captura um peda\u00e7o de Espanha em cada p\u00e1gina que preencher.<\/p>\n","protected":false},"excerpt":{"rendered":"<p>Caderno de 80 folhas com uma vibrante panor\u00e2mica que celebra a cultura espanhola. A sua capa mostra um design colorido com um cavaleiro a cavalo, um touro ic\u00f3nico e uma guitarra, tudo num estilo art\u00edstico que evoca a tradi\u00e7\u00e3o e o folclore de Espanha. Com um fecho el\u00e1stico vermelho, este caderno \u00e9 pr\u00e1tico e decorativo, perfeito para registar os seus pensamentos enquanto desfruta da ess\u00eancia espanhola.<\/p>\n","protected":false},"featured_media":11636,"template":"","meta":{"_acf_changed":false},"product_brand":[],"product_cat":[808],"product_tag":[],"class_list":{"0":"post-37095","1":"product","2":"type-product","3":"status-publish","4":"has-post-thumbnail","6":"product_cat-cadernos","7":"pa_motivo-panoramas","9":"first","10":"instock","11":"shipping-taxable","12":"product-type-simple"},"acf":[],"_links":{"self":[{"href":"https:\/\/olemosaic.orbitalia.org\/pt-pt\/wp-json\/wp\/v2\/product\/37095","targetHints":{"allow":["GET"]}}],"collection":[{"href":"https:\/\/olemosaic.orbitalia.org\/pt-pt\/wp-json\/wp\/v2\/product"}],"about":[{"href":"https:\/\/olemosaic.orbitalia.org\/pt-pt\/wp-json\/wp\/v2\/types\/product"}],"wp:featuredmedia":[{"embeddable":true,"href":"https:\/\/olemosaic.orbitalia.org\/pt-pt\/wp-json\/wp\/v2\/media\/11636"}],"wp:attachment":[{"href":"https:\/\/olemosaic.orbitalia.org\/pt-pt\/wp-json\/wp\/v2\/media?parent=37095"}],"wp:term":[{"taxonomy":"product_brand","embeddable":true,"href":"https:\/\/olemosaic.orbitalia.org\/pt-pt\/wp-json\/wp\/v2\/product_brand?post=37095"},{"taxonomy":"product_cat","embeddable":true,"href":"https:\/\/olemosaic.orbitalia.org\/pt-pt\/wp-json\/wp\/v2\/product_cat?post=37095"},{"taxonomy":"product_tag","embeddable":true,"href":"https:\/\/olemosaic.orbitalia.org\/pt-pt\/wp-json\/wp\/v2\/product_tag?post=37095"}],"curies":[{"name":"wp","href":"https:\/\/api.w.org\/{rel}","templated":true}]}}